{"id":1668,"date":"2022-04-20T10:27:32","date_gmt":"2022-04-20T08:27:32","guid":{"rendered":"http:\/\/bashkiamirdite.gov.al\/?page_id=1668"},"modified":"2024-02-05T13:44:30","modified_gmt":"2024-02-05T12:44:30","slug":"transparenca-prove","status":"publish","type":"page","link":"https:\/\/bashkiamirdite.gov.al\/?page_id=1668","title":{"rendered":"Programi i Transparenc\u00ebs"},"content":{"rendered":"\t\t<div data-elementor-type=\"wp-page\" data-elementor-id=\"1668\" class=\"elementor elementor-1668\">\n\t\t\t\t\t\t\t\t\t<section class=\"elementor-section elementor-top-section elementor-element elementor-element-16aa9efe elementor-section-boxed elementor-section-height-default elementor-section-height-default\" data-id=\"16aa9efe\" data-element_type=\"section\" data-settings=\"{&quot;_ha_eqh_enable&quot;:false}\">\n\t\t\t\t\t\t<div class=\"elementor-container elementor-column-gap-default\">\n\t\t\t\t\t<div class=\"elementor-column elementor-col-100 elementor-top-column elementor-element elementor-element-40dbb21e\" data-id=\"40dbb21e\" data-element_type=\"column\">\n\t\t\t<div class=\"elementor-widget-wrap elementor-element-populated\">\n\t\t\t\t\t\t\t\t<div class=\"elementor-element elementor-element-56606e91 elementor-widget elementor-widget-text-editor\" data-id=\"56606e91\" data-element_type=\"widget\" data-widget_type=\"text-editor.default\">\n\t\t\t\t<div class=\"elementor-widget-container\">\n\t\t\t<style>\/*! elementor - v3.6.5 - 29-05-2022 *\/\n.elementor-widget-text-editor.elementor-drop-cap-view-stacked .elementor-drop-cap{background-color:#818a91;color:#fff}.elementor-widget-text-editor.elementor-drop-cap-view-framed .elementor-drop-cap{color:#818a91;border:3px solid;background-color:transparent}.elementor-widget-text-editor:not(.elementor-drop-cap-view-default) .elementor-drop-cap{margin-top:8px}.elementor-widget-text-editor:not(.elementor-drop-cap-view-default) .elementor-drop-cap-letter{width:1em;height:1em}.elementor-widget-text-editor .elementor-drop-cap{float:left;text-align:center;line-height:1;font-size:50px}.elementor-widget-text-editor .elementor-drop-cap-letter{display:inline-block}<\/style>\t\t\t\t<p><!-- wp:paragraph --><!-- \/wp:paragraph --><!-- wp:spacer {\"height\":45} --><\/p>\n<div class=\"wp-block-spacer\" style=\"height: 45px;\" aria-hidden=\"true\">\u00a0<\/div>\n<p><!-- \/wp:spacer --><!-- wp:buttons {\"layout\":{\"type\":\"flex\"}} --><\/p>\n<div class=\"wp-block-buttons\">\n<p><!-- wp:button {\"backgroundColor\":\"vivid-red\"} --><\/p>\n<div class=\"wp-block-button\"><a class=\"wp-block-button__link has-vivid-red-background-color has-background\" href=\"https:\/\/bashkiamirdite.gov.al\/?page_id=1676\">ORGANIZIMI DHE FUNKSIONIMI I BASHKIS\u00cb<\/a><\/div>\n<\/div>\n<div class=\"wp-block-buttons\">\u00a0<\/div>\n<p><!-- \/wp:spacer --><!-- wp:buttons --><\/p>\n<div class=\"wp-block-buttons\">\n<p><!-- wp:button {\"backgroundColor\":\"vivid-red\"} --><\/p>\n<div class=\"wp-block-button\"><a class=\"wp-block-button__link has-vivid-red-background-color has-background\" href=\"https:\/\/bashkiamirdite.gov.al\/?page_id=1690\">TRANSPARENCA EKONOMIKO &#8211; FINANCIARE<\/a><\/div>\n<div>\u00a0<\/div>\n<\/div>\n<p><!-- \/wp:spacer --><!-- wp:buttons --><\/p>\n<div class=\"wp-block-buttons\">\n<p><!-- wp:button {\"backgroundColor\":\"vivid-red\"} --><\/p>\n<div class=\"wp-block-button\"><a class=\"wp-block-button__link has-vivid-red-background-color has-background\" href=\"https:\/\/bashkiamirdite.gov.al\/?page_id=1685\">K\u00cbRKES\u00cb P\u00cbR INFORMACION BASHKIA MIRDIT\u00cb<\/a><\/div>\n<div>\u00a0<\/div>\n<\/div>\n<p><!-- \/wp:spacer --><!-- wp:buttons --><\/p>\n<div class=\"wp-block-buttons\">\n<p><!-- wp:button {\"backgroundColor\":\"vivid-red\"} --><\/p>\n<div class=\"wp-block-button\"><a class=\"wp-block-button__link has-vivid-red-background-color has-background\" href=\"https:\/\/bashkiamirdite.gov.al\/?page_id=1717\">SH\u00cbRBIMET Q\u00cb OFRON BASHKIA MIRDIT\u00cb<\/a><\/div>\n<div>\u00a0<\/div>\n<\/div>\n<p><!-- \/wp:spacer --><!-- wp:buttons --><\/p>\n<div class=\"wp-block-buttons\">\n<p><!-- wp:button {\"backgroundColor\":\"vivid-red\"} --><\/p>\n<div class=\"wp-block-button\"><a class=\"wp-block-button__link has-vivid-red-background-color has-background\" href=\"https:\/\/bashkiamirdite.gov.al\/?page_id=1723\">LEGJISLACIONI DHE AKTET E BRENDSHME<\/a><\/div>\n<div>\u00a0<\/div>\n<\/div>\n<p><!-- \/wp:spacer --><!-- wp:buttons --><\/p>\n<div class=\"wp-block-buttons\">\n<p><!-- wp:button {\"backgroundColor\":\"vivid-red\"} --><\/p>\n<div class=\"wp-block-button\"><a class=\"wp-block-button__link has-vivid-red-background-color has-background\" href=\"https:\/\/bashkiamirdite.gov.al\/?page_id=1726\">PJES\u00cbMARRJA N\u00cb VENDIMARRJE QYTETAR\u00cbVE<\/a><\/div>\n<div style=\"text-align: center;\">\u00a0<\/div>\n<\/div>\n<p><!-- \/wp:spacer --><!-- wp:buttons --><\/p>\n<div class=\"wp-block-buttons\">\n<p><!-- wp:button {\"backgroundColor\":\"vivid-red\",\"className\":\"is-style-fill\"} --><\/p>\n<div class=\"wp-block-button is-style-fill\"><a class=\"wp-block-button__link has-vivid-red-background-color has-background\" href=\"https:\/\/bashkiamirdite.gov.al\/?page_id=1729\">INFORMACIONE T\u00cb TJERA T\u00cb OFRUARA<\/a><\/div>\n<p><!-- \/wp:button --><\/p>\n<\/div>\n<p><!-- \/wp:buttons --><!-- wp:spacer {\"height\":60} --><\/p>\n<div class=\"wp-block-spacer\" style=\"height: 60px;\" aria-hidden=\"true\">\u00a0<\/div>\n<p><!-- \/wp:spacer --><\/p>\t\t\t\t\t\t<\/div>\n\t\t\t\t<\/div>\n\t\t\t\t\t<\/div>\n\t\t<\/div>\n\t\t\t\t\t\t\t<\/div>\n\t\t<\/section>\n\t\t\t\t\t\t\t<\/div>\n\t\t","protected":false},"excerpt":{"rendered":"\u00a0 ORGANIZIMI DHE FUNKSIONIMI I BASHKIS\u00cb \u00a0 TRANSPARENCA EKONOMIKO - FINANCIARE \u00a0 K\u00cbRKES\u00cb P\u00cbR INFORMACION BASHKIA MIRDIT\u00cb \u00a0 SH\u00cbRBIMET Q\u00cb OFRON BASHKIA MIRDIT\u00cb \u00a0 LEGJISLACIONI DHE AKTET E BRENDSHME \u00a0 PJES\u00cbMARRJA N\u00cb VENDIMARRJE QYTETAR\u00cbVE \u00a0 INFORMACIONE T\u00cb TJERA T\u00cb OFRUARA \u00a0","protected":false},"author":2,"featured_media":0,"parent":0,"menu_order":0,"comment_status":"closed","ping_status":"closed","template":"","meta":[],"_links":{"self":[{"href":"https:\/\/bashkiamirdite.gov.al\/index.php?rest_route=\/wp\/v2\/pages\/1668"}],"collection":[{"href":"https:\/\/bashkiamirdite.gov.al\/index.php?rest_route=\/wp\/v2\/pages"}],"about":[{"href":"https:\/\/bashkiamirdite.gov.al\/index.php?rest_route=\/wp\/v2\/types\/page"}],"author":[{"embeddable":true,"href":"https:\/\/bashkiamirdite.gov.al\/index.php?rest_route=\/wp\/v2\/users\/2"}],"replies":[{"embeddable":true,"href":"https:\/\/bashkiamirdite.gov.al\/index.php?rest_route=%2Fwp%2Fv2%2Fcomments&post=1668"}],"version-history":[{"count":32,"href":"https:\/\/bashkiamirdite.gov.al\/index.php?rest_route=\/wp\/v2\/pages\/1668\/revisions"}],"predecessor-version":[{"id":5134,"href":"https:\/\/bashkiamirdite.gov.al\/index.php?rest_route=\/wp\/v2\/pages\/1668\/revisions\/5134"}],"wp:attachment":[{"href":"https:\/\/bashkiamirdite.gov.al\/index.php?rest_route=%2Fwp%2Fv2%2Fmedia&parent=1668"}],"curies":[{"name":"wp","href":"https:\/\/api.w.org\/{rel}","templated":true}]}}