{"id":1717,"date":"2022-04-21T10:03:58","date_gmt":"2022-04-21T08:03:58","guid":{"rendered":"http:\/\/bashkiamirdite.gov.al\/?page_id=1717"},"modified":"2026-02-03T11:03:42","modified_gmt":"2026-02-03T10:03:42","slug":"sherbimet-qe-ofon-bashkia","status":"publish","type":"page","link":"https:\/\/bashkiamirdite.gov.al\/?page_id=1717","title":{"rendered":"Sh\u00ebrbimet q\u00eb ofron Bashkia"},"content":{"rendered":"\r\n<p>&nbsp;<\/p>\r\n\r\n<p>&nbsp;<\/p>\r\n<p><strong>1.\u00a0 \u00a0Sh\u00ebrbimet<\/strong><\/p>\r\n<ul>\r\n<li><a href=\"https:\/\/bashkiamirdite.gov.al\/wp-content\/uploads\/2022\/05\/Sherbime-ne-fushen-e-infrastruktures-dhe-sherbimeve-publike.pdf\">Sh\u00ebrbime n\u00eb fush\u00ebn e infrastruktur\u00ebs dhe sh\u00ebrbimeve publike<\/a><\/li>\r\n<li><a href=\"https:\/\/bashkiamirdite.gov.al\/wp-content\/uploads\/2022\/05\/Sherbime-ne-fushen-e-sherbimeve-sociale.pdf\">Sh\u00ebrbime n\u00eb fush\u00ebn e sh\u00ebrbimeve sociale<\/a><\/li>\r\n<li><a href=\"https:\/\/bashkiamirdite.gov.al\/wp-content\/uploads\/2022\/05\/Sherbime-ne-fushen-e-sportit.pdf\">Sh\u00ebrbime n\u00eb fush\u00ebn e sportit, kultur\u00ebs dhe arg\u00ebtimit<\/a><\/li>\r\n<li><a href=\"https:\/\/bashkiamirdite.gov.al\/wp-content\/uploads\/2022\/05\/Sherbime-ne-fushen-e-mbrojtjes-se-mjedisit.pdf\">Sh\u00ebrbime n\u00eb fush\u00ebn e mbrojtjes s\u00eb mjedisit<\/a><\/li>\r\n<li><a href=\"https:\/\/bashkiamirdite.gov.al\/wp-content\/uploads\/2022\/05\/Sherbime-ne-fushen-e-bujqesise-1.pdf\">Sh\u00ebrbime n\u00eb fush\u00ebn e bujq\u00ebsis\u00eb ,zhvillimit rural ,pyjeve dhe kullotave publike ,natyr\u00ebs dhe biodiversitetit<\/a><\/li>\r\n<li><a href=\"https:\/\/bashkiamirdite.gov.al\/wp-content\/uploads\/2022\/05\/Sherbime-ne-fushen-e-zhvillimit-ekonomiko-vendor.pdf\">Sh\u00ebrbime n\u00eb fush\u00ebn e zhvillimit ekonomiko vendor<\/a><\/li>\r\n<li><a href=\"https:\/\/bashkiamirdite.gov.al\/wp-content\/uploads\/2022\/05\/Sherbime-ne-fushen-e-sigurise-publike.pdf\">Sh\u00ebrbime n\u00eb fush\u00ebn e siguris\u00eb publike<\/a><\/li>\r\n<li><a href=\"https:\/\/bashkiamirdite.gov.al\/wp-content\/uploads\/2022\/05\/Sherbime-ne-fushen-e-funksioneve-dhe-kompetencave-te-deleguara-2.pdf\">Sh\u00ebrbime n\u00eb fush\u00ebn e funksioneve dhe kompetencave t\u00eb deleguara<\/a><\/li>\r\n<li><a href=\"https:\/\/bashkiamirdite.gov.al\/wp-content\/uploads\/2022\/05\/Sherbimet-e-bashkise-ne-fushen-e-diaspores-dhe-te-migracionit.pdf\">Sh\u00ebrbime n\u00eb fush\u00ebn e diaspor\u00ebs dhe migracionit<\/a><\/li>\r\n<\/ul>\r\n<p><strong>2. Sh\u00ebrbimet Administrative<\/strong><\/p>\r\n<ul>\r\n<li><a href=\"https:\/\/bashkiamirdite.gov.al\/?page_id=7913\">Sh\u00ebrbime Administrative n\u00eb fush\u00ebn e Infrastruktur\u00ebs dhe sherbimeve publike<\/a><\/li>\r\n<li><a href=\"https:\/\/bashkiamirdite.gov.al\/wp-content\/uploads\/2022\/06\/Sherbime-ne-fushen-e-sherbimeve-sociale-1.pdf\">Sh\u00ebrbime Administrative n\u00eb fush\u00ebn e sh\u00ebrbimeve sociale<\/a><\/li>\r\n<li><a href=\"https:\/\/bashkiamirdite.gov.al\/wp-content\/uploads\/2022\/06\/Sherbime-ne-fushen-e-sportit-1.pdf\">Sh\u00ebrbime Administrative n\u00eb fush\u00ebn e sportit,kultur\u00ebs dhe arg\u00ebtimit<\/a><\/li>\r\n<li><a href=\"https:\/\/bashkiamirdite.gov.al\/wp-content\/uploads\/2022\/06\/Sherbime-ne-fushen-e-mbrojtjes-se-mjedisit-1.pdf\">Sh\u00ebrbime Administrative n\u00eb fush\u00ebn e mbrojtjes s\u00eb mjedisit<\/a><\/li>\r\n<li><a href=\"https:\/\/bashkiamirdite.gov.al\/wp-content\/uploads\/2022\/06\/Sherbime-ne-fushen-e-bujqesise-1-1.pdf\">Sh\u00ebrbime Administrative n\u00eb fush\u00ebn e bujq\u00ebsis\u00eb ,zhvillimit rural ,pyjeve dhe kullotave publike, natyr\u00ebs dhe biodiversitetit<\/a><\/li>\r\n<li><a href=\"https:\/\/bashkiamirdite.gov.al\/wp-content\/uploads\/2022\/06\/Sherbime-ne-fushen-e-zhvillimit-ekonomiko-vendor-1.pdf\">Sh\u00ebrbime Administrative n\u00eb fush\u00ebn e zhvillimit ekonomiko vendor<\/a><\/li>\r\n<li><a href=\"https:\/\/bashkiamirdite.gov.al\/wp-content\/uploads\/2022\/06\/Sherbime-ne-fushen-e-sigurise-publike-1-1.pdf\">Sh\u00ebrbime Administrative n\u00eb fush\u00ebn e siguris\u00eb publike<\/a><\/li>\r\n<li><a href=\"https:\/\/bashkiamirdite.gov.al\/wp-content\/uploads\/2022\/06\/Sherbime-ne-fushen-e-funksioneve-dhe-kompetencave-te-deleguara-2-1.pdf\">Sh\u00ebrbime Administrative n\u00eb fush\u00ebn e funksioneve dhe kompetencave t\u00eb deleguara<\/a><\/li>\r\n<li><a href=\"https:\/\/bashkiamirdite.gov.al\/wp-content\/uploads\/2022\/06\/Sherbimet-e-bashkise-ne-fushen-e-diaspores-dhe-te-migracionit-1.pdf\">Sh\u00ebrbime Administrative n\u00eb fush\u00ebn e diaspor\u00ebs dhe migracionit<\/a><\/li>\r\n<\/ul>\r\n<p><strong>3. Kontratat Publike\/Prokurimet<\/strong><\/p>\r\n<ul>\r\n<li><a href=\"https:\/\/bashkiamirdite.gov.al\/?page_id=2550\">Objekti i Kontrat\u00ebs Publike<\/a><\/li>\r\n<li><a href=\"https:\/\/bashkiamirdite.gov.al\/?page_id=2553\">Numri i Referenc\u00ebs s\u00eb Procedur\u00ebs \/Kontrat\u00ebs<\/a><\/li>\r\n<li><a href=\"https:\/\/bashkiamirdite.gov.al\/?page_id=2555\">Llojit t\u00eb Procedur\u00ebs<\/a><\/li>\r\n<li><a href=\"https:\/\/bashkiamirdite.gov.al\/?page_id=6032\">Terma dhe Kushte Kontrate (Prokurime t\u00eb m\u00ebdha)<\/a><\/li>\r\n<li><a href=\"https:\/\/bashkiamirdite.gov.al\/wp-content\/uploads\/2022\/05\/Kohezgjatja-e-kontrates.pdf\">Koh\u00ebzgjatje Kontrates (Prokurime t\u00eb m\u00ebdha)<\/a><\/li>\r\n<li><a href=\"https:\/\/bashkiamirdite.gov.al\/wp-content\/uploads\/2022\/05\/Te-dhena-te-Autoritetit-Kontraktor.pdf\">T\u00eb dh\u00ebna t\u00eb autoritetit kontraktor<\/a><\/li>\r\n<li><a href=\"https:\/\/bashkiamirdite.gov.al\/?page_id=2557\">T\u00eb dh\u00ebna t\u00eb kontraktorit \/n\u00ebnkontraktorit<\/a><\/li>\r\n<li>Tregues t\u00eb matjes s\u00eb p\u00ebrmbushjes s\u00eb kontrat\u00ebs<\/li>\r\n<li><a href=\"https:\/\/bashkiamirdite.gov.al\/wp-content\/uploads\/2022\/05\/Struktura-publike-pergjegjese-per-mbikeqyrjen-dhe-monitorimin-e-kontrates.pdf\">Struktura publike p\u00ebrgjegj\u00ebse p\u00ebr mbik\u00ebqyrjen dhe monitorimin e kontrat\u00ebs<\/a><\/li>\r\n<li>Procedura q\u00eb duhen ndjekur p\u00ebr t\u00eb b\u00ebr\u00eb nj\u00eb ankimim<\/li>\r\n<li>Raporte t\u00eb kontrollit ,monitorimit dhe auditimit n\u00eb zbatimin e kontrat\u00ebs<\/li>\r\n<\/ul>\r\n<p><strong>4. E drejta e Ankeses dhe Verejtjes\u00a0 n\u00eb lidhje me sh\u00ebrbimet<\/strong><\/p>\r\n<ul>\r\n<li><a href=\"https:\/\/bashkiamirdite.gov.al\/wp-content\/uploads\/2023\/11\/Formular-ankese.pdf\">Procedura p\u00ebr t\u00eb b\u00ebr\u00eb nje ankes\u00eb apo v\u00ebrejtje n\u00eb lidhje me sh\u00ebrbimet<\/a><\/li>\r\n<li><a href=\"https:\/\/bashkiamirdite.gov.al\/wp-content\/uploads\/2023\/11\/Adresa-per-dergimin-e-anksave-ne-lidhje-me-sherbimet.pdf\">Adres\u00eb postare\/elektronike p\u00ebr depozitimin e ankesave apo v\u00ebrejtjeve<\/a><\/li>\r\n<\/ul>\r\n\r\n<div class=\"wp-block-spacer\" style=\"height: 65px;\" aria-hidden=\"true\">\u00a0<\/div>\r\n","protected":false},"excerpt":{"rendered":"<p>&nbsp; &nbsp; 1.\u00a0 \u00a0Sh\u00ebrbimet Sh\u00ebrbime n\u00eb fush\u00ebn e infrastruktur\u00ebs dhe sh\u00ebrbimeve publike Sh\u00ebrbime n\u00eb fush\u00ebn e sh\u00ebrbimeve sociale Sh\u00ebrbime n\u00eb fush\u00ebn e sportit, kultur\u00ebs dhe arg\u00ebtimit Sh\u00ebrbime n\u00eb fush\u00ebn e mbrojtjes s\u00eb mjedisit Sh\u00ebrbime n\u00eb fush\u00ebn e bujq\u00ebsis\u00eb ,zhvillimit rural ,pyjeve dhe kullotave publike ,natyr\u00ebs dhe biodiversitetit Sh\u00ebrbime n\u00eb fush\u00ebn e zhvillimit ekonomiko vendor Sh\u00ebrbime [&hellip;]<\/p>\n","protected":false},"author":2,"featured_media":0,"parent":0,"menu_order":0,"comment_status":"closed","ping_status":"closed","template":"","meta":[],"_links":{"self":[{"href":"https:\/\/bashkiamirdite.gov.al\/index.php?rest_route=\/wp\/v2\/pages\/1717"}],"collection":[{"href":"https:\/\/bashkiamirdite.gov.al\/index.php?rest_route=\/wp\/v2\/pages"}],"about":[{"href":"https:\/\/bashkiamirdite.gov.al\/index.php?rest_route=\/wp\/v2\/types\/page"}],"author":[{"embeddable":true,"href":"https:\/\/bashkiamirdite.gov.al\/index.php?rest_route=\/wp\/v2\/users\/2"}],"replies":[{"embeddable":true,"href":"https:\/\/bashkiamirdite.gov.al\/index.php?rest_route=%2Fwp%2Fv2%2Fcomments&post=1717"}],"version-history":[{"count":20,"href":"https:\/\/bashkiamirdite.gov.al\/index.php?rest_route=\/wp\/v2\/pages\/1717\/revisions"}],"predecessor-version":[{"id":7918,"href":"https:\/\/bashkiamirdite.gov.al\/index.php?rest_route=\/wp\/v2\/pages\/1717\/revisions\/7918"}],"wp:attachment":[{"href":"https:\/\/bashkiamirdite.gov.al\/index.php?rest_route=%2Fwp%2Fv2%2Fmedia&parent=1717"}],"curies":[{"name":"wp","href":"https:\/\/api.w.org\/{rel}","templated":true}]}}