{"id":1723,"date":"2022-04-21T10:24:02","date_gmt":"2022-04-21T08:24:02","guid":{"rendered":"http:\/\/bashkiamirdite.gov.al\/?page_id=1723"},"modified":"2026-04-17T19:54:20","modified_gmt":"2026-04-17T17:54:20","slug":"legjislacioni-dhe-aktet-e-brendshme","status":"publish","type":"page","link":"https:\/\/bashkiamirdite.gov.al\/?page_id=1723","title":{"rendered":"Legjislacioni dhe aktet e brendshme"},"content":{"rendered":"\r\n<p>&nbsp;<\/p>\r\n\r\n<p>&nbsp;<\/p>\r\n<p><strong>1.\u00a0 Fusha e Organizimit dhe Funksionimit t\u00eb Bashkis\u00eb<\/strong><\/p>\r\n<ul>\r\n<li><a href=\"https:\/\/bashkiamirdite.gov.al\/wp-content\/uploads\/2022\/06\/KUSHTETUTA-E-REPUBLIKES-SE-SHQIPERISE.pdf\">Kushtetuta e Republik\u00ebs s\u00eb Shqip\u00ebris\u00eb<\/a><\/li>\r\n<li><a href=\"https:\/\/bashkiamirdite.gov.al\/wp-content\/uploads\/2022\/06\/Kodi-Civil-i-Republikes-se-Shqiperise-te-ndryshuar_compressed.pdf\">Kodi Civil i Republik\u00ebs s\u00eb Shqip\u00ebris\u00eb<\/a><\/li>\r\n<li><a href=\"https:\/\/bashkiamirdite.gov.al\/wp-content\/uploads\/2022\/06\/Kodi_i_Procedures_Civile.pdf\">Kodi i Procedures Civile<\/a><\/li>\r\n<li><a href=\"https:\/\/bashkiamirdite.gov.al\/wp-content\/uploads\/2022\/06\/Kodi-i-procedurave-Administrative.pdf\">Kodi i Procedurave Administrative<\/a><\/li>\r\n<li><a href=\"https:\/\/bashkiamirdite.gov.al\/wp-content\/uploads\/2022\/06\/Ligj_nr.139-2015_date_17.12.2015_Per_vetqeverisjen_vendore-1.pdf\">Ligj nr. 139\/2015 &#8220;P\u00ebr vet\u00ebqeverisjen vendore&#8221;<\/a><\/li>\r\n<\/ul>\r\n<p><strong>2. Fusha e Veprimtaris\u00eb Ekonomike Financiare<\/strong><\/p>\r\n<ul>\r\n<li><a href=\"https:\/\/bashkiamirdite.gov.al\/wp-content\/uploads\/2022\/06\/Ligj-Nr-9632-date-30.10.2006-Per-sistemin-e-taksave-vendore-i-ndryshuar-1.pdf\">Ligj nr. 9632\/2006 &#8220;P\u00ebr sistemin e taksave vendore i ndryshuar&#8221;<\/a><\/li>\r\n<li><a href=\"https:\/\/bashkiamirdite.gov.al\/wp-content\/uploads\/2022\/06\/PER-MENAXHIMIN-E-SISTEMIT-BUXHETOR.pdf\">Ligj nr. 9936\/2008 &#8220;P\u00ebr menaxhimin e sistemit buxhetor&#8221;<\/a><\/li>\r\n<li><a href=\"https:\/\/bashkiamirdite.gov.al\/wp-content\/uploads\/2022\/06\/LIGJI-PER-MENAXHIMIN-FINANCIAR-DHE-KONTROLLIN.pdf\">Ligj nr. 10 296\/2010 &#8220;P\u00ebr menaxhimin financiar dhe kontrollin&#8221;<\/a><\/li>\r\n<li><a href=\"https:\/\/bashkiamirdite.gov.al\/wp-content\/uploads\/2022\/06\/LIGJI-PER-KONTABILITETIN-DHE-PASQYRAT-FINANCIARE.pdf\">Ligj nr. 9228\/2004 &#8220;P\u00ebr kontabilitetin dhe pasqyrat financiare&#8221;<\/a><\/li>\r\n<li><a href=\"https:\/\/bashkiamirdite.gov.al\/wp-content\/uploads\/2022\/06\/Ligj_9975_28_07_2008_-Per-Taksat-Kombetare.pdf\">Ligj nr. 9975\/2008 &#8220;P\u00ebr taksat komb\u00ebtare&#8221;<\/a><\/li>\r\n<li><a href=\"https:\/\/bashkiamirdite.gov.al\/wp-content\/uploads\/2022\/06\/Udhezimi_per_Procedurat_Standarde_te_Pergatitjes_se_Programit_Buxhetor_AfatmesemShtojcat.pdf\">Udh\u00ebzim nr. 23\/2016 &#8220;P\u00ebr procuderat standarde t\u00eb p\u00ebrgatitjes s\u00eb programit buxhetor afatmes\u00ebm&#8221;<\/a><\/li>\r\n<\/ul>\r\n<p><strong>3. Fusha e Qeverisjes s\u00eb mir\u00eb Vendore (Integriteti,Etika, anti-korrupsioni, trasparenca, llogaridh\u00ebnia etj.)<\/strong><\/p>\r\n<ul>\r\n<li><a href=\"https:\/\/bashkiamirdite.gov.al\/wp-content\/uploads\/2022\/06\/Ligj-per-mbrojtjen-e-te-dhenave-personale.pdf\">Ligj nr. 9887\/2008 &#8220;P\u00ebr mbrojtjen e t\u00eb dh\u00ebnave personale&#8221;<\/a><\/li>\r\n<li><a href=\"https:\/\/bashkiamirdite.gov.al\/wp-content\/uploads\/2022\/06\/Ligji-per-Vetqeverisjen-Vendore.pdf\">Ligj nr. 139\/2015 &#8221; P\u00ebr Vetq\u00ebverisjen Vendore&#8221;<\/a><\/li>\r\n<li><a href=\"https:\/\/bashkiamirdite.gov.al\/wp-content\/uploads\/2022\/06\/LIGJI-PER-TE-DREJTEN-E-INFORMIMIT.pdf\">Ligj nr. 119\/2014 &#8221; P\u00ebr t\u00eb drejt\u00ebn e informimit&#8221;<\/a><\/li>\r\n<li><a href=\"https:\/\/bashkiamirdite.gov.al\/wp-content\/uploads\/2022\/06\/Ligji-per-parandalimin-e-konfliktiti-te-interesave-ne-ushtrimin-e-funksioneve-publike.pdf\">Ligj nr. 9367\/2005 &#8220;P\u00ebr parandalimin e konfliktit t\u00eb interesave n\u00eb ushtrimin e funksioneve publike&#8221;<\/a><\/li>\r\n<li><a href=\"https:\/\/bashkiamirdite.gov.al\/wp-content\/uploads\/2022\/06\/Ligji-per-nepunesin-civil.pdf\">Ligj nr. 152\/2013 &#8220;P\u00ebr n\u00ebpun\u00ebsin civil&#8221;<\/a><\/li>\r\n<li><a href=\"https:\/\/bashkiamirdite.gov.al\/wp-content\/uploads\/2022\/06\/LIGJI-PER-KUNDERVAJTJET-ADMINISTRATIVE.pdf\">Ligj nr. 10 279\/2010 &#8220;P\u00ebr kund\u00ebrvajte administrative&#8221;<\/a><\/li>\r\n<li><a href=\"https:\/\/bashkiamirdite.gov.al\/wp-content\/uploads\/2022\/06\/ligj_9131_2003_Rregullat_Etike_ne_Administraten_Publike.pdf\">Ligj nr. 9131\/2003 &#8220;P\u00ebr r<\/a><a href=\"https:\/\/bashkiamirdite.gov.al\/wp-content\/uploads\/2022\/06\/ligj_9131_2003_Rregullat_Etike_ne_Administraten_Publike.pdf\">regullat e etik\u00ebs n\u00eb administrat\u00ebn publike&#8221;<\/a><\/li>\r\n<\/ul>\r\n<p><strong>4. Fusha e infrastruktur\u00ebs dhe sh\u00ebrbimeve publike<\/strong><\/p>\r\n<ul>\r\n<li><a href=\"https:\/\/bashkiamirdite.gov.al\/wp-content\/uploads\/2022\/06\/Ligj-8308_1998-per-trasnportet-rrugore-i-perditesuar.pdf\">Ligj nr. 8308\/1998 &#8220;P\u00ebr trasnportet rrugore&#8221;<\/a><\/li>\r\n<li><a href=\"https:\/\/bashkiamirdite.gov.al\/wp-content\/uploads\/2022\/06\/Ligji-nr-80-viti-2014.pdf\">Ligj nr. 80\/2014 &#8220;P\u00ebr sh\u00ebrbimin publik t\u00eb varrimit&#8221;<\/a><\/li>\r\n<li><a href=\"https:\/\/bashkiamirdite.gov.al\/wp-content\/uploads\/2022\/06\/Ligji-nr.8450.pdf\">Ligji nr. 8450\/1999 &#8220;P\u00ebr p\u00ebrpunumin, transportimin dhe tregtimin e naft\u00ebs, t\u00eb gazit dhe n\u00ebnprodukteve t\u00eb tyre&#8221;<\/a><\/li>\r\n<li><a href=\"https:\/\/bashkiamirdite.gov.al\/wp-content\/uploads\/2022\/06\/Ligji-per-sherbimin-publik-te-varrimit-SHBSH.pdf\">Ligj nr. 9220\/2004 &#8220;P\u00ebr sh\u00ebrbimin publik t\u00eb varrimit&#8221;<\/a><\/li>\r\n<li><a href=\"https:\/\/bashkiamirdite.gov.al\/wp-content\/uploads\/2022\/06\/Ligji-per-planifikimin-dhe-zhvillimin-e-territorit.pdf\">Ligj nr. 107\/2014 &#8220;P\u00ebr planifikimin dhe zhvillimin e territorit&#8221;<\/a><\/li>\r\n<li><a href=\"https:\/\/bashkiamirdite.gov.al\/wp-content\/uploads\/2022\/06\/Vendimi-nr-712-date-29.10.2014.pdf\">Vendim nr. 712\/2014 &#8220;P\u00ebr projektimin dhe nd\u00ebrtimin e varrezave n\u00eb territorin e Republik\u00ebs s\u00eb Shqip\u00ebris\u00eb&#8221;<\/a><\/li>\r\n<li><a href=\"https:\/\/bashkiamirdite.gov.al\/wp-content\/uploads\/2022\/06\/VKM-Per-miratimin-e-rregullores-se-planifikimit-te-territorit.pdf\">Vkm nr. 671\/2015 &#8220;P\u00ebr miratimin e rregullores s\u00eb planifikimit t\u00eb territorit&#8221;<\/a><\/li>\r\n<li><a href=\"https:\/\/bashkiamirdite.gov.al\/wp-content\/uploads\/2022\/06\/VKM-Nr-970.pdf\">Vkm nr. 970\/2015 &#8220;P\u00ebr p\u00ebrcaktimin e procedurave\u00a0 dhe t\u00eb kushteve p\u00ebr dh\u00ebnien e li\u00e7encave p\u00ebr tregtimin e naft\u00ebs bruto dhe n\u00ebnprodukteve t\u00eb saj&#8221;<\/a><\/li>\r\n<\/ul>\r\n<p><strong>5. Fusha e Bujqesis\u00eb, zhvillimit rural, pyjeve dhe kullotave publike, natyr\u00ebs dhe biodiversitetit<\/strong><\/p>\r\n<ul>\r\n<li><a href=\"https:\/\/bashkiamirdite.gov.al\/wp-content\/uploads\/2025\/05\/Ligji-per-paketen-e-maleve.pdf\">Ligji nr. 20\/2025 &#8220;P\u00ebr paket\u00ebn e maleve&#8221;<\/a><\/li>\r\n<li><a href=\"https:\/\/bashkiamirdite.gov.al\/wp-content\/uploads\/2026\/04\/Vendimi-nr-180-date-19.03.2026-Per-miratimin-e-zonave-zhvillimore-ne-Mirdite_.pdf\">Vendimi Nr. 180 Date 19.03.2026, Per miratimin e zonave zhvillimore ne Mirdite<\/a><\/li>\r\n<li><a href=\"https:\/\/bashkiamirdite.gov.al\/wp-content\/uploads\/2022\/06\/Ligj-Per-regjistrimin-e-pasurive-te-paluajteshme.pdf\">Ligj nr. 33\/2012 \u201cP\u00ebr regjistrimin e pasurive t\u00eb paluajt\u00ebshme&#8221;<\/a><\/li>\r\n<li><a href=\"https:\/\/bashkiamirdite.gov.al\/wp-content\/uploads\/2022\/06\/LIGJ_N_1.pdf\">Ligj nr. 171\/2014 &#8220;P\u00ebr p\u00ebrfundimin e procedurave ligjore t\u00eb kalimit t\u00eb tok\u00ebs bujq\u00ebsore t\u00eb ish- nd\u00ebrmarrjeve bujq\u00ebsore n\u00eb pron\u00ebsi t\u00eb p\u00ebrfituesve&#8221;<\/a><\/li>\r\n<li><a href=\"https:\/\/bashkiamirdite.gov.al\/wp-content\/uploads\/2022\/06\/ligj-1998-04-30-8337.pdf\">Ligj nr. 8337\/1998 &#8220;P\u00ebr kalimin n\u00eb pron\u00ebsi t\u00eb tok\u00ebs bujq\u00ebsore, pyjore, livadheve dhe kullotave&#8221;<\/a><\/li>\r\n<li><a href=\"https:\/\/bashkiamirdite.gov.al\/wp-content\/uploads\/2022\/06\/vendim-2013-03-06-253.pdf\">Vendim nr. 253\/2013 &#8220;P\u00ebr p\u00ebrcaktimin e procedurave t\u00eb plot\u00ebsimit t\u00eb akteve t\u00eb marrjes s\u00eb tok\u00ebs bujq\u00ebsore n\u00eb pron\u00ebsi p\u00ebr familjet bujq\u00ebsore n\u00eb fshatrat e ish-kooperativave bujq\u00ebsore&#8221;<\/a><\/li>\r\n<li><a href=\"https:\/\/bashkiamirdite.gov.al\/wp-content\/uploads\/2022\/06\/vendim-2015-04-22-337.pdf\">Vendim nr. 337\/2015 &#8220;P\u00ebr p\u00ebrcaktimin e procedurave t\u00eb kryerjes s\u00eb procesit t\u00eb kalimit t\u00eb tok\u00ebs bujq\u00ebsore t\u00eb ish nd\u00ebrmarrjeve bujq\u00ebsore n\u00eb pron\u00ebsi t\u00eb p\u00ebrfituesve&#8221;<\/a><\/li>\r\n<li><a href=\"https:\/\/bashkiamirdite.gov.al\/wp-content\/uploads\/2022\/06\/VKM-nr.-994-date-9.12.2015-i-ndryshuar.pdf\">Vkm nr. 994\/2015 &#8220;P\u00ebr procedur\u00ebn e regjistrimin t\u00eb akteve t\u00eb marrjes s\u00eb tok\u00ebs n\u00eb pron\u00ebsi&#8221;<\/a><\/li>\r\n<\/ul>\r\n<p><strong>6. Fusha e zhvillimit ekonomiko vendor<\/strong><\/p>\r\n<ul>\r\n<li><a href=\"https:\/\/bashkiamirdite.gov.al\/wp-content\/uploads\/2022\/06\/Ligj_10296_8.7.2010-Per-menaxhimin-financiar-dhe-kontrollin.pdf\">Ligj nr. 10296\/2010 &#8220;P\u00ebr menaxhimin financiar dhe kontrollin&#8221;<\/a><\/li>\r\n<li><a href=\"https:\/\/bashkiamirdite.gov.al\/wp-content\/uploads\/2022\/06\/Ligji-9228-date-29.04.2004.pdf\">Ligji nr. 9228\/2004 &#8220;P\u00ebr kontabilitetin dhe pasqyrat financiare&#8221;<\/a><\/li>\r\n<li><a href=\"https:\/\/bashkiamirdite.gov.al\/wp-content\/uploads\/2022\/06\/udhezimi_30_date_27_12_2011_menaxhimin_i_aktiveve_te_njsp-1.pdf\">Udh\u00eb<\/a><a href=\"https:\/\/bashkiamirdite.gov.al\/wp-content\/uploads\/2022\/06\/udhezimi_30_date_27_12_2011_menaxhimin_i_aktiveve_te_njsp-1.pdf\">zim nr. 30\/2011 &#8220;P\u00ebr menaxhimin e aktiveve n\u00eb nj\u00ebsit\u00eb e sektorit publik&#8221;<\/a><\/li>\r\n<li><a href=\"https:\/\/bashkiamirdite.gov.al\/wp-content\/uploads\/2022\/06\/Udhezimi-nr.-21-date-25.10.2016-Per-Nepunesit-Zbatues-te-te-gjitha-niveleve.pdf\">Udh\u00ebzim nr. 21\/2016 &#8220;P\u00ebr n\u00ebpun\u00ebsit zbatues t\u00eb t\u00eb gjitha niveleve&#8221;<\/a><\/li>\r\n<li><a href=\"https:\/\/bashkiamirdite.gov.al\/wp-content\/uploads\/2022\/06\/Udhezimi-nr.16-date-20.07.2016-Per-koordinatorin-e-MFK-dhe-koordinatorin-e-Riskut-ne-Njesite-Publike.pdf\">Udh\u00ebzim nr. 16\/2016 &#8220;P\u00ebr p\u00ebrgjegj\u00ebsit\u00eb dhe detyrat e koordinatorit e MFK dhe koordinatorin e Riskut n\u00eb Nj\u00ebsit\u00eb Publike&#8221;<\/a><\/li>\r\n<li><a href=\"https:\/\/bashkiamirdite.gov.al\/wp-content\/uploads\/2022\/06\/Udhezimi_nr.8_date_09.03.2018_Per_Procedurat_e_Pergatitjes_Paraqitjes_dhe_Raportimit_te_Pasqyrave_Financiare_Vjetore_te_NJQP.pdf\">Udh\u00ebzim_<\/a><a href=\"https:\/\/bashkiamirdite.gov.al\/wp-content\/uploads\/2022\/06\/Udhezimi_nr.8_date_09.03.2018_Per_Procedurat_e_Pergatitjes_Paraqitjes_dhe_Raportimit_te_Pasqyrave_Financiare_Vjetore_te_NJQP.pdf\">nr.8\/2018_&#8221;P\u00ebr_Procedurat_e_P\u00ebrgatitjes_Paraqitjes_dhe_Raportimit_t\u00eb_Pasqyrave_Financiare_Vjetore_t\u00eb_NJQP&#8221;<\/a><\/li>\r\n<li><a href=\"https:\/\/bashkiamirdite.gov.al\/wp-content\/uploads\/2022\/06\/Udhezimi_nr.7_date_28.2.2018_Per_procedurat_standarde_te_pergatitjes_se_PBA.pdf\">Udh\u00ebzim nr. 7\/2018 P\u00ebr procedurat standarde t\u00eb p\u00ebrgatitjes s\u00eb PBA&#8221;<\/a><\/li>\r\n<\/ul>\r\n<p><strong>7. Fusha e siguris\u00eb publike<\/strong><\/p>\r\n<ul>\r\n<li><a href=\"https:\/\/bashkiamirdite.gov.al\/wp-content\/uploads\/2022\/06\/Ligji-i-Policise-Bashkiake-1.pdf\">Ligj nr. 8224\/1977 &#8220;P\u00ebr Policin\u00eb Bashkiake&#8221;<\/a><\/li>\r\n<\/ul>\r\n<p><strong>8. Fusha funksioneve dhe kompetencave t\u00eb deleguara<\/strong><\/p>\r\n<ul>\r\n<li><a href=\"https:\/\/bashkiamirdite.gov.al\/wp-content\/uploads\/2022\/06\/ligj-2015-11-26-131-1.pdf\">Ligj nr. 131\/2015 &#8220;P\u00ebr qendr\u00ebn komb\u00ebtare t\u00eb biznesit &#8220;<\/a><\/li>\r\n<li><a href=\"https:\/\/bashkiamirdite.gov.al\/wp-content\/uploads\/2022\/06\/ligj_10129_per_gjendjen_civile-1.pdf\">Ligj nr. 10 129\/2015 &#8220;P\u00ebr gjendjen civile&#8221;<\/a><\/li>\r\n<\/ul>\r\n<p><strong>9. Fusha e mbrojtjes s\u00eb mjedisit<\/strong><\/p>\r\n<ul>\r\n<li><a href=\"https:\/\/bashkiamirdite.gov.al\/wp-content\/uploads\/2022\/06\/Ligj-Nr-9385_dt_04_05_2005_Per-pyjet-dhe-sherbimin-pyjor_i-ndryshuar.pdf\">Ligj nr. 9385\/2005 &#8220;P\u00ebr pyjet dhe sh\u00ebrbimin pyjor_i ndryshuar&#8221;<\/a><\/li>\r\n<li><a href=\"https:\/\/bashkiamirdite.gov.al\/wp-content\/uploads\/2022\/06\/Ligji-9774-dt.12.07.07-per-zhurmat.pdf\">Ligji nr. 9774\/2007 &#8220;P\u00ebr zhurmat&#8221;<\/a><\/li>\r\n<li><a href=\"https:\/\/bashkiamirdite.gov.al\/wp-content\/uploads\/2022\/06\/Ligj_49-2016_05.05.2016-1-1.pdf\">Ligj nr. 49\/2016 &#8220;P\u00ebr fondin kullosor&#8221;<\/a><\/li>\r\n<li><a href=\"https:\/\/bashkiamirdite.gov.al\/wp-content\/uploads\/2022\/06\/udhezim-2016-06-09-1_Per-rregullat_procedurat-e-kerkimit_te-shqyrtimit-e-te-miratimit-te-kerkesave-per-dhenie-ne-perdorim-te-fondit-pyjor-dhe-kullusor.pdf\">Udh\u00ebzim nr. 1\/2016 &#8220;P\u00ebr rregullat_procedurat e k\u00ebrkimit_t\u00eb shqyrtimit e t\u00eb miratimit t\u00eb k\u00ebrkesave p\u00ebr dh\u00ebnie n\u00eb p\u00ebrdorim t\u00eb fondit pyjor dhe kullusor&#8221;<\/a><\/li>\r\n<li><a href=\"https:\/\/bashkiamirdite.gov.al\/wp-content\/uploads\/2022\/06\/Udhezimi-nr-82c-2007_MM-dhe-MSH.pdf\">Udh\u00ebzim nr. 82\/2007 &#8220;P\u00ebr nivelet kufi t\u00eb zhurmave n\u00eb mjedise t\u00eb caktuara&#8221;<\/a><\/li>\r\n<li><a href=\"https:\/\/bashkiamirdite.gov.al\/wp-content\/uploads\/2023\/12\/Rregullore-e-Parqeve-dhe-Hapsirave-Publike.pdf\">Rregullore e Parqeve dhe Hapsirave Publike<\/a><\/li>\r\n<li><a href=\"https:\/\/bashkiamirdite.gov.al\/wp-content\/uploads\/2023\/12\/Rregullorja-per-Menaxhimin-e-mbetjeve-te-Ngurta-Urbane-MNU.pdf\">Rregullorja per Menaxhimin e mbetjeve te Ngurta Urbane (MNU)<\/a><\/li>\r\n<\/ul>\r\n<p><strong>10. Fusha e kultur\u00ebs, sportit dhe arg\u00ebtimit<\/strong><\/p>\r\n<ul>\r\n<li><a href=\"https:\/\/bashkiamirdite.gov.al\/wp-content\/uploads\/2022\/06\/LIGJI-Nr.-79-2017-PER-SPORTIN-i-perditesuar-LIGJI-105-2020.pdf\">Ligji nr. 79\/2017 &#8220;P\u00ebr sportin&#8221;<\/a><\/li>\r\n<\/ul>\r\n<p><strong>11. Fusha e diaspor\u00ebs dhe migracionit<\/strong><\/p>\r\n<ul>\r\n<li><a href=\"https:\/\/bashkiamirdite.gov.al\/wp-content\/uploads\/2022\/06\/20190627102204ligj-nr.-38-dt.-20.6.2019-1.pdf\">Ligj nr. 38\/2019 &#8220;Funksionet e bashkive n\u00eb fush\u00ebn e diaspor\u00ebs dhe migracionit&#8221;<\/a><\/li>\r\n<\/ul>\r\n<p>&nbsp;<\/p>","protected":false},"excerpt":{"rendered":"<p>&nbsp; &nbsp; 1.\u00a0 Fusha e Organizimit dhe Funksionimit t\u00eb Bashkis\u00eb Kushtetuta e Republik\u00ebs s\u00eb Shqip\u00ebris\u00eb Kodi Civil i Republik\u00ebs s\u00eb Shqip\u00ebris\u00eb Kodi i Procedures Civile Kodi i Procedurave Administrative Ligj nr. 139\/2015 &#8220;P\u00ebr vet\u00ebqeverisjen vendore&#8221; 2. Fusha e Veprimtaris\u00eb Ekonomike Financiare Ligj nr. 9632\/2006 &#8220;P\u00ebr sistemin e taksave vendore i ndryshuar&#8221; Ligj nr. 9936\/2008 &#8220;P\u00ebr [&hellip;]<\/p>\n","protected":false},"author":2,"featured_media":0,"parent":0,"menu_order":0,"comment_status":"closed","ping_status":"closed","template":"","meta":[],"_links":{"self":[{"href":"https:\/\/bashkiamirdite.gov.al\/index.php?rest_route=\/wp\/v2\/pages\/1723"}],"collection":[{"href":"https:\/\/bashkiamirdite.gov.al\/index.php?rest_route=\/wp\/v2\/pages"}],"about":[{"href":"https:\/\/bashkiamirdite.gov.al\/index.php?rest_route=\/wp\/v2\/types\/page"}],"author":[{"embeddable":true,"href":"https:\/\/bashkiamirdite.gov.al\/index.php?rest_route=\/wp\/v2\/users\/2"}],"replies":[{"embeddable":true,"href":"https:\/\/bashkiamirdite.gov.al\/index.php?rest_route=%2Fwp%2Fv2%2Fcomments&post=1723"}],"version-history":[{"count":59,"href":"https:\/\/bashkiamirdite.gov.al\/index.php?rest_route=\/wp\/v2\/pages\/1723\/revisions"}],"predecessor-version":[{"id":8060,"href":"https:\/\/bashkiamirdite.gov.al\/index.php?rest_route=\/wp\/v2\/pages\/1723\/revisions\/8060"}],"wp:attachment":[{"href":"https:\/\/bashkiamirdite.gov.al\/index.php?rest_route=%2Fwp%2Fv2%2Fmedia&parent=1723"}],"curies":[{"name":"wp","href":"https:\/\/api.w.org\/{rel}","templated":true}]}}