{"id":1726,"date":"2022-04-21T10:54:27","date_gmt":"2022-04-21T08:54:27","guid":{"rendered":"http:\/\/bashkiamirdite.gov.al\/?page_id=1726"},"modified":"2023-11-30T11:49:56","modified_gmt":"2023-11-30T10:49:56","slug":"pjesemarrja-ne-vendimarrje-e-qytetareve-2","status":"publish","type":"page","link":"https:\/\/bashkiamirdite.gov.al\/?page_id=1726","title":{"rendered":"Pjes\u00ebmarrja n\u00eb vendimarrje e qytetar\u00ebve"},"content":{"rendered":"\r\n<p>&nbsp;<\/p>\r\n\r\n<p>&nbsp;<\/p>\r\n<p><strong>1 .T\u00eb dh\u00ebnat e Kordinatorit p\u00ebr Njoftim dhe Konsultim Publik<\/strong><\/p>\r\n<ul>\r\n<li><a href=\"https:\/\/bashkiamirdite.gov.al\/wp-content\/uploads\/2023\/09\/KOORDINATORI-PER-NJOFTIMIN-DHE-KONSULTIMIN-PUBLIK.pdf\">Emri dhe Mbiemri i Kordinatorit<\/a><\/li>\r\n<li><a href=\"https:\/\/bashkiamirdite.gov.al\/wp-content\/uploads\/2023\/09\/KOORDINATORI-PER-NJOFTIMIN-DHE-KONSULTIMIN-PUBLIK.pdf\">Adresa postare dhe elektronike<\/a><\/li>\r\n<li><a href=\"https:\/\/bashkiamirdite.gov.al\/wp-content\/uploads\/2023\/09\/Orari-1.pdf\">Orari i pun\u00ebs<\/a><\/li>\r\n<\/ul>\r\n<p><strong>2. Plani vjetor p\u00ebr procesin e vendimarrjes n\u00eb pjes\u00ebmarrje<\/strong><\/p>\r\n<ul>\r\n<li><a href=\"https:\/\/bashkiamirdite.gov.al\/?page_id=3680\">Pal\u00ebt q\u00eb do t\u00eb konsultohen<\/a><\/li>\r\n<li><a href=\"https:\/\/bashkiamirdite.gov.al\/?page_id=3684\">M\u00ebnyrat e konsultimit<\/a><\/li>\r\n<li><a href=\"https:\/\/bashkiamirdite.gov.al\/?page_id=3725\">Afatet<\/a><\/li>\r\n<li><a href=\"https:\/\/bashkiamirdite.gov.al\/?page_id=3690\">Struktura p\u00ebrgjegj\u00ebse<\/a><\/li>\r\n<\/ul>\r\n<p><strong>3. Dispozita t\u00eb brendshme rregullatore p\u00ebr k\u00ebshillimin me publikun<\/strong><\/p>\r\n<ul>\r\n<li>Procedura, afate si dhe m\u00ebnyra e organizimit p\u00ebr \u00e7do form\u00eb apo lloj konsultimi publik<\/li>\r\n<li>Struktura p\u00ebrgjegj\u00ebse p\u00ebr aktet e detyrueshme p\u00ebr konsultim<\/li>\r\n<\/ul>\r\n<p><strong>4. Akte p\u00ebr t\u00eb cilat \u00ebsht\u00eb e detyrueshme zhvillimi i konsultave publike<\/strong><\/p>\r\n<ul>\r\n<li><a href=\"https:\/\/bashkiamirdite.gov.al\/wp-content\/uploads\/2022\/05\/Aktet-per-te-cilat-eshte-i-detyrueshem-zhvillimi-i-konsultimit-publik.pdf\">Lista e akteve p\u00ebr t\u00eb cilat \u00ebsht\u00eb e detyrueshme zhvillimi i konsultave publike<\/a><\/li>\r\n<\/ul>\r\n<p><strong>5. Njoftimi p\u00ebr marrjen e Nism\u00ebs Vendimarr\u00ebse me Pjes\u00ebmarrje<\/strong><\/p>\r\n<ul>\r\n<li>Projekt Relacion Shpjegues dhe dokumente shoqerues t\u00eb tij<\/li>\r\n<li>Arsye t\u00eb nevojshme p\u00ebr nxjerrjen e projekt aktit si dhe ndikimi q\u00eb ai do te ket\u00eb<\/li>\r\n<li>Afatet vendi dhe m\u00ebnyra me t\u00eb cilat pal\u00ebt e interesuara paraqesin ose dergojn\u00eb rekomandimet e tyre<\/li>\r\n<li><a href=\"https:\/\/bashkiamirdite.gov.al\/wp-content\/uploads\/2023\/11\/KOORDINATORI-PER-NJOFTIMIN-DHE-KONSULTIMIN-PUBLIK.pdf\">Adresa e Kontaktit t\u00eb Kordinatorit p\u00ebr Njoftimin dhe Konsultimin Publik t\u00eb Bashkis\u00eb ose struktur\u00ebs p\u00ebrgjegj\u00ebse p\u00ebr mbledhjen e rekomandimeve e komenteve p\u00ebr projekt aktin<\/a><\/li>\r\n<li>Vendi dhe data e organizimit t\u00eb takimit publik n\u00eb rastet kur bashkia vendos p\u00ebr organizimin e tij<\/li>\r\n<\/ul>\r\n<p><strong>6. Procedura e Marrjes dhe Shqyrtimit t\u00eb komenteve dhe rekomandimeve<\/strong><\/p>\r\n<ul>\r\n<li><a href=\"https:\/\/bashkiamirdite.gov.al\/wp-content\/uploads\/2023\/09\/Palet-e-interesuara-1.pdf\">Adresa Postare dhe Elektronike p\u00ebr d\u00ebrgimin e komenteve dhe rekomandimeve<\/a><\/li>\r\n<li><a href=\"https:\/\/bashkiamirdite.gov.al\/wp-content\/uploads\/2022\/05\/Afati-per-dorezimin-e-komenteve-dhe-rekomandimeve.pdf\">Afatet p\u00ebr d\u00ebrgimin e Komenteve dhe Rekomandimeve<\/a><\/li>\r\n<li>M\u00ebnyra e mbajtjes s\u00eb Procesverbalit dhe Regjistrimit t\u00eb takimit publik p\u00ebr takimet publike<\/li>\r\n<li><a href=\"https:\/\/bashkiamirdite.gov.al\/wp-content\/uploads\/2022\/05\/Menyrat-e-njoftimit-dhe-marrja-e-komenteve-dhe-rekomandimeve.pdf\">M\u00ebnyra e trajtimit t\u00eb komenteve dhe rekomandimeve<\/a><\/li>\r\n<li>M\u00ebnyra e dh\u00ebnies s\u00eb arsyeve p\u00ebr mospranimin e komenteve dhe rekomandimeve<\/li>\r\n<\/ul>\r\n<p><strong>7. Procedura q\u00eb duhen ndjekur p\u00ebr t\u00eb b\u00ebr\u00eb nj\u00eb ankimim n\u00eb lidhje me konsultimin publik<\/strong><\/p>\r\n<ul>\r\n<li><a href=\"https:\/\/bashkiamirdite.gov.al\/wp-content\/uploads\/2023\/09\/Kur-palet-e-interesuara.pdf\">Subjekti ku mund te b\u00ebhet ankesa (Komisioneri p\u00ebr t\u00eb drejt\u00ebn e informimit dhe mbrojtjes s\u00eb t\u00eb dh\u00ebnave ,Keshilli Bashkiak ,Kryetari i Bashkis\u00eb)<\/a><\/li>\r\n<li><a href=\"https:\/\/bashkiamirdite.gov.al\/wp-content\/uploads\/2023\/11\/Adresa-postare.pdf\">Adresa Postare dhe Elektronike p\u00ebr d\u00ebrgimin e ankes\u00ebs<\/a><\/li>\r\n<li><a href=\"https:\/\/bashkiamirdite.gov.al\/wp-content\/uploads\/2022\/05\/Procedurat-qe-duhen-ndjekur-per-te-bere-nje-ankim-ne-lidhje-me-konsultimin-publik.pdf\">Procedurat p\u00ebr t\u00eb b\u00ebr\u00eb nj\u00eb ankes\u00eb n\u00eb lidhje me k\u00ebshillimin me publikun<\/a><\/li>\r\n<li>Struktura p\u00ebrgjegj\u00ebse n\u00eb nivel bashkie q\u00eb shqyrton dhe regjistron ankes\u00ebn<\/li>\r\n<\/ul>\r\n<p><strong>8. Raporti Vjetor p\u00ebr Trasparenc\u00ebn n\u00eb Procesin e Vendimarrjes<\/strong><\/p>\r\n<ul>\r\n<li>Numri i akteve t\u00eb miratuara nga organet e bashkis\u00eb me konsultim publik gjat\u00eb nj\u00eb viti<\/li>\r\n<li>Numri i p\u00ebrgjithsh\u00ebm i komenteve dhe rekomandimeve t\u00eb marra nga pal\u00ebt e interesuara<\/li>\r\n<li>Numri i rekomandimeve dhe komenteve t\u00eb pranuara dhe t\u00eb refuzuara gjat\u00eb procesit t\u00eb vendimarrjes<\/li>\r\n<li>Numrin e takimeve publike t\u00eb organizuara<\/li>\r\n<\/ul>\r\n<p><strong>9. Iniciativa Qytetare.<\/strong><\/p>\r\n<ul>\r\n<li><a href=\"https:\/\/bashkiamirdite.gov.al\/wp-content\/uploads\/2022\/05\/E-drejta-e-iniciatives-qytetare.pdf\">M\u00ebnyra dhe forma e paraqitjes s\u00eb iniciativ\u00ebs qytetare<\/a><\/li>\r\n<li><a href=\"https:\/\/bashkiamirdite.gov.al\/wp-content\/uploads\/2022\/06\/Procedura-te-shqyrtimit-dhe-miratimit-te-iniciatives-qytetare.pdf\">Procedura t\u00eb shqyrtimit dhe miratimit t\u00eb iniciativ\u00ebs qytetare<\/a><\/li>\r\n<li><a href=\"https:\/\/bashkiamirdite.gov.al\/wp-content\/uploads\/2022\/06\/Adresa-postare-dhe-elektronike-per-depozitimin-e-iniciatives-qytetare.pdf\">Adresa postare dhe elektronike p\u00ebr depozitimin e iniciativ\u00ebs qytetare<\/a><\/li>\r\n<li>M\u00ebnyrat e kthimit t\u00eb p\u00ebrgjigjeve p\u00ebr mosmiratimin e iniciativ\u00ebs qytetare<\/li>\r\n<\/ul>\r\n\r\n<div class=\"wp-block-spacer\" style=\"height: 69px;\" aria-hidden=\"true\">\u00a0<\/div>\r\n","protected":false},"excerpt":{"rendered":"<p>&nbsp; &nbsp; 1 .T\u00eb dh\u00ebnat e Kordinatorit p\u00ebr Njoftim dhe Konsultim Publik Emri dhe Mbiemri i Kordinatorit Adresa postare dhe elektronike Orari i pun\u00ebs 2. Plani vjetor p\u00ebr procesin e vendimarrjes n\u00eb pjes\u00ebmarrje Pal\u00ebt q\u00eb do t\u00eb konsultohen M\u00ebnyrat e konsultimit Afatet Struktura p\u00ebrgjegj\u00ebse 3. Dispozita t\u00eb brendshme rregullatore p\u00ebr k\u00ebshillimin me publikun Procedura, afate [&hellip;]<\/p>\n","protected":false},"author":2,"featured_media":0,"parent":0,"menu_order":0,"comment_status":"closed","ping_status":"closed","template":"","meta":[],"_links":{"self":[{"href":"https:\/\/bashkiamirdite.gov.al\/index.php?rest_route=\/wp\/v2\/pages\/1726"}],"collection":[{"href":"https:\/\/bashkiamirdite.gov.al\/index.php?rest_route=\/wp\/v2\/pages"}],"about":[{"href":"https:\/\/bashkiamirdite.gov.al\/index.php?rest_route=\/wp\/v2\/types\/page"}],"author":[{"embeddable":true,"href":"https:\/\/bashkiamirdite.gov.al\/index.php?rest_route=\/wp\/v2\/users\/2"}],"replies":[{"embeddable":true,"href":"https:\/\/bashkiamirdite.gov.al\/index.php?rest_route=%2Fwp%2Fv2%2Fcomments&post=1726"}],"version-history":[{"count":23,"href":"https:\/\/bashkiamirdite.gov.al\/index.php?rest_route=\/wp\/v2\/pages\/1726\/revisions"}],"predecessor-version":[{"id":3735,"href":"https:\/\/bashkiamirdite.gov.al\/index.php?rest_route=\/wp\/v2\/pages\/1726\/revisions\/3735"}],"wp:attachment":[{"href":"https:\/\/bashkiamirdite.gov.al\/index.php?rest_route=%2Fwp%2Fv2%2Fmedia&parent=1726"}],"curies":[{"name":"wp","href":"https:\/\/api.w.org\/{rel}","templated":true}]}}