{"id":1738,"date":"2022-04-21T12:06:49","date_gmt":"2022-04-21T10:06:49","guid":{"rendered":"http:\/\/bashkiamirdite.gov.al\/?page_id=1738"},"modified":"2025-04-01T11:22:01","modified_gmt":"2025-04-01T09:22:01","slug":"keshilli-bashkiak-2","status":"publish","type":"page","link":"https:\/\/bashkiamirdite.gov.al\/?page_id=1738","title":{"rendered":""},"content":{"rendered":"\t\t<div data-elementor-type=\"wp-page\" data-elementor-id=\"1738\" class=\"elementor elementor-1738\">\n\t\t\t\t\t\t\t\t\t<section class=\"elementor-section elementor-top-section elementor-element elementor-element-ee6a4a6 elementor-section-content-middle elementor-section-boxed elementor-section-height-default elementor-section-height-default\" data-id=\"ee6a4a6\" data-element_type=\"section\" data-settings=\"{&quot;_ha_eqh_enable&quot;:false}\">\n\t\t\t\t\t\t<div class=\"elementor-container elementor-column-gap-default\">\n\t\t\t\t\t<div class=\"elementor-column elementor-col-100 elementor-top-column elementor-element elementor-element-74e7be8d\" data-id=\"74e7be8d\" data-element_type=\"column\">\n\t\t\t<div class=\"elementor-widget-wrap elementor-element-populated\">\n\t\t\t\t\t\t\t\t<div class=\"elementor-element elementor-element-584a8afb elementor-widget elementor-widget-text-editor\" data-id=\"584a8afb\" data-element_type=\"widget\" data-widget_type=\"text-editor.default\">\n\t\t\t\t<div class=\"elementor-widget-container\">\n\t\t\t<style>\/*! elementor - v3.6.5 - 29-05-2022 *\/\n.elementor-widget-text-editor.elementor-drop-cap-view-stacked .elementor-drop-cap{background-color:#818a91;color:#fff}.elementor-widget-text-editor.elementor-drop-cap-view-framed .elementor-drop-cap{color:#818a91;border:3px solid;background-color:transparent}.elementor-widget-text-editor:not(.elementor-drop-cap-view-default) .elementor-drop-cap{margin-top:8px}.elementor-widget-text-editor:not(.elementor-drop-cap-view-default) .elementor-drop-cap-letter{width:1em;height:1em}.elementor-widget-text-editor .elementor-drop-cap{float:left;text-align:center;line-height:1;font-size:50px}.elementor-widget-text-editor .elementor-drop-cap-letter{display:inline-block}<\/style>\t\t\t\t<p><!-- wp:spacer {\"height\":33} --><\/p>\n<div class=\"wp-block-spacer\" style=\"height: 33px; text-align: center;\" aria-hidden=\"true\">\u00a0<\/div>\n<p style=\"text-align: center;\"><!-- \/wp:spacer --><!-- wp:buttons --><\/p>\n<div class=\"wp-block-buttons\" style=\"text-align: center;\">\n<p><!-- wp:button {\"backgroundColor\":\"vivid-cyan-blue\"} --><\/p>\n<div class=\"wp-block-button\"><a class=\"wp-block-button__link has-vivid-cyan-blue-background-color has-background\" href=\"https:\/\/bashkiamirdite.gov.al\/?page_id=1952\">NJOFTIME P\u00cbR K\u00cbSHILLIN BASHKIAK<\/a><\/div>\n<\/div>\n<p style=\"text-align: center;\"><!-- \/wp:spacer --><!-- wp:buttons --><\/p>\n<div class=\"wp-block-buttons\" style=\"text-align: center;\">\n<p><!-- wp:button {\"backgroundColor\":\"vivid-cyan-blue\"} --><\/p>\n<div class=\"wp-block-button\"><a class=\"wp-block-button__link has-vivid-cyan-blue-background-color has-background\" href=\"https:\/\/bashkiamirdite.gov.al\/?page_id=1829\">VENDIME T\u00cb K\u00cbSHILLIT BASHKIAK<\/a><\/div>\n<div>\u00a0<\/div>\n<div id=\"\"><a class=\"wp-block-button__link has-vivid-cyan-blue-background-color has-background\" href=\"https:\/\/bashkiamirdite.gov.al\/?page_id=6557\">RAPORTE T\u00cb KOMISIONEVE T\u00cb K\u00cbSHILLIT BASHKIAK MIRDIT\u00cb<\/a><\/div>\n<\/div>\n<p style=\"text-align: center;\"><!-- \/wp:spacer --><!-- wp:buttons --><\/p>\n<div class=\"wp-block-buttons\" style=\"text-align: center;\">\n<p><!-- wp:button {\"backgroundColor\":\"vivid-cyan-blue\"} --><\/p>\n<div class=\"wp-block-button\"><a class=\"wp-block-button__link has-vivid-cyan-blue-background-color has-background\" href=\"https:\/\/bashkiamirdite.gov.al\/wp-content\/uploads\/2024\/09\/Adresat-e-Keshillraeve-web-perditesuar-Shtator-2024.pdf\">T\u00cb DH\u00cbNA P\u00cbR K\u00cbSHILLIN BASHKIAK<\/a><\/div>\n<div>\u00a0<\/div>\n<div id=\"\"><a class=\"wp-block-button__link has-vivid-cyan-blue-background-color has-background\" href=\"https:\/\/bashkiamirdite.gov.al\/wp-content\/uploads\/2024\/09\/Adresat-e-kryetareve-te-fshatrave-2024.pdf\">T\u00cb DH\u00cbNA P\u00cbR KRYETAR\u00cbT E FSHATRAVE<\/a><\/div>\n<\/div>\n<p style=\"text-align: center;\"><!-- \/wp:spacer --><!-- wp:buttons --><\/p>\n<div class=\"wp-block-buttons\" style=\"text-align: center;\">\n<p><!-- wp:button {\"backgroundColor\":\"vivid-cyan-blue\"} --><\/p>\n<div class=\"wp-block-button\"><a class=\"wp-block-button__link has-vivid-cyan-blue-background-color has-background\" href=\"https:\/\/bashkiamirdite.gov.al\/?page_id=2932\">PROCES &#8211; VERBALET E MBLEDHJEVE<\/a><\/div>\n<div>\u00a0<\/div>\n<div id=\"\"><a class=\"wp-block-button__link has-vivid-cyan-blue-background-color has-background\" href=\"https:\/\/bashkiamirdite.gov.al\/?page_id=5166\">RAPORTE P\u00cbR PUN\u00cbN\/VEPRIMTARIN\u00cb E K\u00cbSHILLIT BASHKIAK MIRDIT\u00cb<\/a><\/div>\n<p><!-- \/wp:button --><\/p>\n<\/div>\n<p style=\"text-align: center;\"><!-- \/wp:buttons --><!-- wp:spacer --><\/p>\n<div id=\"\" class=\"wp-block-spacer\" style=\"height: 100px;\" aria-hidden=\"true\">\n<div class=\"wp-block-button\" style=\"text-align: center;\"><a class=\"wp-block-button__link has-vivid-cyan-blue-background-color has-background\" href=\"https:\/\/bashkiamirdite.gov.al\/?page_id=3265\">RREGULLORE E K\u00cbSHILLIT BASHKIAK MIRDIT\u00cb<\/a><\/div>\n<div style=\"text-align: center;\">\u00a0<\/div>\n<\/div>\n<p><!-- \/wp:spacer --><\/p>\t\t\t\t\t\t<\/div>\n\t\t\t\t<\/div>\n\t\t\t\t\t<\/div>\n\t\t<\/div>\n\t\t\t\t\t\t\t<\/div>\n\t\t<\/section>\n\t\t\t\t<section class=\"elementor-section elementor-top-section elementor-element elementor-element-41bfac6 elementor-section-boxed elementor-section-height-default elementor-section-height-default\" data-id=\"41bfac6\" data-element_type=\"section\" data-settings=\"{&quot;_ha_eqh_enable&quot;:false}\">\n\t\t\t\t\t\t<div class=\"elementor-container elementor-column-gap-default\">\n\t\t\t\t\t<div class=\"elementor-column elementor-col-100 elementor-top-column elementor-element elementor-element-592ccf9\" data-id=\"592ccf9\" data-element_type=\"column\">\n\t\t\t<div class=\"elementor-widget-wrap\">\n\t\t\t\t\t\t\t\t\t<\/div>\n\t\t<\/div>\n\t\t\t\t\t\t\t<\/div>\n\t\t<\/section>\n\t\t\t\t\t\t\t<\/div>\n\t\t","protected":false},"excerpt":{"rendered":"\u00a0 NJOFTIME P\u00cbR K\u00cbSHILLIN BASHKIAK VENDIME T\u00cb K\u00cbSHILLIT BASHKIAK \u00a0 RAPORTE T\u00cb KOMISIONEVE T\u00cb K\u00cbSHILLIT BASHKIAK MIRDIT\u00cb T\u00cb DH\u00cbNA P\u00cbR K\u00cbSHILLIN BASHKIAK \u00a0 T\u00cb DH\u00cbNA P\u00cbR KRYETAR\u00cbT E FSHATRAVE PROCES - VERBALET E MBLEDHJEVE \u00a0 RAPORTE P\u00cbR PUN\u00cbN\/VEPRIMTARIN\u00cb E K\u00cbSHILLIT BASHKIAK MIRDIT\u00cb RREGULLORE E K\u00cbSHILLIT BASHKIAK MIRDIT\u00cb \u00a0","protected":false},"author":2,"featured_media":0,"parent":0,"menu_order":0,"comment_status":"closed","ping_status":"closed","template":"","meta":[],"_links":{"self":[{"href":"https:\/\/bashkiamirdite.gov.al\/index.php?rest_route=\/wp\/v2\/pages\/1738"}],"collection":[{"href":"https:\/\/bashkiamirdite.gov.al\/index.php?rest_route=\/wp\/v2\/pages"}],"about":[{"href":"https:\/\/bashkiamirdite.gov.al\/index.php?rest_route=\/wp\/v2\/types\/page"}],"author":[{"embeddable":true,"href":"https:\/\/bashkiamirdite.gov.al\/index.php?rest_route=\/wp\/v2\/users\/2"}],"replies":[{"embeddable":true,"href":"https:\/\/bashkiamirdite.gov.al\/index.php?rest_route=%2Fwp%2Fv2%2Fcomments&post=1738"}],"version-history":[{"count":76,"href":"https:\/\/bashkiamirdite.gov.al\/index.php?rest_route=\/wp\/v2\/pages\/1738\/revisions"}],"predecessor-version":[{"id":6565,"href":"https:\/\/bashkiamirdite.gov.al\/index.php?rest_route=\/wp\/v2\/pages\/1738\/revisions\/6565"}],"wp:attachment":[{"href":"https:\/\/bashkiamirdite.gov.al\/index.php?rest_route=%2Fwp%2Fv2%2Fmedia&parent=1738"}],"curies":[{"name":"wp","href":"https:\/\/api.w.org\/{rel}","templated":true}]}}