{"id":1952,"date":"2022-05-12T09:30:14","date_gmt":"2022-05-12T07:30:14","guid":{"rendered":"http:\/\/bashkiamirdite.gov.al\/?page_id=1952"},"modified":"2026-01-22T10:25:53","modified_gmt":"2026-01-22T09:25:53","slug":"njoftime-per-keshillin-bashkiak","status":"publish","type":"page","link":"https:\/\/bashkiamirdite.gov.al\/?page_id=1952","title":{"rendered":"Njoftime p\u00ebr K\u00ebshillin Bashkiak"},"content":{"rendered":"<p><strong>\u00a0 \u00a0 \u00a0 1. Njoftimet e Mbledhjeve t\u00eb K\u00ebshillit Bashkiak Mirdit\u00eb\u00a0<\/strong><\/p>\r\n<ul>\r\n<li><a href=\"https:\/\/bashkiamirdite.gov.al\/?page_id=7871\">Njoftimet e Mbledhjeve t\u00eb K\u00ebshillit Bashkiak Mirdit\u00eb, viti 2026 (N\u00eb p\u00ebrditesim)<\/a><\/li>\r\n<li><a href=\"https:\/\/bashkiamirdite.gov.al\/?page_id=6401\">Njoftimet e Mbledhjeve t\u00eb K\u00ebshillit Bashkiak Mirdit\u00eb, viti 2025<\/a><\/li>\r\n<li><a href=\"https:\/\/bashkiamirdite.gov.al\/?page_id=6395\">Njoftimet e Mbledhjeve t\u00eb K\u00ebshillit Bashkiak Mirdit\u00eb, viti 2024<\/a><\/li>\r\n<li><a href=\"https:\/\/bashkiamirdite.gov.al\/?page_id=4354\">Njoftimet e Mbledhjeve t\u00eb K\u00ebshillit Bashkiak Mirdit\u00eb, viti 2023<\/a><\/li>\r\n<li id=\"\"><a href=\"https:\/\/bashkiamirdite.gov.al\/?page_id=4359\">Njoftimet e Mbledhjeve t\u00eb K\u00ebshillit Bashkiak Mirdit\u00eb, viti 2022<\/a><\/li>\r\n<\/ul>\r\n<p style=\"text-align: left;\">\u00a0<\/p>\r\n\r\n<p>&nbsp;<\/p>\r\n","protected":false},"excerpt":{"rendered":"<p>\u00a0 \u00a0 \u00a0 1. Njoftimet e Mbledhjeve t\u00eb K\u00ebshillit Bashkiak Mirdit\u00eb\u00a0 Njoftimet e Mbledhjeve t\u00eb K\u00ebshillit Bashkiak Mirdit\u00eb, viti 2026 (N\u00eb p\u00ebrditesim) Njoftimet e Mbledhjeve t\u00eb K\u00ebshillit Bashkiak Mirdit\u00eb, viti 2025 Njoftimet e Mbledhjeve t\u00eb K\u00ebshillit Bashkiak Mirdit\u00eb, viti 2024 Njoftimet e Mbledhjeve t\u00eb K\u00ebshillit Bashkiak Mirdit\u00eb, viti 2023 Njoftimet e Mbledhjeve t\u00eb K\u00ebshillit Bashkiak [&hellip;]<\/p>\n","protected":false},"author":2,"featured_media":0,"parent":0,"menu_order":0,"comment_status":"closed","ping_status":"closed","template":"","meta":[],"_links":{"self":[{"href":"https:\/\/bashkiamirdite.gov.al\/index.php?rest_route=\/wp\/v2\/pages\/1952"}],"collection":[{"href":"https:\/\/bashkiamirdite.gov.al\/index.php?rest_route=\/wp\/v2\/pages"}],"about":[{"href":"https:\/\/bashkiamirdite.gov.al\/index.php?rest_route=\/wp\/v2\/types\/page"}],"author":[{"embeddable":true,"href":"https:\/\/bashkiamirdite.gov.al\/index.php?rest_route=\/wp\/v2\/users\/2"}],"replies":[{"embeddable":true,"href":"https:\/\/bashkiamirdite.gov.al\/index.php?rest_route=%2Fwp%2Fv2%2Fcomments&post=1952"}],"version-history":[{"count":50,"href":"https:\/\/bashkiamirdite.gov.al\/index.php?rest_route=\/wp\/v2\/pages\/1952\/revisions"}],"predecessor-version":[{"id":7883,"href":"https:\/\/bashkiamirdite.gov.al\/index.php?rest_route=\/wp\/v2\/pages\/1952\/revisions\/7883"}],"wp:attachment":[{"href":"https:\/\/bashkiamirdite.gov.al\/index.php?rest_route=%2Fwp%2Fv2%2Fmedia&parent=1952"}],"curies":[{"name":"wp","href":"https:\/\/api.w.org\/{rel}","templated":true}]}}