{"id":2082,"date":"2022-06-10T08:53:36","date_gmt":"2022-06-10T06:53:36","guid":{"rendered":"http:\/\/bashkiamirdite.gov.al\/?page_id=2082"},"modified":"2026-01-13T10:35:34","modified_gmt":"2026-01-13T09:35:34","slug":"vende-te-lira-pune","status":"publish","type":"page","link":"https:\/\/bashkiamirdite.gov.al\/?page_id=2082","title":{"rendered":"Njoftime p\u00ebr Vende t\u00eb Lira Pune"},"content":{"rendered":"\r\n<ul>\r\n<li><strong><a href=\"https:\/\/bashkiamirdite.gov.al\/?page_id=7817\">Njoftime p\u00ebr Vende t\u00eb Lira Pune, Viti 2026 (P\u00ebrdit\u00ebsim)<\/a><\/strong><\/li>\r\n<li><strong><a href=\"https:\/\/bashkiamirdite.gov.al\/?page_id=7813\">Njoftime p\u00ebr Vende t\u00eb Lira Pune, Viti 2025<\/a><\/strong><\/li>\r\n<li><strong><a href=\"https:\/\/bashkiamirdite.gov.al\/wp-content\/uploads\/2024\/10\/Shpallje-Vend-i-lire-pune-APPM.pdf\">Shpallje p\u00ebr Vend t\u00eb Lir\u00eb Pune p\u00ebr &#8221; Inxhinier Nd\u00ebrtimi ose Teknik i Mes\u00ebm Nd\u00ebrtimi &#8221; APPM Bashkia Mirdit\u00eb.<\/a><\/strong><\/li>\r\n<\/ul>\r\n<ul>\r\n<li><strong><a href=\"https:\/\/bashkiamirdite.gov.al\/wp-content\/uploads\/2024\/09\/Vend-i-Lire-Pune.pdf\">Shpallje p\u00ebr Vend t\u00eb Lir\u00eb Pune si Inspektor Social, Kriteret<\/a><\/strong><\/li>\r\n<\/ul>\r\n<ul>\r\n<li><strong><a href=\"https:\/\/bashkiamirdite.gov.al\/wp-content\/uploads\/2024\/02\/Lista-e-fituesve-1.pdf\">Lista e Fituesve p\u00ebr Policin\u00eb Bashkiake<\/a><\/strong><\/li>\r\n<li><strong><a href=\"https:\/\/bashkiamirdite.gov.al\/?lsvr_notice=lista-e-fituesve-paraprak-per-policine-bashkiake\">Lista e Fituesve Paraprak p\u00ebr Policin\u00eb Bashkiake<\/a><\/strong><\/li>\r\n<li><strong><a href=\"https:\/\/bashkiamirdite.gov.al\/?lsvr_notice=vend-i-lire-pune\">Vend i Lir\u00eb Pune n\u00eb Policin\u00eb Bashkiake, Kriteret<\/a><\/strong><\/li>\r\n<\/ul>\r\n\r\n\r\n\r\n<ul>\r\n<li>\r\n<p><strong><a href=\"https:\/\/bashkiamirdite.gov.al\/wp-content\/uploads\/2023\/07\/Scan_20230713_155315.pdf\">Shpallje vende t\u00eb lira pune n\u00eb sektorin MZSH dat\u00eb 11.07.2023<\/a><\/strong><\/p>\r\n<\/li>\r\n<li>\r\n<p><strong><a href=\"https:\/\/bashkiamirdite.gov.al\/wp-content\/uploads\/2022\/06\/infokulla-.pdf\">Shpallje vend pune sekretare\/recepsioniste\/ark\u00ebtare Info-Kulla dat\u00eb 15.06.2022<\/a><\/strong><\/p>\r\n<\/li>\r\n<\/ul>\r\n<p>&nbsp;<\/p>\r\n\r\n<p>&nbsp;<\/p>\r\n\r\n\r\n\r\n<p>&nbsp;<\/p>\r\n\r\n\r\n\r\n<p>&nbsp;<\/p>\r\n","protected":false},"excerpt":{"rendered":"<p>Njoftime p\u00ebr Vende t\u00eb Lira Pune, Viti 2026 (P\u00ebrdit\u00ebsim) Njoftime p\u00ebr Vende t\u00eb Lira Pune, Viti 2025 Shpallje p\u00ebr Vend t\u00eb Lir\u00eb Pune p\u00ebr &#8221; Inxhinier Nd\u00ebrtimi ose Teknik i Mes\u00ebm Nd\u00ebrtimi &#8221; APPM Bashkia Mirdit\u00eb. Shpallje p\u00ebr Vend t\u00eb Lir\u00eb Pune si Inspektor Social, Kriteret Lista e Fituesve p\u00ebr Policin\u00eb Bashkiake Lista e Fituesve [&hellip;]<\/p>\n","protected":false},"author":2,"featured_media":0,"parent":0,"menu_order":0,"comment_status":"closed","ping_status":"closed","template":"","meta":[],"_links":{"self":[{"href":"https:\/\/bashkiamirdite.gov.al\/index.php?rest_route=\/wp\/v2\/pages\/2082"}],"collection":[{"href":"https:\/\/bashkiamirdite.gov.al\/index.php?rest_route=\/wp\/v2\/pages"}],"about":[{"href":"https:\/\/bashkiamirdite.gov.al\/index.php?rest_route=\/wp\/v2\/types\/page"}],"author":[{"embeddable":true,"href":"https:\/\/bashkiamirdite.gov.al\/index.php?rest_route=\/wp\/v2\/users\/2"}],"replies":[{"embeddable":true,"href":"https:\/\/bashkiamirdite.gov.al\/index.php?rest_route=%2Fwp%2Fv2%2Fcomments&post=2082"}],"version-history":[{"count":33,"href":"https:\/\/bashkiamirdite.gov.al\/index.php?rest_route=\/wp\/v2\/pages\/2082\/revisions"}],"predecessor-version":[{"id":7819,"href":"https:\/\/bashkiamirdite.gov.al\/index.php?rest_route=\/wp\/v2\/pages\/2082\/revisions\/7819"}],"wp:attachment":[{"href":"https:\/\/bashkiamirdite.gov.al\/index.php?rest_route=%2Fwp%2Fv2%2Fmedia&parent=2082"}],"curies":[{"name":"wp","href":"https:\/\/api.w.org\/{rel}","templated":true}]}}