{"id":2537,"date":"2023-02-16T09:20:30","date_gmt":"2023-02-16T08:20:30","guid":{"rendered":"http:\/\/bashkiamirdite.gov.al\/?page_id=2537"},"modified":"2024-08-27T11:47:06","modified_gmt":"2024-08-27T09:47:06","slug":"drejtoria-juridike-prokurimeve-publike-dhe-rregullit-te-brendshem","status":"publish","type":"page","link":"https:\/\/bashkiamirdite.gov.al\/?page_id=2537","title":{"rendered":"Drejtoria B\/Njer\u00ebzore, Juridike dhe Marr\u00ebdh\u00ebnieve me Qytetar\u00ebt"},"content":{"rendered":"<ul>\n<li style=\"text-align: center;\"><strong>Nj\u00ebsia P\u00ebrgjegj\u00ebse e Burimeve Njer\u00ebzore.<\/strong><\/li>\n<li style=\"text-align: center;\"><strong>Sektori i Marr\u00ebdh\u00ebnieve me Qytetar\u00ebt, Eventet dhe IT.<\/strong><\/li>\n<li style=\"text-align: center;\"><strong>Nj\u00ebsia p\u00ebr Koordinimin e Integrimit Europian dhe Projekteve.<\/strong><\/li>\n<li style=\"text-align: center;\"><strong>Sektori Juridik dhe Prokurimet.<\/strong><\/li>\n<li style=\"text-align: center;\"><strong>Sektori i Arkiv Protokollit.<\/strong><\/li>\n<\/ul>\n","protected":false},"excerpt":{"rendered":"<p>Nj\u00ebsia P\u00ebrgjegj\u00ebse e Burimeve Njer\u00ebzore. Sektori i Marr\u00ebdh\u00ebnieve me Qytetar\u00ebt, Eventet dhe IT. Nj\u00ebsia p\u00ebr Koordinimin e Integrimit Europian dhe Projekteve. Sektori Juridik dhe Prokurimet. Sektori i Arkiv Protokollit.<\/p>\n","protected":false},"author":2,"featured_media":0,"parent":0,"menu_order":0,"comment_status":"closed","ping_status":"closed","template":"","meta":[],"_links":{"self":[{"href":"https:\/\/bashkiamirdite.gov.al\/index.php?rest_route=\/wp\/v2\/pages\/2537"}],"collection":[{"href":"https:\/\/bashkiamirdite.gov.al\/index.php?rest_route=\/wp\/v2\/pages"}],"about":[{"href":"https:\/\/bashkiamirdite.gov.al\/index.php?rest_route=\/wp\/v2\/types\/page"}],"author":[{"embeddable":true,"href":"https:\/\/bashkiamirdite.gov.al\/index.php?rest_route=\/wp\/v2\/users\/2"}],"replies":[{"embeddable":true,"href":"https:\/\/bashkiamirdite.gov.al\/index.php?rest_route=%2Fwp%2Fv2%2Fcomments&post=2537"}],"version-history":[{"count":7,"href":"https:\/\/bashkiamirdite.gov.al\/index.php?rest_route=\/wp\/v2\/pages\/2537\/revisions"}],"predecessor-version":[{"id":5564,"href":"https:\/\/bashkiamirdite.gov.al\/index.php?rest_route=\/wp\/v2\/pages\/2537\/revisions\/5564"}],"wp:attachment":[{"href":"https:\/\/bashkiamirdite.gov.al\/index.php?rest_route=%2Fwp%2Fv2%2Fmedia&parent=2537"}],"curies":[{"name":"wp","href":"https:\/\/api.w.org\/{rel}","templated":true}]}}