{"id":2544,"date":"2023-02-16T09:29:12","date_gmt":"2023-02-16T08:29:12","guid":{"rendered":"http:\/\/bashkiamirdite.gov.al\/?page_id=2544"},"modified":"2024-08-27T11:49:19","modified_gmt":"2024-08-27T09:49:19","slug":"drejtoria-e-planifikimit-zhvillimit-territorit-dhe-strehimit","status":"publish","type":"page","link":"https:\/\/bashkiamirdite.gov.al\/?page_id=2544","title":{"rendered":"Drejtoria e Planifikimit dhe Zhvillimit t\u00eb Territorit"},"content":{"rendered":"<ul>\n<li style=\"text-align: center;\"><strong>Sektori i Zhvillimit t\u00eb Territorit dhe Aplikimeve t\u00eb Lejeve.<\/strong><\/li>\n<li style=\"text-align: center;\"><strong>Sektori i Planifikimit, Hartimit t\u00eb Projekteve dhe Monitorimeve t\u00eb Investimeve.<\/strong><\/li>\n<li style=\"text-align: center;\"><strong>Inspektoriati Nd\u00ebrtimor Urbanistik.<\/strong><\/li>\n<\/ul>\n","protected":false},"excerpt":{"rendered":"<p>Sektori i Zhvillimit t\u00eb Territorit dhe Aplikimeve t\u00eb Lejeve. Sektori i Planifikimit, Hartimit t\u00eb Projekteve dhe Monitorimeve t\u00eb Investimeve. Inspektoriati Nd\u00ebrtimor Urbanistik.<\/p>\n","protected":false},"author":2,"featured_media":0,"parent":0,"menu_order":0,"comment_status":"closed","ping_status":"closed","template":"","meta":[],"_links":{"self":[{"href":"https:\/\/bashkiamirdite.gov.al\/index.php?rest_route=\/wp\/v2\/pages\/2544"}],"collection":[{"href":"https:\/\/bashkiamirdite.gov.al\/index.php?rest_route=\/wp\/v2\/pages"}],"about":[{"href":"https:\/\/bashkiamirdite.gov.al\/index.php?rest_route=\/wp\/v2\/types\/page"}],"author":[{"embeddable":true,"href":"https:\/\/bashkiamirdite.gov.al\/index.php?rest_route=\/wp\/v2\/users\/2"}],"replies":[{"embeddable":true,"href":"https:\/\/bashkiamirdite.gov.al\/index.php?rest_route=%2Fwp%2Fv2%2Fcomments&post=2544"}],"version-history":[{"count":6,"href":"https:\/\/bashkiamirdite.gov.al\/index.php?rest_route=\/wp\/v2\/pages\/2544\/revisions"}],"predecessor-version":[{"id":5565,"href":"https:\/\/bashkiamirdite.gov.al\/index.php?rest_route=\/wp\/v2\/pages\/2544\/revisions\/5565"}],"wp:attachment":[{"href":"https:\/\/bashkiamirdite.gov.al\/index.php?rest_route=%2Fwp%2Fv2%2Fmedia&parent=2544"}],"curies":[{"name":"wp","href":"https:\/\/api.w.org\/{rel}","templated":true}]}}