{"id":2557,"date":"2023-02-16T12:07:24","date_gmt":"2023-02-16T11:07:24","guid":{"rendered":"http:\/\/bashkiamirdite.gov.al\/?page_id=2557"},"modified":"2024-12-04T12:10:57","modified_gmt":"2024-12-04T11:10:57","slug":"te-dhena-te-kontraktorit-nenkontraktorit","status":"publish","type":"page","link":"https:\/\/bashkiamirdite.gov.al\/?page_id=2557","title":{"rendered":"T\u00eb dh\u00ebna t\u00eb kontraktorit \/n\u00ebnkontraktorit"},"content":{"rendered":"\r\n\r\n\r\n<ul>\r\n<li><strong><a href=\"https:\/\/bashkiamirdite.gov.al\/wp-content\/uploads\/2024\/11\/Regjistri-i-realizimeve-te-prokurimeve-2024.xlsx\">Regjistri i Realizimeve t\u00eb Prokurimeve Publike p\u00ebr Vitin 2024<\/a><\/strong><\/li>\r\n<\/ul>\r\n<ul>\r\n<li><strong><a href=\"https:\/\/bashkiamirdite.gov.al\/wp-content\/uploads\/2023\/07\/Regjistri-i-realizimeve-te-prokurimeve-publike-2022.xlsx\">Regjistri i Prokurimeve Publike p\u00ebr Vitin 2022<\/a><\/strong><\/li>\r\n<\/ul>\r\n<p><strong><\/strong><\/p>\r\n<ul>\r\n<li><strong><a href=\"https:\/\/bashkiamirdite.gov.al\/wp-content\/uploads\/2022\/05\/Te-dhena-te-kontraktorit.pdf\">Te-dhena-te-kontraktorit p\u00ebr vitin 2021<\/a><\/strong><\/li>\r\n<\/ul>\r\n","protected":false},"excerpt":{"rendered":"<p>Regjistri i Realizimeve t\u00eb Prokurimeve Publike p\u00ebr Vitin 2024 Regjistri i Prokurimeve Publike p\u00ebr Vitin 2022 Te-dhena-te-kontraktorit p\u00ebr vitin 2021<\/p>\n","protected":false},"author":2,"featured_media":0,"parent":0,"menu_order":0,"comment_status":"closed","ping_status":"closed","template":"","meta":[],"_links":{"self":[{"href":"https:\/\/bashkiamirdite.gov.al\/index.php?rest_route=\/wp\/v2\/pages\/2557"}],"collection":[{"href":"https:\/\/bashkiamirdite.gov.al\/index.php?rest_route=\/wp\/v2\/pages"}],"about":[{"href":"https:\/\/bashkiamirdite.gov.al\/index.php?rest_route=\/wp\/v2\/types\/page"}],"author":[{"embeddable":true,"href":"https:\/\/bashkiamirdite.gov.al\/index.php?rest_route=\/wp\/v2\/users\/2"}],"replies":[{"embeddable":true,"href":"https:\/\/bashkiamirdite.gov.al\/index.php?rest_route=%2Fwp%2Fv2%2Fcomments&post=2557"}],"version-history":[{"count":4,"href":"https:\/\/bashkiamirdite.gov.al\/index.php?rest_route=\/wp\/v2\/pages\/2557\/revisions"}],"predecessor-version":[{"id":6038,"href":"https:\/\/bashkiamirdite.gov.al\/index.php?rest_route=\/wp\/v2\/pages\/2557\/revisions\/6038"}],"wp:attachment":[{"href":"https:\/\/bashkiamirdite.gov.al\/index.php?rest_route=%2Fwp%2Fv2%2Fmedia&parent=2557"}],"curies":[{"name":"wp","href":"https:\/\/api.w.org\/{rel}","templated":true}]}}