{"id":2594,"date":"2023-02-20T14:24:37","date_gmt":"2023-02-20T13:24:37","guid":{"rendered":"http:\/\/bashkiamirdite.gov.al\/?page_id=2594"},"modified":"2024-08-27T11:30:58","modified_gmt":"2024-08-27T09:30:58","slug":"administrata-e-bashkise","status":"publish","type":"page","link":"https:\/\/bashkiamirdite.gov.al\/?page_id=2594","title":{"rendered":"Administrata e Bashkis\u00eb"},"content":{"rendered":"\t\t<div data-elementor-type=\"wp-page\" data-elementor-id=\"2594\" class=\"elementor elementor-2594\">\n\t\t\t\t\t\t\t\t\t<section class=\"elementor-section elementor-top-section elementor-element elementor-element-14abdee1 elementor-section-boxed elementor-section-height-default elementor-section-height-default\" data-id=\"14abdee1\" data-element_type=\"section\" data-settings=\"{&quot;_ha_eqh_enable&quot;:false}\">\n\t\t\t\t\t\t<div class=\"elementor-container elementor-column-gap-default\">\n\t\t\t\t\t<div class=\"elementor-column elementor-col-100 elementor-top-column elementor-element elementor-element-8e093c5\" data-id=\"8e093c5\" data-element_type=\"column\">\n\t\t\t<div class=\"elementor-widget-wrap elementor-element-populated\">\n\t\t\t\t\t\t\t\t<div class=\"elementor-element elementor-element-573309e0 elementor-widget elementor-widget-text-editor\" data-id=\"573309e0\" data-element_type=\"widget\" data-widget_type=\"text-editor.default\">\n\t\t\t\t<div class=\"elementor-widget-container\">\n\t\t\t<style>\/*! elementor - v3.6.5 - 29-05-2022 *\/\n.elementor-widget-text-editor.elementor-drop-cap-view-stacked .elementor-drop-cap{background-color:#818a91;color:#fff}.elementor-widget-text-editor.elementor-drop-cap-view-framed .elementor-drop-cap{color:#818a91;border:3px solid;background-color:transparent}.elementor-widget-text-editor:not(.elementor-drop-cap-view-default) .elementor-drop-cap{margin-top:8px}.elementor-widget-text-editor:not(.elementor-drop-cap-view-default) .elementor-drop-cap-letter{width:1em;height:1em}.elementor-widget-text-editor .elementor-drop-cap{float:left;text-align:center;line-height:1;font-size:50px}.elementor-widget-text-editor .elementor-drop-cap-letter{display:inline-block}<\/style>\t\t\t\t<!-- wp:list -->\n<ul>\n<li style=\"text-align: center;\"><strong><a href=\"https:\/\/bashkiamirdite.gov.al\/?page_id=2537\">Drejtoria B\/Njer\u00ebzore, Juridike dhe Marr\u00ebdh\u00ebnieve me Qytetar\u00ebt.<\/a><\/strong><\/li>\n<li style=\"text-align: center;\"><strong><a href=\"https:\/\/bashkiamirdite.gov.al\/?page_id=2540\">Drejtoria e Zhvillimit Ekonomik dhe Tatim Taksave.<\/a><\/strong><\/li>\n<li style=\"text-align: center;\"><strong><a href=\"https:\/\/bashkiamirdite.gov.al\/?page_id=2544\">Drejtoria e Planifikimit dhe Zhvillimit t\u00eb Territorit.<\/a><\/strong><\/li>\n<li style=\"text-align: center;\"><strong><a href=\"https:\/\/bashkiamirdite.gov.al\/?page_id=4831\">Drejtoria e Trash\u00ebgimis\u00eb Kulturore, Turizmit dhe Muzeve.<\/a><\/strong><\/li>\n<\/ul>\n<!-- \/wp:list -->\t\t\t\t\t\t<\/div>\n\t\t\t\t<\/div>\n\t\t\t\t\t<\/div>\n\t\t<\/div>\n\t\t\t\t\t\t\t<\/div>\n\t\t<\/section>\n\t\t\t\t\t\t\t<\/div>\n\t\t","protected":false},"excerpt":{"rendered":"<p>Drejtoria B\/Njer\u00ebzore, Juridike dhe Marr\u00ebdh\u00ebnieve me Qytetar\u00ebt. Drejtoria e Zhvillimit Ekonomik dhe Tatim Taksave. Drejtoria e Planifikimit dhe Zhvillimit t\u00eb Territorit. Drejtoria e Trash\u00ebgimis\u00eb Kulturore, Turizmit dhe Muzeve.<\/p>\n","protected":false},"author":2,"featured_media":0,"parent":0,"menu_order":0,"comment_status":"closed","ping_status":"closed","template":"","meta":[],"_links":{"self":[{"href":"https:\/\/bashkiamirdite.gov.al\/index.php?rest_route=\/wp\/v2\/pages\/2594"}],"collection":[{"href":"https:\/\/bashkiamirdite.gov.al\/index.php?rest_route=\/wp\/v2\/pages"}],"about":[{"href":"https:\/\/bashkiamirdite.gov.al\/index.php?rest_route=\/wp\/v2\/types\/page"}],"author":[{"embeddable":true,"href":"https:\/\/bashkiamirdite.gov.al\/index.php?rest_route=\/wp\/v2\/users\/2"}],"replies":[{"embeddable":true,"href":"https:\/\/bashkiamirdite.gov.al\/index.php?rest_route=%2Fwp%2Fv2%2Fcomments&post=2594"}],"version-history":[{"count":12,"href":"https:\/\/bashkiamirdite.gov.al\/index.php?rest_route=\/wp\/v2\/pages\/2594\/revisions"}],"predecessor-version":[{"id":4835,"href":"https:\/\/bashkiamirdite.gov.al\/index.php?rest_route=\/wp\/v2\/pages\/2594\/revisions\/4835"}],"wp:attachment":[{"href":"https:\/\/bashkiamirdite.gov.al\/index.php?rest_route=%2Fwp%2Fv2%2Fmedia&parent=2594"}],"curies":[{"name":"wp","href":"https:\/\/api.w.org\/{rel}","templated":true}]}}