{"id":2932,"date":"2023-07-12T11:55:33","date_gmt":"2023-07-12T09:55:33","guid":{"rendered":"http:\/\/bashkiamirdite.gov.al\/?page_id=2932"},"modified":"2026-02-24T11:48:52","modified_gmt":"2026-02-24T10:48:52","slug":"procesverbalet-e-mbledhjes-se-keshillit-bashkiak","status":"publish","type":"page","link":"https:\/\/bashkiamirdite.gov.al\/?page_id=2932","title":{"rendered":"Proces-Verbalet e Mbledhjes s\u00eb K\u00ebshillit Bashkiak"},"content":{"rendered":"<ul>\n<li><strong><a href=\"https:\/\/bashkiamirdite.gov.al\/?page_id=7966\">Proces-Verbalet e Mbledhjes s\u00eb K\u00ebshillit Bashkiak, (Viti 2026)<\/a><\/strong><\/li>\n<li><strong><a href=\"https:\/\/bashkiamirdite.gov.al\/?page_id=6336\">Proces-Verbalet e Mbledhjes s\u00eb K\u00ebshillit Bashkiak, (Viti 2025)<\/a><\/strong><\/li>\n<li><strong><a href=\"https:\/\/bashkiamirdite.gov.al\/?page_id=6171\">Proces-Verbalet e Mbledhjes s\u00eb K\u00ebshillit Bashkiak, (viti 2024)<\/a><\/strong><\/li>\n<li><strong><a href=\"https:\/\/bashkiamirdite.gov.al\/?page_id=5000\">Proces-Verbalet e Mbledhjes s\u00eb K\u00ebshillit Bashkiak, (viti 2023)<\/a><\/strong><\/li>\n<li><strong><a href=\"https:\/\/bashkiamirdite.gov.al\/wp-content\/uploads\/2022\/05\/procesverbale-kb-2021-1_compressed.pdf\">Proces-Verbalet e Mbledhjes s\u00eb K\u00ebshillit, (2021-2022)<\/a><\/strong><\/li>\n<li style=\"list-style-type: none;\"><\/li>\n<\/ul>\n<p><!-- \/wp:paragraph --><\/p>\n","protected":false},"excerpt":{"rendered":"<p>Proces-Verbalet e Mbledhjes s\u00eb K\u00ebshillit Bashkiak, (Viti 2026) Proces-Verbalet e Mbledhjes s\u00eb K\u00ebshillit Bashkiak, (Viti 2025) Proces-Verbalet e Mbledhjes s\u00eb K\u00ebshillit Bashkiak, (viti 2024) Proces-Verbalet e Mbledhjes s\u00eb K\u00ebshillit Bashkiak, (viti 2023) Proces-Verbalet e Mbledhjes s\u00eb K\u00ebshillit, (2021-2022)<\/p>\n","protected":false},"author":2,"featured_media":0,"parent":0,"menu_order":0,"comment_status":"closed","ping_status":"closed","template":"","meta":[],"_links":{"self":[{"href":"https:\/\/bashkiamirdite.gov.al\/index.php?rest_route=\/wp\/v2\/pages\/2932"}],"collection":[{"href":"https:\/\/bashkiamirdite.gov.al\/index.php?rest_route=\/wp\/v2\/pages"}],"about":[{"href":"https:\/\/bashkiamirdite.gov.al\/index.php?rest_route=\/wp\/v2\/types\/page"}],"author":[{"embeddable":true,"href":"https:\/\/bashkiamirdite.gov.al\/index.php?rest_route=\/wp\/v2\/users\/2"}],"replies":[{"embeddable":true,"href":"https:\/\/bashkiamirdite.gov.al\/index.php?rest_route=%2Fwp%2Fv2%2Fcomments&post=2932"}],"version-history":[{"count":32,"href":"https:\/\/bashkiamirdite.gov.al\/index.php?rest_route=\/wp\/v2\/pages\/2932\/revisions"}],"predecessor-version":[{"id":7969,"href":"https:\/\/bashkiamirdite.gov.al\/index.php?rest_route=\/wp\/v2\/pages\/2932\/revisions\/7969"}],"wp:attachment":[{"href":"https:\/\/bashkiamirdite.gov.al\/index.php?rest_route=%2Fwp%2Fv2%2Fmedia&parent=2932"}],"curies":[{"name":"wp","href":"https:\/\/api.w.org\/{rel}","templated":true}]}}