{"id":3101,"date":"2023-09-07T13:05:07","date_gmt":"2023-09-07T11:05:07","guid":{"rendered":"http:\/\/bashkiamirdite.gov.al\/?page_id=3101"},"modified":"2023-12-22T08:57:21","modified_gmt":"2023-12-22T07:57:21","slug":"zy-kryetaret-e-bashkise","status":"publish","type":"page","link":"https:\/\/bashkiamirdite.gov.al\/?page_id=3101","title":{"rendered":"Zv. Kryetar\u00ebt e Bashkis\u00eb"},"content":{"rendered":"<p class=\"x_MsoNormal\"><b><span class=\"x_ContentPasted0\">N\u00ebnkyetare e Bashkis\u00eb Mirdit\u00eb\u00a0<\/span><\/b><\/p>\n<p class=\"x_MsoNormal\"><b><span class=\"x_ContentPasted0\">Dila Prenga\u00a0\u00a0<\/span><\/b><\/p>\n<p class=\"x_MsoNormal\"><b><span class=\"x_ContentPasted0\">Tel: +355682081509<\/span><\/b><\/p>\n<p class=\"x_MsoNormal\"><b><span class=\"x_ContentPasted0\">Email: dila.prenga@bashkiamirdite.gov.al<\/span><\/b><\/p>\n<p class=\"x_MsoNormal\"><b><br class=\"x_ContentPasted0\" aria-hidden=\"true\" \/><br class=\"x_ContentPasted0\" aria-hidden=\"true\" \/><\/b><b><span class=\"x_ContentPasted0\">N\u00ebnkryetar i Bashkis\u00eb Mirdit\u00eb\u00a0<\/span><\/b><\/p>\n<p class=\"x_MsoNormal\"><b><span class=\"x_ContentPasted0\">Gjergj Prenga\u00a0\u00a0<\/span><\/b><\/p>\n<p class=\"x_MsoNormal\"><b><span class=\"x_ContentPasted0\">Tel:\u00a0 +355682003983<\/span><\/b><\/p>\n<p class=\"x_MsoNormal\"><b><span class=\"x_ContentPasted0\">Email: gjergj.prenga@bashkiamirdite.gov.al<\/span><\/b><\/p>\n","protected":false},"excerpt":{"rendered":"<p>N\u00ebnkyetare e Bashkis\u00eb Mirdit\u00eb\u00a0 Dila Prenga\u00a0\u00a0 Tel: +355682081509 Email: dila.prenga@bashkiamirdite.gov.al N\u00ebnkryetar i Bashkis\u00eb Mirdit\u00eb\u00a0 Gjergj Prenga\u00a0\u00a0 Tel:\u00a0 +355682003983 Email: gjergj.prenga@bashkiamirdite.gov.al<\/p>\n","protected":false},"author":2,"featured_media":0,"parent":0,"menu_order":0,"comment_status":"closed","ping_status":"closed","template":"","meta":[],"_links":{"self":[{"href":"https:\/\/bashkiamirdite.gov.al\/index.php?rest_route=\/wp\/v2\/pages\/3101"}],"collection":[{"href":"https:\/\/bashkiamirdite.gov.al\/index.php?rest_route=\/wp\/v2\/pages"}],"about":[{"href":"https:\/\/bashkiamirdite.gov.al\/index.php?rest_route=\/wp\/v2\/types\/page"}],"author":[{"embeddable":true,"href":"https:\/\/bashkiamirdite.gov.al\/index.php?rest_route=\/wp\/v2\/users\/2"}],"replies":[{"embeddable":true,"href":"https:\/\/bashkiamirdite.gov.al\/index.php?rest_route=%2Fwp%2Fv2%2Fcomments&post=3101"}],"version-history":[{"count":5,"href":"https:\/\/bashkiamirdite.gov.al\/index.php?rest_route=\/wp\/v2\/pages\/3101\/revisions"}],"predecessor-version":[{"id":4221,"href":"https:\/\/bashkiamirdite.gov.al\/index.php?rest_route=\/wp\/v2\/pages\/3101\/revisions\/4221"}],"wp:attachment":[{"href":"https:\/\/bashkiamirdite.gov.al\/index.php?rest_route=%2Fwp%2Fv2%2Fmedia&parent=3101"}],"curies":[{"name":"wp","href":"https:\/\/api.w.org\/{rel}","templated":true}]}}