{"id":3470,"date":"2023-11-20T13:42:04","date_gmt":"2023-11-20T12:42:04","guid":{"rendered":"http:\/\/bashkiamirdite.gov.al\/?page_id=3470"},"modified":"2024-04-23T14:02:59","modified_gmt":"2024-04-23T12:02:59","slug":"monumente-kulturore","status":"publish","type":"page","link":"https:\/\/bashkiamirdite.gov.al\/?page_id=3470","title":{"rendered":"Monumente Kulturore"},"content":{"rendered":"<p id=\"\">Mirdita \u00ebsht\u00eb krahin\u00eb e r\u00ebnd\u00ebsishme etno-gjeografike me nj\u00eb trash\u00ebgimi shum\u00eb t\u00eb pasur historike dhe kulturore, arkeologjike, etnografike, folklorike etj. Gjithashtu natyra e Mirdit\u00ebs ofron mund\u00ebsi t\u00eb shumta p\u00ebr t\u00eb apasionuarit pas turizmit malor\u00eb, aventur\u00ebs, speleologjik etj.<\/p>\n<table style=\"height: 696px;\" width=\"642\">\n<tbody>\n<tr>\n<td style=\"width: 50pt; border: 1pt solid windowtext; background: #5b9bd5; padding: 0in 5.4pt; vertical-align: top;\"><strong>Nr.<\/strong><\/td>\n<td style=\"width: 177.55pt; border: 1pt solid windowtext; background: #5b9bd5; padding: 0in 5.4pt; vertical-align: top;\"><strong>Monumente natyrore<\/strong><\/td>\n<td style=\"width: 177.55pt; border: 1pt solid windowtext; background: #5b9bd5; padding: 0in 5.4pt; vertical-align: top;\"><strong>Monumente kulture<\/strong><\/td>\n<\/tr>\n<tr>\n<td style=\"width: 50pt; border: 1pt solid windowtext; vertical-align: top;\"><strong>1<\/strong><\/td>\n<td style=\"width: 50pt; border: 1pt solid windowtext; vertical-align: top;\">Kanioni i Shehut t\u00eb Keq, Selit\u00eb (Monument Natyre).<\/td>\n<td style=\"width: 50pt; border: 1pt solid windowtext; vertical-align: top;\"><a href=\"https:\/\/bashkiamirdite.gov.al\/?page_id=4916\">Kalaja e Matriz\u00ebs n\u00eb Rubik.<\/a><\/td>\n<\/tr>\n<tr>\n<td style=\"width: 50pt; border: 1pt solid windowtext; vertical-align: top;\"><strong>2<\/strong><\/td>\n<td style=\"width: 50pt; border: 1pt solid windowtext; vertical-align: top;\">Shpella Kusia e Ndue Gjonit, M\u00ebrkurth (Monument Natyre).<\/td>\n<td style=\"width: 50pt; border: 1pt solid windowtext; vertical-align: top;\">Qyteza e Domgjonit.<\/td>\n<\/tr>\n<tr>\n<td style=\"width: 50pt; border: 1pt solid windowtext; vertical-align: top;\"><strong>3<\/strong><\/td>\n<td style=\"width: 50pt; border: 1pt solid windowtext; vertical-align: top;\">Rrobulli i Bla\u00e7it, Selit\u00eb (Monument Natyre).<\/td>\n<td style=\"width: 50pt; border: 1pt solid windowtext; vertical-align: top;\"><a href=\"https:\/\/bashkiamirdite.gov.al\/?page_id=4650\">Uj\u00ebsjell\u00ebsi i Domgjonit<\/a><\/td>\n<\/tr>\n<tr>\n<td style=\"width: 50pt; border: 1pt solid windowtext; vertical-align: top;\"><strong>4<\/strong><\/td>\n<td style=\"width: 50pt; border: 1pt solid windowtext; vertical-align: top;\">Guri Gjon, Kurbnesh (Monument Natyre).<\/td>\n<td style=\"width: 50pt; border: 1pt solid windowtext; vertical-align: top;\"><a href=\"https:\/\/bashkiamirdite.gov.al\/?page_id=4863\">Kisha e Sh\u00eblbuemit n\u00eb Rubik.<\/a><\/td>\n<\/tr>\n<tr>\n<td style=\"width: 50pt; border: 1pt solid windowtext; vertical-align: top;\"><strong>5<\/strong><\/td>\n<td style=\"width: 50pt; border: 1pt solid windowtext; vertical-align: top;\">Guri i Nuses, Sh\u00ebngjin-Fan\u00eb (Monument Natyre).<\/td>\n<td style=\"width: 50pt; border: 1pt solid windowtext; vertical-align: top;\">Kulla e Gjet Markut n\u00eb P\u00ebrlat.<\/td>\n<\/tr>\n<tr>\n<td style=\"width: 50pt; border: 1pt solid windowtext; vertical-align: top;\"><strong>6<\/strong><\/td>\n<td style=\"width: 50pt; border: 1pt solid windowtext; vertical-align: top;\">Kroi i Bardh\u00eb, Kumbull-Selit\u00eb (Monument Natyre).<\/td>\n<td style=\"width: 50pt; border: 1pt solid windowtext; vertical-align: top;\"><a href=\"https:\/\/bashkiamirdite.gov.al\/?page_id=4947\">Kulla e Dod Nikoll Gjikol\u00ebs n\u00eb Kurbnesh.<\/a><\/td>\n<\/tr>\n<tr>\n<td style=\"width: 50pt; border: 1pt solid windowtext; vertical-align: top;\"><strong>7<\/strong><\/td>\n<td style=\"width: 50pt; border: 1pt solid windowtext; vertical-align: top;\">Mrizi i Shna Prendes, Shebe (Monument Natyre).<\/td>\n<td style=\"width: 50pt; border: 1pt solid windowtext; vertical-align: top;\">Kulla e Preng Lleshit n\u00eb Masht\u00ebrkor.<\/td>\n<\/tr>\n<tr>\n<td style=\"width: 50pt; border: 1pt solid windowtext; vertical-align: top;\"><strong>8<\/strong><\/td>\n<td style=\"width: 50pt; border: 1pt solid windowtext; vertical-align: top;\">Rrapi i Ka\u00e7inarit, Ka\u00e7inar (Monument Natyre).<\/td>\n<td style=\"width: 50pt; border: 1pt solid windowtext; vertical-align: top;\"><a href=\"https:\/\/bashkiamirdite.gov.al\/?page_id=5089\">Kulla e Zef Ndoc Ndrec\u00ebs n\u00eb Kod\u00ebr-Spa\u00e7.<\/a><\/td>\n<\/tr>\n<tr>\n<td style=\"width: 50pt; border: 1pt solid windowtext; vertical-align: top;\"><strong>9<\/strong><\/td>\n<td style=\"width: 50pt; border: 1pt solid windowtext; vertical-align: top;\">Lisat e Shpalit, Shpal (Monument Natyre).<\/td>\n<td style=\"width: 50pt; border: 1pt solid windowtext; vertical-align: top;\">Burgu i Spa\u00e7it.<\/td>\n<\/tr>\n<tr>\n<td style=\"width: 50pt; border: 1pt solid windowtext; vertical-align: top;\"><strong>10<\/strong><\/td>\n<td style=\"width: 50pt; border: 1pt solid windowtext; vertical-align: top;\">Lisat e Marpep\u00ebs, Masht\u00ebrkor (Monument Natyre).<\/td>\n<td style=\"width: 50pt; border: 1pt solid windowtext; vertical-align: top;\"><a href=\"https:\/\/bashkiamirdite.gov.al\/?page_id=5067\">Kulla e Abat Prend Do\u00e7it n\u00eb Rubik.<\/a><\/td>\n<\/tr>\n<tr>\n<td style=\"width: 50pt; border: 1pt solid windowtext; vertical-align: top;\"><strong>11<\/strong><\/td>\n<td style=\"width: 50pt; border: 1pt solid windowtext; vertical-align: top;\">Bjeshka e Oroshit, Orosh (Zon\u00eb e Mbrojtur).<\/td>\n<td style=\"width: 50pt; border: 1pt solid windowtext; vertical-align: top;\">Arti shk\u00ebmbor i Rubikut.<\/td>\n<\/tr>\n<tr>\n<td style=\"width: 50pt; border: 1pt solid windowtext; vertical-align: top;\"><strong>12<\/strong><\/td>\n<td style=\"width: 50pt; border: 1pt solid windowtext; vertical-align: top;\">Mali i Munell\u00ebs, Puk\u00eb &#8211; Mirdit\u00eb (Zon\u00eb e Mbrojtur).<\/td>\n<td style=\"width: 50pt; border: 1pt solid windowtext; vertical-align: top;\"><\/td>\n<\/tr>\n<\/tbody>\n<\/table>\n","protected":false},"excerpt":{"rendered":"<p>Mirdita \u00ebsht\u00eb krahin\u00eb e r\u00ebnd\u00ebsishme etno-gjeografike me nj\u00eb trash\u00ebgimi shum\u00eb t\u00eb pasur historike dhe kulturore, arkeologjike, etnografike, folklorike etj. Gjithashtu natyra e Mirdit\u00ebs ofron mund\u00ebsi t\u00eb shumta p\u00ebr t\u00eb apasionuarit pas turizmit malor\u00eb, aventur\u00ebs, speleologjik etj. Nr. Monumente natyrore Monumente kulture 1 Kanioni i Shehut t\u00eb Keq, Selit\u00eb (Monument Natyre). Kalaja e Matriz\u00ebs n\u00eb Rubik. [&hellip;]<\/p>\n","protected":false},"author":2,"featured_media":0,"parent":0,"menu_order":0,"comment_status":"closed","ping_status":"closed","template":"","meta":[],"_links":{"self":[{"href":"https:\/\/bashkiamirdite.gov.al\/index.php?rest_route=\/wp\/v2\/pages\/3470"}],"collection":[{"href":"https:\/\/bashkiamirdite.gov.al\/index.php?rest_route=\/wp\/v2\/pages"}],"about":[{"href":"https:\/\/bashkiamirdite.gov.al\/index.php?rest_route=\/wp\/v2\/types\/page"}],"author":[{"embeddable":true,"href":"https:\/\/bashkiamirdite.gov.al\/index.php?rest_route=\/wp\/v2\/users\/2"}],"replies":[{"embeddable":true,"href":"https:\/\/bashkiamirdite.gov.al\/index.php?rest_route=%2Fwp%2Fv2%2Fcomments&post=3470"}],"version-history":[{"count":29,"href":"https:\/\/bashkiamirdite.gov.al\/index.php?rest_route=\/wp\/v2\/pages\/3470\/revisions"}],"predecessor-version":[{"id":5098,"href":"https:\/\/bashkiamirdite.gov.al\/index.php?rest_route=\/wp\/v2\/pages\/3470\/revisions\/5098"}],"wp:attachment":[{"href":"https:\/\/bashkiamirdite.gov.al\/index.php?rest_route=%2Fwp%2Fv2%2Fmedia&parent=3470"}],"curies":[{"name":"wp","href":"https:\/\/api.w.org\/{rel}","templated":true}]}}