{"id":3474,"date":"2023-11-20T13:51:08","date_gmt":"2023-11-20T12:51:08","guid":{"rendered":"http:\/\/bashkiamirdite.gov.al\/?page_id=3474"},"modified":"2023-11-20T13:54:53","modified_gmt":"2023-11-20T12:54:53","slug":"objektet-kulturore","status":"publish","type":"page","link":"https:\/\/bashkiamirdite.gov.al\/?page_id=3474","title":{"rendered":"Objektet Kulturore"},"content":{"rendered":"<ul>\n<li><strong>N\u00eb Rr\u00ebshen:<\/strong><\/li>\n<\/ul>\n<p>-Pallati i Kultur\u00ebs \u201cGjok Beci\u201d.<\/p>\n<p>-Muzeu Historik i Mirdit\u00ebs.<\/p>\n<p>-Biblioteka Publike \u201cGjon Gazulli\u201d.<\/p>\n<p>-Qendra Kulturore e F\u00ebmij\u00ebve.<\/p>\n<p>&nbsp;<\/p>\n<ul>\n<li><strong>N\u00eb Rubik:<\/strong><\/li>\n<\/ul>\n<p>-Qendra kulturore \u201cAbat Doci\u201d, e cila menaxhohet nga Albania Austria Partnerschaft -Marianne Graf dhe motrat murgesha t\u00eb Dioqez\u00ebs Rr\u00ebshen.<\/p>\n<p><a href=\"https:\/\/hikingmirdita.com\/sq\/info-kulla-mirdita-detaje\/\">-Info Kulla Mirdita<\/a><\/p>\n","protected":false},"excerpt":{"rendered":"<p>N\u00eb Rr\u00ebshen: -Pallati i Kultur\u00ebs \u201cGjok Beci\u201d. -Muzeu Historik i Mirdit\u00ebs. -Biblioteka Publike \u201cGjon Gazulli\u201d. -Qendra Kulturore e F\u00ebmij\u00ebve. &nbsp; N\u00eb Rubik: -Qendra kulturore \u201cAbat Doci\u201d, e cila menaxhohet nga Albania Austria Partnerschaft -Marianne Graf dhe motrat murgesha t\u00eb Dioqez\u00ebs Rr\u00ebshen. -Info Kulla Mirdita<\/p>\n","protected":false},"author":2,"featured_media":0,"parent":0,"menu_order":0,"comment_status":"closed","ping_status":"closed","template":"","meta":[],"_links":{"self":[{"href":"https:\/\/bashkiamirdite.gov.al\/index.php?rest_route=\/wp\/v2\/pages\/3474"}],"collection":[{"href":"https:\/\/bashkiamirdite.gov.al\/index.php?rest_route=\/wp\/v2\/pages"}],"about":[{"href":"https:\/\/bashkiamirdite.gov.al\/index.php?rest_route=\/wp\/v2\/types\/page"}],"author":[{"embeddable":true,"href":"https:\/\/bashkiamirdite.gov.al\/index.php?rest_route=\/wp\/v2\/users\/2"}],"replies":[{"embeddable":true,"href":"https:\/\/bashkiamirdite.gov.al\/index.php?rest_route=%2Fwp%2Fv2%2Fcomments&post=3474"}],"version-history":[{"count":3,"href":"https:\/\/bashkiamirdite.gov.al\/index.php?rest_route=\/wp\/v2\/pages\/3474\/revisions"}],"predecessor-version":[{"id":3479,"href":"https:\/\/bashkiamirdite.gov.al\/index.php?rest_route=\/wp\/v2\/pages\/3474\/revisions\/3479"}],"wp:attachment":[{"href":"https:\/\/bashkiamirdite.gov.al\/index.php?rest_route=%2Fwp%2Fv2%2Fmedia&parent=3474"}],"curies":[{"name":"wp","href":"https:\/\/api.w.org\/{rel}","templated":true}]}}