{"id":3488,"date":"2023-11-20T14:09:59","date_gmt":"2023-11-20T13:09:59","guid":{"rendered":"http:\/\/bashkiamirdite.gov.al\/?page_id=3488"},"modified":"2023-11-20T14:09:59","modified_gmt":"2023-11-20T13:09:59","slug":"projekte-te-perfunduara","status":"publish","type":"page","link":"https:\/\/bashkiamirdite.gov.al\/?page_id=3488","title":{"rendered":"Projekte T\u00eb P\u00ebrfunduara"},"content":{"rendered":"<ul>\n<li>Ana Fem\u00ebrore e Cil\u00ebsis\u00eb<\/li>\n<li>Promovimi i Turizmit Malor<\/li>\n<\/ul>\n","protected":false},"excerpt":{"rendered":"<p>Ana Fem\u00ebrore e Cil\u00ebsis\u00eb Promovimi i Turizmit Malor<\/p>\n","protected":false},"author":2,"featured_media":0,"parent":0,"menu_order":0,"comment_status":"closed","ping_status":"closed","template":"","meta":[],"_links":{"self":[{"href":"https:\/\/bashkiamirdite.gov.al\/index.php?rest_route=\/wp\/v2\/pages\/3488"}],"collection":[{"href":"https:\/\/bashkiamirdite.gov.al\/index.php?rest_route=\/wp\/v2\/pages"}],"about":[{"href":"https:\/\/bashkiamirdite.gov.al\/index.php?rest_route=\/wp\/v2\/types\/page"}],"author":[{"embeddable":true,"href":"https:\/\/bashkiamirdite.gov.al\/index.php?rest_route=\/wp\/v2\/users\/2"}],"replies":[{"embeddable":true,"href":"https:\/\/bashkiamirdite.gov.al\/index.php?rest_route=%2Fwp%2Fv2%2Fcomments&post=3488"}],"version-history":[{"count":1,"href":"https:\/\/bashkiamirdite.gov.al\/index.php?rest_route=\/wp\/v2\/pages\/3488\/revisions"}],"predecessor-version":[{"id":3489,"href":"https:\/\/bashkiamirdite.gov.al\/index.php?rest_route=\/wp\/v2\/pages\/3488\/revisions\/3489"}],"wp:attachment":[{"href":"https:\/\/bashkiamirdite.gov.al\/index.php?rest_route=%2Fwp%2Fv2%2Fmedia&parent=3488"}],"curies":[{"name":"wp","href":"https:\/\/api.w.org\/{rel}","templated":true}]}}