{"id":3491,"date":"2023-11-20T14:12:10","date_gmt":"2023-11-20T13:12:10","guid":{"rendered":"http:\/\/bashkiamirdite.gov.al\/?page_id=3491"},"modified":"2023-11-20T14:12:10","modified_gmt":"2023-11-20T13:12:10","slug":"projekte-ne-proces","status":"publish","type":"page","link":"https:\/\/bashkiamirdite.gov.al\/?page_id=3491","title":{"rendered":"Projekte N\u00eb Proces"},"content":{"rendered":"<ul>\n<li>Detyrat dhe p\u00ebrgjegj\u00ebsit\u00eb<\/li>\n<\/ul>\n","protected":false},"excerpt":{"rendered":"<p>Detyrat dhe p\u00ebrgjegj\u00ebsit\u00eb<\/p>\n","protected":false},"author":2,"featured_media":0,"parent":0,"menu_order":0,"comment_status":"closed","ping_status":"closed","template":"","meta":[],"_links":{"self":[{"href":"https:\/\/bashkiamirdite.gov.al\/index.php?rest_route=\/wp\/v2\/pages\/3491"}],"collection":[{"href":"https:\/\/bashkiamirdite.gov.al\/index.php?rest_route=\/wp\/v2\/pages"}],"about":[{"href":"https:\/\/bashkiamirdite.gov.al\/index.php?rest_route=\/wp\/v2\/types\/page"}],"author":[{"embeddable":true,"href":"https:\/\/bashkiamirdite.gov.al\/index.php?rest_route=\/wp\/v2\/users\/2"}],"replies":[{"embeddable":true,"href":"https:\/\/bashkiamirdite.gov.al\/index.php?rest_route=%2Fwp%2Fv2%2Fcomments&post=3491"}],"version-history":[{"count":1,"href":"https:\/\/bashkiamirdite.gov.al\/index.php?rest_route=\/wp\/v2\/pages\/3491\/revisions"}],"predecessor-version":[{"id":3493,"href":"https:\/\/bashkiamirdite.gov.al\/index.php?rest_route=\/wp\/v2\/pages\/3491\/revisions\/3493"}],"wp:attachment":[{"href":"https:\/\/bashkiamirdite.gov.al\/index.php?rest_route=%2Fwp%2Fv2%2Fmedia&parent=3491"}],"curies":[{"name":"wp","href":"https:\/\/api.w.org\/{rel}","templated":true}]}}