{"id":3553,"date":"2023-11-22T08:45:03","date_gmt":"2023-11-22T07:45:03","guid":{"rendered":"http:\/\/bashkiamirdite.gov.al\/?page_id=3553"},"modified":"2026-01-13T11:54:36","modified_gmt":"2026-01-13T10:54:36","slug":"kalendari-i-mbledhjeve-te-bashkise-mirdite","status":"publish","type":"page","link":"https:\/\/bashkiamirdite.gov.al\/?page_id=3553","title":{"rendered":"Regjistri i Vendimeve t\u00eb K\u00ebshillit Bashkiak Mirdit\u00eb"},"content":{"rendered":"<ul>\n<li id=\"\"><strong><a href=\"https:\/\/bashkiamirdite.gov.al\/wp-content\/uploads\/2026\/01\/Regjister-i-Vendimeve-te-Keshillit-Bashkiak-Viti-2025.pdf\">Regjist\u00ebr i Vendimeve t\u00eb K\u00ebshillit Bashkiak, Viti 2025<\/a><\/strong><\/li>\n<li><strong><a href=\"https:\/\/bashkiamirdite.gov.al\/wp-content\/uploads\/2025\/01\/Regjister-i-Vendimeve-te-Keshillit-Bashkiak-viti-2024.pdf\">Regjist\u00ebr i Vendimeve t\u00eb K\u00ebshillit Bashkiak, Viti 2024<\/a><\/strong><\/li>\n<li><strong><a href=\"https:\/\/bashkiamirdite.gov.al\/wp-content\/uploads\/2024\/01\/Regjister-i-Vendimeve-te-Keshillit-Bashkiak-.pdf\">Regjist\u00ebr i Vendimeve t\u00eb K\u00ebshillit Bashkiak (Qershor 2023 &#8211; Dhjetor 2023)<\/a><\/strong><\/li>\n<li><strong><a href=\"https:\/\/bashkiamirdite.gov.al\/wp-content\/uploads\/2023\/11\/REGJISTER-VKB-27.06.2023-Shtator-2023.pdf\">Regjist\u00ebr i Vendimeve t\u00eb K\u00ebshillit Bashkiak (Qershor 2023 &#8211; Shtator 2023)<\/a><\/strong><\/li>\n<li id=\"\"><strong><a href=\"https:\/\/bashkiamirdite.gov.al\/wp-content\/uploads\/2023\/11\/Kalendari-i-Vendimeve-te-Keshillit-Bashkiak-Janar-2023-Qershor-2023.pdf\">Regjist\u00ebr i Vendimeve t\u00eb K\u00ebshillit Bashkiak (Janar 2023 &#8211; Qershor 2023)<\/a><\/strong><\/li>\n<li><strong><a href=\"https:\/\/bashkiamirdite.gov.al\/wp-content\/uploads\/2022\/06\/TapScanner-06-09-2022-09\ua78938.pdf\">Regjist\u00ebr i Vendimeve t\u00eb K\u00ebshillit Bashkiak, Viti 2022<\/a><\/strong><\/li>\n<\/ul>\n","protected":false},"excerpt":{"rendered":"<p>Regjist\u00ebr i Vendimeve t\u00eb K\u00ebshillit Bashkiak, Viti 2025 Regjist\u00ebr i Vendimeve t\u00eb K\u00ebshillit Bashkiak, Viti 2024 Regjist\u00ebr i Vendimeve t\u00eb K\u00ebshillit Bashkiak (Qershor 2023 &#8211; Dhjetor 2023) Regjist\u00ebr i Vendimeve t\u00eb K\u00ebshillit Bashkiak (Qershor 2023 &#8211; Shtator 2023) Regjist\u00ebr i Vendimeve t\u00eb K\u00ebshillit Bashkiak (Janar 2023 &#8211; Qershor 2023) Regjist\u00ebr i Vendimeve t\u00eb K\u00ebshillit Bashkiak, [&hellip;]<\/p>\n","protected":false},"author":2,"featured_media":0,"parent":0,"menu_order":0,"comment_status":"closed","ping_status":"closed","template":"","meta":[],"_links":{"self":[{"href":"https:\/\/bashkiamirdite.gov.al\/index.php?rest_route=\/wp\/v2\/pages\/3553"}],"collection":[{"href":"https:\/\/bashkiamirdite.gov.al\/index.php?rest_route=\/wp\/v2\/pages"}],"about":[{"href":"https:\/\/bashkiamirdite.gov.al\/index.php?rest_route=\/wp\/v2\/types\/page"}],"author":[{"embeddable":true,"href":"https:\/\/bashkiamirdite.gov.al\/index.php?rest_route=\/wp\/v2\/users\/2"}],"replies":[{"embeddable":true,"href":"https:\/\/bashkiamirdite.gov.al\/index.php?rest_route=%2Fwp%2Fv2%2Fcomments&post=3553"}],"version-history":[{"count":7,"href":"https:\/\/bashkiamirdite.gov.al\/index.php?rest_route=\/wp\/v2\/pages\/3553\/revisions"}],"predecessor-version":[{"id":7839,"href":"https:\/\/bashkiamirdite.gov.al\/index.php?rest_route=\/wp\/v2\/pages\/3553\/revisions\/7839"}],"wp:attachment":[{"href":"https:\/\/bashkiamirdite.gov.al\/index.php?rest_route=%2Fwp%2Fv2%2Fmedia&parent=3553"}],"curies":[{"name":"wp","href":"https:\/\/api.w.org\/{rel}","templated":true}]}}