{"id":3697,"date":"2023-11-28T23:41:33","date_gmt":"2023-11-28T22:41:33","guid":{"rendered":"http:\/\/bashkiamirdite.gov.al\/?page_id=3697"},"modified":"2023-11-28T23:41:33","modified_gmt":"2023-11-28T22:41:33","slug":"informacioni-qe-eshte-dhene-me-pare","status":"publish","type":"page","link":"https:\/\/bashkiamirdite.gov.al\/?page_id=3697","title":{"rendered":"Informacioni q\u00eb \u00ebsht\u00eb dh\u00ebn\u00eb m\u00eb Par\u00eb"},"content":{"rendered":"<ul>\n<li><strong><a href=\"https:\/\/bashkiamirdite.gov.al\/wp-content\/uploads\/2023\/11\/Kriteret-e-perfitimit-te-burses-per-nxenesit-e-arsimit-parauniversitar.pdf\">Kriteret e perfitimit te burses per nxenesit e arsimit parauniversitar<\/a> <\/strong><\/li>\n<li><strong><a href=\"https:\/\/bashkiamirdite.gov.al\/wp-content\/uploads\/2023\/11\/Kriteret-per-perfitim-bonus-qiraje.pdf\">Kriteret per perfitim bonus qiraje<\/a><\/strong><\/li>\n<\/ul>\n","protected":false},"excerpt":{"rendered":"<p>Kriteret e perfitimit te burses per nxenesit e arsimit parauniversitar Kriteret per perfitim bonus qiraje<\/p>\n","protected":false},"author":2,"featured_media":0,"parent":0,"menu_order":0,"comment_status":"closed","ping_status":"closed","template":"","meta":[],"_links":{"self":[{"href":"https:\/\/bashkiamirdite.gov.al\/index.php?rest_route=\/wp\/v2\/pages\/3697"}],"collection":[{"href":"https:\/\/bashkiamirdite.gov.al\/index.php?rest_route=\/wp\/v2\/pages"}],"about":[{"href":"https:\/\/bashkiamirdite.gov.al\/index.php?rest_route=\/wp\/v2\/types\/page"}],"author":[{"embeddable":true,"href":"https:\/\/bashkiamirdite.gov.al\/index.php?rest_route=\/wp\/v2\/users\/2"}],"replies":[{"embeddable":true,"href":"https:\/\/bashkiamirdite.gov.al\/index.php?rest_route=%2Fwp%2Fv2%2Fcomments&post=3697"}],"version-history":[{"count":2,"href":"https:\/\/bashkiamirdite.gov.al\/index.php?rest_route=\/wp\/v2\/pages\/3697\/revisions"}],"predecessor-version":[{"id":5566,"href":"https:\/\/bashkiamirdite.gov.al\/index.php?rest_route=\/wp\/v2\/pages\/3697\/revisions\/5566"}],"wp:attachment":[{"href":"https:\/\/bashkiamirdite.gov.al\/index.php?rest_route=%2Fwp%2Fv2%2Fmedia&parent=3697"}],"curies":[{"name":"wp","href":"https:\/\/api.w.org\/{rel}","templated":true}]}}