{"id":3712,"date":"2023-11-30T10:48:12","date_gmt":"2023-11-30T09:48:12","guid":{"rendered":"http:\/\/bashkiamirdite.gov.al\/?page_id=3712"},"modified":"2025-01-09T09:49:42","modified_gmt":"2025-01-09T08:49:42","slug":"te-dhenat-per-arsimin-pagat-dhe-kualifikimet","status":"publish","type":"page","link":"https:\/\/bashkiamirdite.gov.al\/?page_id=3712","title":{"rendered":"T\u00eb Dh\u00ebnat p\u00ebr Arsimin, Pagat dhe Kualifikimet"},"content":{"rendered":"<p class=\"x_elementToProof\">Albert Melyshi \u00ebsht\u00eb Kryetari i Bashkis\u00eb Mirdit\u00eb.<\/p>\n<p>Me vizionin \u201cP\u00ebr nj\u00eb qeverisje vendore, sa m\u00eb af\u00ebr qytetar\u00ebve\u201d u \u00a0shpall fitues n\u00eb gar\u00ebn p\u00ebr kryetar t\u00eb Bashkis\u00eb Mirdit\u00eb, n\u00eb zgjedhjet vendore t\u00eb 14 majit 2023.<\/p>\n<p>Jetshkrimi<\/p>\n<p class=\"x_elementToProof\">Albert Melyshi ka lindur n\u00eb Malaj-Mirdit\u00eb me 18.08.1982, dhe banon n\u00eb qytetin e Rr\u00ebshenit.<\/p>\n<p class=\"x_elementToProof\">Ka mbaruar studimet Bachelor p\u00ebr Pun\u00eb Sociale n\u00eb vitin 2009, p\u00ebr t\u00eb vijuar m\u00eb tej me studimet Master n\u00eb Shkenca Sociale.<\/p>\n<p class=\"x_elementToProof\">Ka punuar si m\u00ebsues n\u00eb gjimnazin e qytetit Rr\u00ebshen gjat\u00eb viteve 2013-2015.<\/p>\n<p class=\"x_elementToProof\">Ka qen\u00eb an\u00ebtar i stafit drejtues dhe m\u00ebsues n\u00eb Shkoll\u00ebn Profesionale \u201cSh\u00ebn Jozefi Pun\u00ebtor\u201d n\u00eb vitet 2015-2023.<\/p>\n<p>Aktiviteti Politik<\/p>\n<p>Kryetar i Partis\u00eb Demokratike, Mirdit\u00eb Prill-N\u00ebntor 2022<\/p>\n<p>N\u00ebnkryetar i Partis\u00eb Demokratike Mirdit\u00eb n\u00eb vitet 2018-2021.<\/p>\n<p>Kryetar grupseksioni Rr\u00ebshen n\u00eb vitet 2014-2016.<\/p>\n<p>An\u00ebtar i kryesis\u00eb s\u00eb FRPD-s\u00eb Mirdit\u00eb n\u00eb vitin 2011-2013.<\/p>\n<div class=\"x_elementToProof\">Paga e kryetarit<\/div>\n<div>\u2002\u2002\u2002\u2002\u2002\u2002-Paga bruto&#8230;&#8230;&#8230;&#8230;&#8230;&#8230; 237.000 leke<\/div>\n<div class=\"x_elementToProof\">\u2002\u2002\u2002\u2002\u2002\u2002-Paga neto&#8230;&#8230;&#8230;&#8230;&#8230;&#8230;..\u00a0 \u00a0180.309 leke<\/div>\n<div><\/div>\n<div><\/div>\n<div><\/div>\n","protected":false},"excerpt":{"rendered":"<p>Albert Melyshi \u00ebsht\u00eb Kryetari i Bashkis\u00eb Mirdit\u00eb. Me vizionin \u201cP\u00ebr nj\u00eb qeverisje vendore, sa m\u00eb af\u00ebr qytetar\u00ebve\u201d u \u00a0shpall fitues n\u00eb gar\u00ebn p\u00ebr kryetar t\u00eb Bashkis\u00eb Mirdit\u00eb, n\u00eb zgjedhjet vendore t\u00eb 14 majit 2023. Jetshkrimi Albert Melyshi ka lindur n\u00eb Malaj-Mirdit\u00eb me 18.08.1982, dhe banon n\u00eb qytetin e Rr\u00ebshenit. Ka mbaruar studimet Bachelor p\u00ebr Pun\u00eb [&hellip;]<\/p>\n","protected":false},"author":2,"featured_media":0,"parent":0,"menu_order":0,"comment_status":"closed","ping_status":"closed","template":"","meta":[],"_links":{"self":[{"href":"https:\/\/bashkiamirdite.gov.al\/index.php?rest_route=\/wp\/v2\/pages\/3712"}],"collection":[{"href":"https:\/\/bashkiamirdite.gov.al\/index.php?rest_route=\/wp\/v2\/pages"}],"about":[{"href":"https:\/\/bashkiamirdite.gov.al\/index.php?rest_route=\/wp\/v2\/types\/page"}],"author":[{"embeddable":true,"href":"https:\/\/bashkiamirdite.gov.al\/index.php?rest_route=\/wp\/v2\/users\/2"}],"replies":[{"embeddable":true,"href":"https:\/\/bashkiamirdite.gov.al\/index.php?rest_route=%2Fwp%2Fv2%2Fcomments&post=3712"}],"version-history":[{"count":4,"href":"https:\/\/bashkiamirdite.gov.al\/index.php?rest_route=\/wp\/v2\/pages\/3712\/revisions"}],"predecessor-version":[{"id":6156,"href":"https:\/\/bashkiamirdite.gov.al\/index.php?rest_route=\/wp\/v2\/pages\/3712\/revisions\/6156"}],"wp:attachment":[{"href":"https:\/\/bashkiamirdite.gov.al\/index.php?rest_route=%2Fwp%2Fv2%2Fmedia&parent=3712"}],"curies":[{"name":"wp","href":"https:\/\/api.w.org\/{rel}","templated":true}]}}