{"id":4211,"date":"2023-12-22T08:50:18","date_gmt":"2023-12-22T07:50:18","guid":{"rendered":"http:\/\/bashkiamirdite.gov.al\/?page_id=4211"},"modified":"2024-01-15T11:43:15","modified_gmt":"2024-01-15T10:43:15","slug":"milieukontakt","status":"publish","type":"page","link":"https:\/\/bashkiamirdite.gov.al\/?page_id=4211","title":{"rendered":"Milieukontakt"},"content":{"rendered":"<p id=\"\" style=\"text-align: left;\">Shtigjet e m\u00ebposhtme u pastruan dhe u ri-markuan p\u00ebr vizitor\u00ebt nga organizata Milieukontakt Shqip\u00ebri n\u00eb kuad\u00ebr t\u00eb projektit\u00a0&#8220;Zhvillimi i q\u00ebndruesh\u00ebm i turizmit n\u00eb zon\u00ebn e Mirdit\u00ebs n\u00ebp\u00ebrmjet promovimit t\u00eb trash\u00ebgimis\u00eb kulturore&#8221;, me mb\u00ebshtetjen financiare t\u00eb Bashkimit Evropian. P\u00ebrmbajtja e materialeve jan\u00eb p\u00ebrgjegj\u00ebsi e vetme e Milieukontakt Shqip\u00ebri dhe nuk pasqyron domosdoshm\u00ebrisht pik\u00ebpamjet e Bashkimit Evropian dhe\/ose UNOPS-it.<\/p>\n<ul>\n<li><strong><a href=\"https:\/\/bashkiamirdite.gov.al\/wp-content\/uploads\/2024\/01\/SH-MR-004_Geshtenjat-Kisha-e-Shen-Nikollit_mirembajtur.pdf\">G\u00ebshtenjat-Kisha e Sh\u00ebn Nikollit<\/a><\/strong><\/li>\n<li><strong><a href=\"https:\/\/bashkiamirdite.gov.al\/wp-content\/uploads\/2024\/01\/SH-MR-003_Katund-i-Vjeter-Koder-Molung-Koder-Rubik_mirembajtur.pdf\">Katund i Vjet\u00ebr-Kod\u00ebr Molung-Kod\u00ebr Rubik<\/a><\/strong><\/li>\n<li><strong><a href=\"https:\/\/bashkiamirdite.gov.al\/wp-content\/uploads\/2024\/01\/SH-MR-002_Katund-i-vjeter-Kisha-e-Shen-Gjergjit-Erze_mirembajtur.pdf\">Katund i vjet\u00ebr-Kisha e Sh\u00ebn Gjergjit-Erz\u00eb<\/a><\/strong><\/li>\n<li><strong><a href=\"https:\/\/bashkiamirdite.gov.al\/wp-content\/uploads\/2024\/01\/SH-MR-001-Pictogram-Marianne-Graf-Point-Kalaja_mirembajtur.pdf\">Piktogram\u00eb, Marianne Graf Point Kalaja<\/a><\/strong><\/li>\n<\/ul>\n","protected":false},"excerpt":{"rendered":"<p>Shtigjet e m\u00ebposhtme u pastruan dhe u ri-markuan p\u00ebr vizitor\u00ebt nga organizata Milieukontakt Shqip\u00ebri n\u00eb kuad\u00ebr t\u00eb projektit\u00a0&#8220;Zhvillimi i q\u00ebndruesh\u00ebm i turizmit n\u00eb zon\u00ebn e Mirdit\u00ebs n\u00ebp\u00ebrmjet promovimit t\u00eb trash\u00ebgimis\u00eb kulturore&#8221;, me mb\u00ebshtetjen financiare t\u00eb Bashkimit Evropian. P\u00ebrmbajtja e materialeve jan\u00eb p\u00ebrgjegj\u00ebsi e vetme e Milieukontakt Shqip\u00ebri dhe nuk pasqyron domosdoshm\u00ebrisht pik\u00ebpamjet e Bashkimit Evropian [&hellip;]<\/p>\n","protected":false},"author":2,"featured_media":0,"parent":0,"menu_order":0,"comment_status":"closed","ping_status":"closed","template":"","meta":[],"_links":{"self":[{"href":"https:\/\/bashkiamirdite.gov.al\/index.php?rest_route=\/wp\/v2\/pages\/4211"}],"collection":[{"href":"https:\/\/bashkiamirdite.gov.al\/index.php?rest_route=\/wp\/v2\/pages"}],"about":[{"href":"https:\/\/bashkiamirdite.gov.al\/index.php?rest_route=\/wp\/v2\/types\/page"}],"author":[{"embeddable":true,"href":"https:\/\/bashkiamirdite.gov.al\/index.php?rest_route=\/wp\/v2\/users\/2"}],"replies":[{"embeddable":true,"href":"https:\/\/bashkiamirdite.gov.al\/index.php?rest_route=%2Fwp%2Fv2%2Fcomments&post=4211"}],"version-history":[{"count":4,"href":"https:\/\/bashkiamirdite.gov.al\/index.php?rest_route=\/wp\/v2\/pages\/4211\/revisions"}],"predecessor-version":[{"id":4307,"href":"https:\/\/bashkiamirdite.gov.al\/index.php?rest_route=\/wp\/v2\/pages\/4211\/revisions\/4307"}],"wp:attachment":[{"href":"https:\/\/bashkiamirdite.gov.al\/index.php?rest_route=%2Fwp%2Fv2%2Fmedia&parent=4211"}],"curies":[{"name":"wp","href":"https:\/\/api.w.org\/{rel}","templated":true}]}}