{"id":4599,"date":"2024-02-26T13:33:34","date_gmt":"2024-02-26T12:33:34","guid":{"rendered":"http:\/\/bashkiamirdite.gov.al\/?page_id=4599"},"modified":"2024-04-23T14:16:11","modified_gmt":"2024-04-23T12:16:11","slug":"turizmi","status":"publish","type":"page","link":"https:\/\/bashkiamirdite.gov.al\/?page_id=4599","title":{"rendered":"Turizmi"},"content":{"rendered":"<p id=\"\">Mirdita \u00ebsht\u00eb krahin\u00eb e r\u00ebnd\u00ebsishme etno-gjeografike me nj\u00eb trash\u00ebgimi shum\u00eb t\u00eb pasur historike dhe kulturore, arkeologjike, etnografike, folklorike etj. Gjithashtu natyra e Mirdit\u00ebs ofron mund\u00ebsi t\u00eb shumta p\u00ebr t\u00eb apasionuarit pas turizmit malor\u00eb, aventur\u00ebs, speleologjik etj.<\/p>\n<table style=\"height: 696px;\" width=\"642\">\n<tbody>\n<tr>\n<td style=\"width: 50pt; border: 1pt solid windowtext; background: #5b9bd5; padding: 0in 5.4pt; vertical-align: top;\"><strong>Nr.<\/strong><\/td>\n<td style=\"width: 177.55pt; border: 1pt solid windowtext; background: #5b9bd5; padding: 0in 5.4pt; vertical-align: top;\"><strong>Monumente natyrore<\/strong><\/td>\n<\/tr>\n<tr>\n<td style=\"width: 50pt; border: 1pt solid windowtext; vertical-align: top;\"><strong>1<\/strong><\/td>\n<td style=\"width: 50pt; border: 1pt solid windowtext; vertical-align: top;\">Kanioni i Shehut t\u00eb Keq, Selit\u00eb (Monument Natyre).<\/td>\n<tr>\n<td style=\"width: 50pt; border: 1pt solid windowtext; vertical-align: top;\"><strong>2<\/strong><\/td>\n<td style=\"width: 50pt; border: 1pt solid windowtext; vertical-align: top;\">Shpella Kusia e Ndue Gjonit, M\u00ebrkurth (Monument Natyre).<\/td>\n<\/tr>\n<tr>\n<td style=\"width: 50pt; border: 1pt solid windowtext; vertical-align: top;\"><strong>3<\/strong><\/td>\n<td style=\"width: 50pt; border: 1pt solid windowtext; vertical-align: top;\">Rrobulli i Bla\u00e7it, Selit\u00eb (Monument Natyre).<\/td>\n<\/tr>\n<tr>\n<td style=\"width: 50pt; border: 1pt solid windowtext; vertical-align: top;\"><strong>4<\/strong><\/td>\n<td style=\"width: 50pt; border: 1pt solid windowtext; vertical-align: top;\">Guri Gjon, Kurbnesh (Monument Natyre).<\/td>\n<\/tr>\n<tr>\n<td style=\"width: 50pt; border: 1pt solid windowtext; vertical-align: top;\"><strong>5<\/strong><\/td>\n<td style=\"width: 50pt; border: 1pt solid windowtext; vertical-align: top;\">Guri i Nuses, Sh\u00ebngjin-Fan\u00eb (Monument Natyre).<\/td>\n<\/tr>\n<tr>\n<td style=\"width: 50pt; border: 1pt solid windowtext; vertical-align: top;\"><strong>6<\/strong><\/td>\n<td style=\"width: 50pt; border: 1pt solid windowtext; vertical-align: top;\">Kroi i Bardh\u00eb, Kumbull-Selit\u00eb (Monument Natyre).<\/td>\n<\/tr>\n<tr>\n<td style=\"width: 50pt; border: 1pt solid windowtext; vertical-align: top;\"><strong>7<\/strong><\/td>\n<td style=\"width: 50pt; border: 1pt solid windowtext; vertical-align: top;\">Mrizi i Shna Prendes, Shebe (Monument Natyre).<\/td>\n<\/tr>\n<tr>\n<td style=\"width: 50pt; border: 1pt solid windowtext; vertical-align: top;\"><strong>8<\/strong><\/td>\n<td style=\"width: 50pt; border: 1pt solid windowtext; vertical-align: top;\">Rrapi i Ka\u00e7inarit, Ka\u00e7inar (Monument Natyre).<\/td>\n<\/tr>\n<tr>\n<td style=\"width: 50pt; border: 1pt solid windowtext; vertical-align: top;\"><strong>9<\/strong><\/td>\n<td style=\"width: 50pt; border: 1pt solid windowtext; vertical-align: top;\">Lisat e Shpalit, Shpal (Monument Natyre).<\/td>\n<\/tr>\n<tr>\n<td style=\"width: 50pt; border: 1pt solid windowtext; vertical-align: top;\"><strong>10<\/strong><\/td>\n<td style=\"width: 50pt; border: 1pt solid windowtext; vertical-align: top;\">Lisat e Marpep\u00ebs, Masht\u00ebrkor (Monument Natyre).<\/td>\n<\/tr>\n<tr>\n<td style=\"width: 50pt; border: 1pt solid windowtext; vertical-align: top;\"><strong>11<\/strong><\/td>\n<td style=\"width: 50pt; border: 1pt solid windowtext; vertical-align: top;\">Bjeshka e Oroshit, Orosh (Zon\u00eb e Mbrojtur).<\/td>\n<\/tr>\n<tr>\n<td style=\"width: 50pt; border: 1pt solid windowtext; vertical-align: top;\"><strong>12<\/strong><\/td>\n<td style=\"width: 50pt; border: 1pt solid windowtext; vertical-align: top;\">Mali i Munell\u00ebs, Puk\u00eb &#8211; Mirdit\u00eb (Zon\u00eb e Mbrojtur).<\/td>\n<\/tr>\n<\/tbody>\n<\/table>\n","protected":false},"excerpt":{"rendered":"<p>Mirdita \u00ebsht\u00eb krahin\u00eb e r\u00ebnd\u00ebsishme etno-gjeografike me nj\u00eb trash\u00ebgimi shum\u00eb t\u00eb pasur historike dhe kulturore, arkeologjike, etnografike, folklorike etj. Gjithashtu natyra e Mirdit\u00ebs ofron mund\u00ebsi t\u00eb shumta p\u00ebr t\u00eb apasionuarit pas turizmit malor\u00eb, aventur\u00ebs, speleologjik etj. Nr. Monumente natyrore 1 Kanioni i Shehut t\u00eb Keq, Selit\u00eb (Monument Natyre). 2 Shpella Kusia e Ndue Gjonit, M\u00ebrkurth [&hellip;]<\/p>\n","protected":false},"author":2,"featured_media":0,"parent":0,"menu_order":0,"comment_status":"closed","ping_status":"closed","template":"","meta":[],"_links":{"self":[{"href":"https:\/\/bashkiamirdite.gov.al\/index.php?rest_route=\/wp\/v2\/pages\/4599"}],"collection":[{"href":"https:\/\/bashkiamirdite.gov.al\/index.php?rest_route=\/wp\/v2\/pages"}],"about":[{"href":"https:\/\/bashkiamirdite.gov.al\/index.php?rest_route=\/wp\/v2\/types\/page"}],"author":[{"embeddable":true,"href":"https:\/\/bashkiamirdite.gov.al\/index.php?rest_route=\/wp\/v2\/users\/2"}],"replies":[{"embeddable":true,"href":"https:\/\/bashkiamirdite.gov.al\/index.php?rest_route=%2Fwp%2Fv2%2Fcomments&post=4599"}],"version-history":[{"count":3,"href":"https:\/\/bashkiamirdite.gov.al\/index.php?rest_route=\/wp\/v2\/pages\/4599\/revisions"}],"predecessor-version":[{"id":5100,"href":"https:\/\/bashkiamirdite.gov.al\/index.php?rest_route=\/wp\/v2\/pages\/4599\/revisions\/5100"}],"wp:attachment":[{"href":"https:\/\/bashkiamirdite.gov.al\/index.php?rest_route=%2Fwp%2Fv2%2Fmedia&parent=4599"}],"curies":[{"name":"wp","href":"https:\/\/api.w.org\/{rel}","templated":true}]}}