{"id":4607,"date":"2024-03-01T09:00:09","date_gmt":"2024-03-01T08:00:09","guid":{"rendered":"http:\/\/bashkiamirdite.gov.al\/?page_id=4607"},"modified":"2024-03-01T09:19:28","modified_gmt":"2024-03-01T08:19:28","slug":"regjistri-i-kerkesave-dhe-pergjigjeve-2021","status":"publish","type":"page","link":"https:\/\/bashkiamirdite.gov.al\/?page_id=4607","title":{"rendered":"Regjistri i K\u00ebrkesave dhe P\u00ebrgjigjeve 2021"},"content":{"rendered":"<ul>\n<li style=\"text-align: left;\"><strong><a href=\"https:\/\/bashkiamirdite.gov.al\/wp-content\/uploads\/2022\/05\/Regjistri-Korrik-Gusht-Shtator-2021.pdf\">Regjistri i k\u00ebrkesave dhe p\u00ebrgjigjeve Korrik-Gusht-Shtator 2021<\/a><\/strong><\/li>\n<li style=\"text-align: left;\"><strong><a href=\"https:\/\/bashkiamirdite.gov.al\/wp-content\/uploads\/2022\/05\/Regjistri-i-kerkesave-dhe-pergjigjeve-Shkurt-Mars-Prill-2021.pdf\">Regjistri i k\u00ebrkesave dhe p\u00ebrgjigjeve Shkurt-Mars-Prill 2021<\/a><\/strong><\/li>\n<li style=\"text-align: left;\"><strong><a href=\"https:\/\/bashkiamirdite.gov.al\/wp-content\/uploads\/2022\/05\/Regjistri-i-kerkesave-dhe-pergjigjeve-NENTOR-DHJETOR-2020-JANAR-2021.pdf\">Regjistri i k\u00ebrkesave dhe p\u00ebrgjigjeve N\u00ebntor-Dhjetor 2020, Janar 2021<\/a><\/strong><\/li>\n<\/ul>\n","protected":false},"excerpt":{"rendered":"<p>Regjistri i k\u00ebrkesave dhe p\u00ebrgjigjeve Korrik-Gusht-Shtator 2021 Regjistri i k\u00ebrkesave dhe p\u00ebrgjigjeve Shkurt-Mars-Prill 2021 Regjistri i k\u00ebrkesave dhe p\u00ebrgjigjeve N\u00ebntor-Dhjetor 2020, Janar 2021<\/p>\n","protected":false},"author":2,"featured_media":0,"parent":0,"menu_order":0,"comment_status":"closed","ping_status":"closed","template":"","meta":[],"_links":{"self":[{"href":"https:\/\/bashkiamirdite.gov.al\/index.php?rest_route=\/wp\/v2\/pages\/4607"}],"collection":[{"href":"https:\/\/bashkiamirdite.gov.al\/index.php?rest_route=\/wp\/v2\/pages"}],"about":[{"href":"https:\/\/bashkiamirdite.gov.al\/index.php?rest_route=\/wp\/v2\/types\/page"}],"author":[{"embeddable":true,"href":"https:\/\/bashkiamirdite.gov.al\/index.php?rest_route=\/wp\/v2\/users\/2"}],"replies":[{"embeddable":true,"href":"https:\/\/bashkiamirdite.gov.al\/index.php?rest_route=%2Fwp%2Fv2%2Fcomments&post=4607"}],"version-history":[{"count":5,"href":"https:\/\/bashkiamirdite.gov.al\/index.php?rest_route=\/wp\/v2\/pages\/4607\/revisions"}],"predecessor-version":[{"id":4610,"href":"https:\/\/bashkiamirdite.gov.al\/index.php?rest_route=\/wp\/v2\/pages\/4607\/revisions\/4610"}],"wp:attachment":[{"href":"https:\/\/bashkiamirdite.gov.al\/index.php?rest_route=%2Fwp%2Fv2%2Fmedia&parent=4607"}],"curies":[{"name":"wp","href":"https:\/\/api.w.org\/{rel}","templated":true}]}}