{"id":4621,"date":"2024-03-01T09:37:01","date_gmt":"2024-03-01T08:37:01","guid":{"rendered":"http:\/\/bashkiamirdite.gov.al\/?page_id=4621"},"modified":"2024-03-01T09:37:01","modified_gmt":"2024-03-01T08:37:01","slug":"regjistri-i-kerkesave-dhe-pergjigjeve-2022","status":"publish","type":"page","link":"https:\/\/bashkiamirdite.gov.al\/?page_id=4621","title":{"rendered":"Regjistri i K\u00ebrkesave dhe P\u00ebrgjigjeve 2022"},"content":{"rendered":"<ul>\n<li><strong><a href=\"https:\/\/bashkiamirdite.gov.al\/wp-content\/uploads\/2023\/02\/REGJISTRI-I-KERKESAVE-DHE-PERGJIGJEVE-TETOR-NENTOR-DHJETOR-2022.pdf\">Regjistri i k\u00ebrkesave dhe p\u00ebrgjigjeve Tetor-N\u00ebntor-Dhjetor 2022 <\/a><\/strong><\/li>\n<li><strong><a href=\"https:\/\/bashkiamirdite.gov.al\/wp-content\/uploads\/2023\/02\/REGJISTRI-I-KERKESAVE-DHE-PERGJIGJEVE-KORRIK-GUSHT-SHTATOR-2022.pdf\">Regjistri i k\u00ebrkesave dhe p\u00ebrgjigjeve Korrik-Gusht-Shtator 2022 <\/a><\/strong><\/li>\n<li><strong><a href=\"https:\/\/bashkiamirdite.gov.al\/wp-content\/uploads\/2023\/02\/REGJISTRI-I-KERKESAVE-DHE-PERGJIGJEVE-PRILL-MAJ-QERSHOR-2022.pdf\">Regjistri i k\u00ebrkesave dhe p\u00ebrgjigjeve Prill-Maj-Qershor 2022 <\/a><\/strong><\/li>\n<li><strong><a href=\"https:\/\/bashkiamirdite.gov.al\/wp-content\/uploads\/2022\/05\/Regjistri-janar-shkurt-mars-2022.pdf\">Regjistri i k\u00ebrkesave dhe p\u00ebrgjigjeve Janar-Shkurt-Mars 2022<\/a><\/strong><\/li>\n<\/ul>\n","protected":false},"excerpt":{"rendered":"<p>Regjistri i k\u00ebrkesave dhe p\u00ebrgjigjeve Tetor-N\u00ebntor-Dhjetor 2022 Regjistri i k\u00ebrkesave dhe p\u00ebrgjigjeve Korrik-Gusht-Shtator 2022 Regjistri i k\u00ebrkesave dhe p\u00ebrgjigjeve Prill-Maj-Qershor 2022 Regjistri i k\u00ebrkesave dhe p\u00ebrgjigjeve Janar-Shkurt-Mars 2022<\/p>\n","protected":false},"author":2,"featured_media":0,"parent":0,"menu_order":0,"comment_status":"closed","ping_status":"closed","template":"","meta":[],"_links":{"self":[{"href":"https:\/\/bashkiamirdite.gov.al\/index.php?rest_route=\/wp\/v2\/pages\/4621"}],"collection":[{"href":"https:\/\/bashkiamirdite.gov.al\/index.php?rest_route=\/wp\/v2\/pages"}],"about":[{"href":"https:\/\/bashkiamirdite.gov.al\/index.php?rest_route=\/wp\/v2\/types\/page"}],"author":[{"embeddable":true,"href":"https:\/\/bashkiamirdite.gov.al\/index.php?rest_route=\/wp\/v2\/users\/2"}],"replies":[{"embeddable":true,"href":"https:\/\/bashkiamirdite.gov.al\/index.php?rest_route=%2Fwp%2Fv2%2Fcomments&post=4621"}],"version-history":[{"count":1,"href":"https:\/\/bashkiamirdite.gov.al\/index.php?rest_route=\/wp\/v2\/pages\/4621\/revisions"}],"predecessor-version":[{"id":4622,"href":"https:\/\/bashkiamirdite.gov.al\/index.php?rest_route=\/wp\/v2\/pages\/4621\/revisions\/4622"}],"wp:attachment":[{"href":"https:\/\/bashkiamirdite.gov.al\/index.php?rest_route=%2Fwp%2Fv2%2Fmedia&parent=4621"}],"curies":[{"name":"wp","href":"https:\/\/api.w.org\/{rel}","templated":true}]}}