{"id":4626,"date":"2024-03-01T09:47:43","date_gmt":"2024-03-01T08:47:43","guid":{"rendered":"http:\/\/bashkiamirdite.gov.al\/?page_id=4626"},"modified":"2024-03-01T09:47:43","modified_gmt":"2024-03-01T08:47:43","slug":"regjistri-i-kerkesave-dhe-pergjigjeve-2023","status":"publish","type":"page","link":"https:\/\/bashkiamirdite.gov.al\/?page_id=4626","title":{"rendered":"Regjistri i K\u00ebrkesave dhe P\u00ebrgjigjeve 2023"},"content":{"rendered":"<ul>\n<li id=\"\"><strong><a href=\"https:\/\/bashkiamirdite.gov.al\/wp-content\/uploads\/2024\/01\/tetor-nentor-dhjetor-2023.pdf\">Regjistri i k\u00ebrkesave dhe p\u00ebrgjigjeve Tetor-N\u00ebntor-Dhjetor 2023 <\/a><\/strong><\/li>\n<li><strong><a href=\"https:\/\/bashkiamirdite.gov.al\/wp-content\/uploads\/2023\/10\/KERKESA-DHE-PERGJIGJE-korrik-gusht-shtator.pdf\">Regjistri i k\u00ebrkesave dhe p\u00ebrgjigjeve Korrik-Gusht-Shtator 2023 <\/a><\/strong><\/li>\n<li><strong><a href=\"https:\/\/bashkiamirdite.gov.al\/wp-content\/uploads\/2023\/07\/Regjistri-i-kerkesave-dhe-pergjigjeve-prill-maj-qershor.pdf\">Regjistri i k\u00ebrkesave dhe p\u00ebrgjigjeve Prill-Maj-Qershor 2023<\/a><\/strong><\/li>\n<li><strong><a href=\"https:\/\/bashkiamirdite.gov.al\/wp-content\/uploads\/2023\/04\/KERKESA-DHE-PERGJIGJEVE-Janar-Shkurt-Mars2023-1.pdf\">Regjistri i k\u00ebrkesave dhe p\u00ebrgjigjeve Janar-Shkurt-Mars 2023<\/a><\/strong><\/li>\n<\/ul>\n","protected":false},"excerpt":{"rendered":"<p>Regjistri i k\u00ebrkesave dhe p\u00ebrgjigjeve Tetor-N\u00ebntor-Dhjetor 2023 Regjistri i k\u00ebrkesave dhe p\u00ebrgjigjeve Korrik-Gusht-Shtator 2023 Regjistri i k\u00ebrkesave dhe p\u00ebrgjigjeve Prill-Maj-Qershor 2023 Regjistri i k\u00ebrkesave dhe p\u00ebrgjigjeve Janar-Shkurt-Mars 2023<\/p>\n","protected":false},"author":2,"featured_media":0,"parent":0,"menu_order":0,"comment_status":"closed","ping_status":"closed","template":"","meta":[],"_links":{"self":[{"href":"https:\/\/bashkiamirdite.gov.al\/index.php?rest_route=\/wp\/v2\/pages\/4626"}],"collection":[{"href":"https:\/\/bashkiamirdite.gov.al\/index.php?rest_route=\/wp\/v2\/pages"}],"about":[{"href":"https:\/\/bashkiamirdite.gov.al\/index.php?rest_route=\/wp\/v2\/types\/page"}],"author":[{"embeddable":true,"href":"https:\/\/bashkiamirdite.gov.al\/index.php?rest_route=\/wp\/v2\/users\/2"}],"replies":[{"embeddable":true,"href":"https:\/\/bashkiamirdite.gov.al\/index.php?rest_route=%2Fwp%2Fv2%2Fcomments&post=4626"}],"version-history":[{"count":1,"href":"https:\/\/bashkiamirdite.gov.al\/index.php?rest_route=\/wp\/v2\/pages\/4626\/revisions"}],"predecessor-version":[{"id":4627,"href":"https:\/\/bashkiamirdite.gov.al\/index.php?rest_route=\/wp\/v2\/pages\/4626\/revisions\/4627"}],"wp:attachment":[{"href":"https:\/\/bashkiamirdite.gov.al\/index.php?rest_route=%2Fwp%2Fv2%2Fmedia&parent=4626"}],"curies":[{"name":"wp","href":"https:\/\/api.w.org\/{rel}","templated":true}]}}