{"id":4779,"date":"2024-03-29T08:04:23","date_gmt":"2024-03-29T07:04:23","guid":{"rendered":"http:\/\/bashkiamirdite.gov.al\/?page_id=4779"},"modified":"2024-08-27T11:37:10","modified_gmt":"2024-08-27T09:37:10","slug":"anei-organisation","status":"publish","type":"page","link":"https:\/\/bashkiamirdite.gov.al\/?page_id=4779","title":{"rendered":"ANEI Organisation"},"content":{"rendered":"<ul>\n<li id=\"\"><strong><a href=\"https:\/\/bashkiamirdite.gov.al\/wp-content\/uploads\/2024\/03\/Disegned-Version-Guidebook-on-local-cuisine-1.pdf\">Thesaret e Kuzhin\u00ebs s\u00eb Mirdit\u00ebs<\/a><\/strong><\/li>\n<\/ul>\n","protected":false},"excerpt":{"rendered":"<p>Thesaret e Kuzhin\u00ebs s\u00eb Mirdit\u00ebs<\/p>\n","protected":false},"author":2,"featured_media":0,"parent":0,"menu_order":0,"comment_status":"closed","ping_status":"closed","template":"","meta":[],"_links":{"self":[{"href":"https:\/\/bashkiamirdite.gov.al\/index.php?rest_route=\/wp\/v2\/pages\/4779"}],"collection":[{"href":"https:\/\/bashkiamirdite.gov.al\/index.php?rest_route=\/wp\/v2\/pages"}],"about":[{"href":"https:\/\/bashkiamirdite.gov.al\/index.php?rest_route=\/wp\/v2\/types\/page"}],"author":[{"embeddable":true,"href":"https:\/\/bashkiamirdite.gov.al\/index.php?rest_route=\/wp\/v2\/users\/2"}],"replies":[{"embeddable":true,"href":"https:\/\/bashkiamirdite.gov.al\/index.php?rest_route=%2Fwp%2Fv2%2Fcomments&post=4779"}],"version-history":[{"count":2,"href":"https:\/\/bashkiamirdite.gov.al\/index.php?rest_route=\/wp\/v2\/pages\/4779\/revisions"}],"predecessor-version":[{"id":5562,"href":"https:\/\/bashkiamirdite.gov.al\/index.php?rest_route=\/wp\/v2\/pages\/4779\/revisions\/5562"}],"wp:attachment":[{"href":"https:\/\/bashkiamirdite.gov.al\/index.php?rest_route=%2Fwp%2Fv2%2Fmedia&parent=4779"}],"curies":[{"name":"wp","href":"https:\/\/api.w.org\/{rel}","templated":true}]}}