{"id":5000,"date":"2024-04-22T11:23:18","date_gmt":"2024-04-22T09:23:18","guid":{"rendered":"http:\/\/bashkiamirdite.gov.al\/?page_id=5000"},"modified":"2024-04-22T11:53:23","modified_gmt":"2024-04-22T09:53:23","slug":"proces-verbalet-e-mbledhjes-se-keshillit-bashkiak-viti-2023","status":"publish","type":"page","link":"https:\/\/bashkiamirdite.gov.al\/?page_id=5000","title":{"rendered":"Proces-Verbalet e Mbledhjes s\u00eb K\u00ebshillit Bashkiak, viti 2023"},"content":{"rendered":"<ul>\r\n<li><strong><a href=\"https:\/\/bashkiamirdite.gov.al\/wp-content\/uploads\/2024\/01\/Proces-Verbal-Dhjetor-2023.pdf\">Proces-Verbal i Mbledhjes s\u00eb K\u00ebshillit (Dhjetor 2023)<\/a><\/strong><\/li>\r\n<li><strong><a href=\"https:\/\/bashkiamirdite.gov.al\/wp-content\/uploads\/2023\/12\/Proces-Verbal-Nentor-2023.pdf\">Proces-Verbal i Mbledhjes s\u00eb K\u00ebshillit (N\u00ebntor 2023)<\/a><\/strong><\/li>\r\n<li><strong><a href=\"https:\/\/bashkiamirdite.gov.al\/wp-content\/uploads\/2023\/12\/Proces-Verbal-Tetor-2023_compressed.pdf\">Proces-Verbal i Mbledhjes s\u00eb K\u00ebshillit (Tetor 2023)<\/a><\/strong><\/li>\r\n<li><strong><a href=\"https:\/\/bashkiamirdite.gov.al\/wp-content\/uploads\/2023\/10\/Proces-verbal-Mbledhje-Keshilli-Shtator-2023_compressed.pdf\">Proces-Verbal i Mbledhjes s\u00eb K\u00ebshillit (Shtator 2023)<\/a><\/strong><\/li>\r\n<li><strong><a href=\"https:\/\/bashkiamirdite.gov.al\/wp-content\/uploads\/2023\/09\/Precesverbali-gusht-2023_compressed.pdf\">Proces-Verbal i Mbledhjes s\u00eb K\u00ebshillit (Gusht 2023)<\/a><\/strong><\/li>\r\n<li><strong><a href=\"https:\/\/bashkiamirdite.gov.al\/wp-content\/uploads\/2023\/09\/Procesverbali-korrik-2023_compressed.pdf\">Proces-Verbal i Mbledhjes s\u00eb K\u00ebshillit (Korrik 2023)<\/a><\/strong><\/li>\r\n<li><strong><a href=\"https:\/\/bashkiamirdite.gov.al\/wp-content\/uploads\/2023\/07\/Proces-verbal-i-mbledhjes_Compress.pdf\">Proces-Verbal i Mbledhjes s\u00eb K\u00ebshillit (27 Qershor 2023)<\/a>\u00a0<\/strong><\/li>\r\n<li><strong><a href=\"https:\/\/bashkiamirdite.gov.al\/wp-content\/uploads\/2024\/01\/Proces-Verbal-Qershor-2023.pdf\">Proces-Verbal i Mbledhjes s\u00eb K\u00ebshillit (Qershor 2023)<\/a><\/strong><\/li>\r\n<li><strong><a href=\"https:\/\/bashkiamirdite.gov.al\/wp-content\/uploads\/2024\/01\/Proces-Verbal-Maj-2023.pdf\">Proces-Verbal i Mbledhjes s\u00eb K\u00ebshillit (Maj 2023)<\/a><\/strong><\/li>\r\n<li><strong><a href=\"https:\/\/bashkiamirdite.gov.al\/wp-content\/uploads\/2024\/01\/Proces-Verbal-Prill-2023.pdf\">Proces-Verbal i Mbledhjes s\u00eb K\u00ebshillit (Prill 2023)<\/a><\/strong><\/li>\r\n<li><strong><a href=\"https:\/\/bashkiamirdite.gov.al\/wp-content\/uploads\/2024\/01\/Proces-Verbal-Mars-2023.pdf\">Proces-Verbal i Mbledhjes s\u00eb K\u00ebshillit (Mars 2023)<\/a><\/strong><\/li>\r\n<li><strong><a href=\"https:\/\/bashkiamirdite.gov.al\/wp-content\/uploads\/2024\/01\/Proces-Verbal-28-Shkurt-2023.pdf\">Proces-Verbal i Mbledhjes s\u00eb K\u00ebshillit (28 Shkurt 2023)<\/a><\/strong><\/li>\r\n<li><strong><a href=\"https:\/\/bashkiamirdite.gov.al\/wp-content\/uploads\/2024\/01\/Proces-Verbal-Shkurt-2023.pdf\">Proces-Verbal i Mbledhjes s\u00eb K\u00ebshillit (Shkurt 2023)<\/a><\/strong><\/li>\r\n<li><strong><a href=\"https:\/\/bashkiamirdite.gov.al\/wp-content\/uploads\/2024\/01\/Proces-Verbal-Janar-2023.pdf\">Proces-Verbal i Mbledhjes s\u00eb K\u00ebshillit (31 Janar 2023)<\/a><\/strong><\/li>\r\n<li><strong><a href=\"https:\/\/bashkiamirdite.gov.al\/wp-content\/uploads\/2024\/01\/Procesverbal-i-Mbledhjes-se-Keshillit-Janar-2023.pdf\">Proces-Verbal i Mbledhjes s\u00eb K\u00ebshillit (Janar 2023)<\/a><\/strong><\/li>\r\n<\/ul>","protected":false},"excerpt":{"rendered":"<p>Proces-Verbal i Mbledhjes s\u00eb K\u00ebshillit (Dhjetor 2023) Proces-Verbal i Mbledhjes s\u00eb K\u00ebshillit (N\u00ebntor 2023) Proces-Verbal i Mbledhjes s\u00eb K\u00ebshillit (Tetor 2023) Proces-Verbal i Mbledhjes s\u00eb K\u00ebshillit (Shtator 2023) Proces-Verbal i Mbledhjes s\u00eb K\u00ebshillit (Gusht 2023) Proces-Verbal i Mbledhjes s\u00eb K\u00ebshillit (Korrik 2023) Proces-Verbal i Mbledhjes s\u00eb K\u00ebshillit (27 Qershor 2023)\u00a0 Proces-Verbal i Mbledhjes s\u00eb K\u00ebshillit [&hellip;]<\/p>\n","protected":false},"author":2,"featured_media":0,"parent":0,"menu_order":0,"comment_status":"closed","ping_status":"closed","template":"","meta":[],"_links":{"self":[{"href":"https:\/\/bashkiamirdite.gov.al\/index.php?rest_route=\/wp\/v2\/pages\/5000"}],"collection":[{"href":"https:\/\/bashkiamirdite.gov.al\/index.php?rest_route=\/wp\/v2\/pages"}],"about":[{"href":"https:\/\/bashkiamirdite.gov.al\/index.php?rest_route=\/wp\/v2\/types\/page"}],"author":[{"embeddable":true,"href":"https:\/\/bashkiamirdite.gov.al\/index.php?rest_route=\/wp\/v2\/users\/2"}],"replies":[{"embeddable":true,"href":"https:\/\/bashkiamirdite.gov.al\/index.php?rest_route=%2Fwp%2Fv2%2Fcomments&post=5000"}],"version-history":[{"count":7,"href":"https:\/\/bashkiamirdite.gov.al\/index.php?rest_route=\/wp\/v2\/pages\/5000\/revisions"}],"predecessor-version":[{"id":5011,"href":"https:\/\/bashkiamirdite.gov.al\/index.php?rest_route=\/wp\/v2\/pages\/5000\/revisions\/5011"}],"wp:attachment":[{"href":"https:\/\/bashkiamirdite.gov.al\/index.php?rest_route=%2Fwp%2Fv2%2Fmedia&parent=5000"}],"curies":[{"name":"wp","href":"https:\/\/api.w.org\/{rel}","templated":true}]}}