{"id":5250,"date":"2024-05-20T11:15:51","date_gmt":"2024-05-20T09:15:51","guid":{"rendered":"http:\/\/bashkiamirdite.gov.al\/?page_id=5250"},"modified":"2025-02-18T10:51:11","modified_gmt":"2025-02-18T09:51:11","slug":"kendi-be","status":"publish","type":"page","link":"https:\/\/bashkiamirdite.gov.al\/?page_id=5250","title":{"rendered":"K\u00ebndi BE"},"content":{"rendered":"<ul>\n<li><strong><a href=\"https:\/\/bashkiamirdite.gov.al\/wp-content\/uploads\/2025\/02\/Marreveshje-bashkepunimi-me-projektin-Bashki-te-Forta.pdf\">Marr\u00ebveshje Bashk\u00ebpunimi me Projektin Bashki t\u00eb Forta ( E p\u00ebrdit\u00ebsuar)<\/a><\/strong><\/li>\n<\/ul>\n","protected":false},"excerpt":{"rendered":"<p>Marr\u00ebveshje Bashk\u00ebpunimi me Projektin Bashki t\u00eb Forta ( E p\u00ebrdit\u00ebsuar)<\/p>\n","protected":false},"author":2,"featured_media":0,"parent":0,"menu_order":0,"comment_status":"closed","ping_status":"closed","template":"","meta":[],"_links":{"self":[{"href":"https:\/\/bashkiamirdite.gov.al\/index.php?rest_route=\/wp\/v2\/pages\/5250"}],"collection":[{"href":"https:\/\/bashkiamirdite.gov.al\/index.php?rest_route=\/wp\/v2\/pages"}],"about":[{"href":"https:\/\/bashkiamirdite.gov.al\/index.php?rest_route=\/wp\/v2\/types\/page"}],"author":[{"embeddable":true,"href":"https:\/\/bashkiamirdite.gov.al\/index.php?rest_route=\/wp\/v2\/users\/2"}],"replies":[{"embeddable":true,"href":"https:\/\/bashkiamirdite.gov.al\/index.php?rest_route=%2Fwp%2Fv2%2Fcomments&post=5250"}],"version-history":[{"count":4,"href":"https:\/\/bashkiamirdite.gov.al\/index.php?rest_route=\/wp\/v2\/pages\/5250\/revisions"}],"predecessor-version":[{"id":6422,"href":"https:\/\/bashkiamirdite.gov.al\/index.php?rest_route=\/wp\/v2\/pages\/5250\/revisions\/6422"}],"wp:attachment":[{"href":"https:\/\/bashkiamirdite.gov.al\/index.php?rest_route=%2Fwp%2Fv2%2Fmedia&parent=5250"}],"curies":[{"name":"wp","href":"https:\/\/api.w.org\/{rel}","templated":true}]}}