{"id":5483,"date":"2024-07-30T10:38:17","date_gmt":"2024-07-30T08:38:17","guid":{"rendered":"http:\/\/bashkiamirdite.gov.al\/?page_id=5483"},"modified":"2024-07-30T10:38:17","modified_gmt":"2024-07-30T08:38:17","slug":"regjistri-i-projekt-akteve-per-konsultim-publik-te-keshillit-bashkiak","status":"publish","type":"page","link":"https:\/\/bashkiamirdite.gov.al\/?page_id=5483","title":{"rendered":"REGJISTRI I PROJEKT AKTEVE P\u00cbR KONSULTIM PUBLIK, T\u00cb K\u00cbSHILLIT BASHKIAK"},"content":{"rendered":"<p><iframe src=\"https:\/\/docs.google.com\/spreadsheets\/d\/e\/2PACX-1vR_HsdOv_0ItgHFmD_SQywKY6nEXuxFEpTN7m_ZVaTeP8IuHRH_uxRFpf46JeiSKQ\/pubhtml?widget=true&amp;headers=false\"width=\"100%,\" height=\"650px\"><\/iframe><\/p>\n","protected":false},"excerpt":{"rendered":"","protected":false},"author":2,"featured_media":0,"parent":0,"menu_order":0,"comment_status":"closed","ping_status":"closed","template":"","meta":[],"_links":{"self":[{"href":"https:\/\/bashkiamirdite.gov.al\/index.php?rest_route=\/wp\/v2\/pages\/5483"}],"collection":[{"href":"https:\/\/bashkiamirdite.gov.al\/index.php?rest_route=\/wp\/v2\/pages"}],"about":[{"href":"https:\/\/bashkiamirdite.gov.al\/index.php?rest_route=\/wp\/v2\/types\/page"}],"author":[{"embeddable":true,"href":"https:\/\/bashkiamirdite.gov.al\/index.php?rest_route=\/wp\/v2\/users\/2"}],"replies":[{"embeddable":true,"href":"https:\/\/bashkiamirdite.gov.al\/index.php?rest_route=%2Fwp%2Fv2%2Fcomments&post=5483"}],"version-history":[{"count":1,"href":"https:\/\/bashkiamirdite.gov.al\/index.php?rest_route=\/wp\/v2\/pages\/5483\/revisions"}],"predecessor-version":[{"id":5484,"href":"https:\/\/bashkiamirdite.gov.al\/index.php?rest_route=\/wp\/v2\/pages\/5483\/revisions\/5484"}],"wp:attachment":[{"href":"https:\/\/bashkiamirdite.gov.al\/index.php?rest_route=%2Fwp%2Fv2%2Fmedia&parent=5483"}],"curies":[{"name":"wp","href":"https:\/\/api.w.org\/{rel}","templated":true}]}}