{"id":6159,"date":"2025-01-10T11:28:23","date_gmt":"2025-01-10T10:28:23","guid":{"rendered":"http:\/\/bashkiamirdite.gov.al\/?page_id=6159"},"modified":"2025-12-31T16:05:32","modified_gmt":"2025-12-31T15:05:32","slug":"trashegimet-e-viteve","status":"publish","type":"page","link":"https:\/\/bashkiamirdite.gov.al\/?page_id=6159","title":{"rendered":"Trash\u00ebgimet e Buxhetit Nd\u00ebr Vite"},"content":{"rendered":"<ul>\n<li><strong><a href=\"https:\/\/bashkiamirdite.gov.al\/wp-content\/uploads\/2025\/12\/trashegimet-2024-per-2025.pdf\">Buxheti 2025 Trash\u00ebgimet e Vitit 2024 P\u00ebr Vitin 2025<\/a><\/strong><\/li>\n<li><strong><a href=\"https:\/\/bashkiamirdite.gov.al\/wp-content\/uploads\/2025\/01\/BUXHETI-2024-TRASHEGIMET-2023-PER-2024.pdf\">Buxheti 2024 Trash\u00ebgimet e Vitit 2023 P\u00ebr Vitin 2024<\/a><\/strong><\/li>\n<li><strong><a href=\"https:\/\/bashkiamirdite.gov.al\/wp-content\/uploads\/2023\/03\/BUXHETI-2023-TRASHEGIMET-VITI-2022-PER-VITIN-2023.pdf\">Buxheti 2023 Trash\u00ebgimet e Vitit 2022 P\u00ebr Vitin 2023<\/a><\/strong><\/li>\n<\/ul>\n","protected":false},"excerpt":{"rendered":"<p>Buxheti 2025 Trash\u00ebgimet e Vitit 2024 P\u00ebr Vitin 2025 Buxheti 2024 Trash\u00ebgimet e Vitit 2023 P\u00ebr Vitin 2024 Buxheti 2023 Trash\u00ebgimet e Vitit 2022 P\u00ebr Vitin 2023<\/p>\n","protected":false},"author":2,"featured_media":0,"parent":0,"menu_order":0,"comment_status":"closed","ping_status":"closed","template":"","meta":[],"_links":{"self":[{"href":"https:\/\/bashkiamirdite.gov.al\/index.php?rest_route=\/wp\/v2\/pages\/6159"}],"collection":[{"href":"https:\/\/bashkiamirdite.gov.al\/index.php?rest_route=\/wp\/v2\/pages"}],"about":[{"href":"https:\/\/bashkiamirdite.gov.al\/index.php?rest_route=\/wp\/v2\/types\/page"}],"author":[{"embeddable":true,"href":"https:\/\/bashkiamirdite.gov.al\/index.php?rest_route=\/wp\/v2\/users\/2"}],"replies":[{"embeddable":true,"href":"https:\/\/bashkiamirdite.gov.al\/index.php?rest_route=%2Fwp%2Fv2%2Fcomments&post=6159"}],"version-history":[{"count":4,"href":"https:\/\/bashkiamirdite.gov.al\/index.php?rest_route=\/wp\/v2\/pages\/6159\/revisions"}],"predecessor-version":[{"id":7785,"href":"https:\/\/bashkiamirdite.gov.al\/index.php?rest_route=\/wp\/v2\/pages\/6159\/revisions\/7785"}],"wp:attachment":[{"href":"https:\/\/bashkiamirdite.gov.al\/index.php?rest_route=%2Fwp%2Fv2%2Fmedia&parent=6159"}],"curies":[{"name":"wp","href":"https:\/\/api.w.org\/{rel}","templated":true}]}}