{"id":6171,"date":"2025-01-14T10:57:26","date_gmt":"2025-01-14T09:57:26","guid":{"rendered":"http:\/\/bashkiamirdite.gov.al\/?page_id=6171"},"modified":"2025-01-14T11:13:58","modified_gmt":"2025-01-14T10:13:58","slug":"proces-verbalet-e-mbledhjes-se-keshillit-bashkiak-viti-2024","status":"publish","type":"page","link":"https:\/\/bashkiamirdite.gov.al\/?page_id=6171","title":{"rendered":"Proces-Verbalet e Mbledhjes s\u00eb K\u00ebshillit Bashkiak, (viti 2024)"},"content":{"rendered":"<ul>\n<li><strong><a href=\"https:\/\/bashkiamirdite.gov.al\/wp-content\/uploads\/2025\/01\/Proces-Verbal-Dhjetor-2024.pdf\">Proces-Verbal i Mbledhjes s\u00eb K\u00ebshillit (Dhjetor 2024)<\/a><\/strong><\/li>\n<li><strong><a href=\"https:\/\/bashkiamirdite.gov.al\/wp-content\/uploads\/2025\/01\/Proces-Verbal-Nentor-2024.pdf\">Proces-Verbal i Mbledhjes s\u00eb K\u00ebshillit (N\u00ebntor 2024)<\/a><\/strong><\/li>\n<li><strong><a href=\"https:\/\/bashkiamirdite.gov.al\/wp-content\/uploads\/2024\/11\/Proces-verbal-Tetor-2024.pdf\">Proces-Verbal i Mbledhjes s\u00eb K\u00ebshillit (Tetor 2024)<\/a><\/strong><\/li>\n<li id=\"\"><strong><a href=\"https:\/\/bashkiamirdite.gov.al\/wp-content\/uploads\/2024\/11\/Proces-Verbali-Shtator-2024.pdf\">Proces-Verbal i Mbledhjes s\u00eb K\u00ebshillit (Shtator 2024)<\/a><\/strong><\/li>\n<li id=\"\"><strong><a href=\"https:\/\/bashkiamirdite.gov.al\/wp-content\/uploads\/2024\/08\/Proces-Verbal-Gusht-2024.pdf\">Proces-Verbal i Mbledhjes s\u00eb K\u00ebshillit (Gusht 2024)<\/a><\/strong><\/li>\n<li><strong><a href=\"https:\/\/bashkiamirdite.gov.al\/wp-content\/uploads\/2024\/08\/Proces-Verbal-Korrik-2024.pdf\">Proces-Verbal i Mbledhjes s\u00eb K\u00ebshillit (Korrik 2024)<\/a><\/strong><\/li>\n<li id=\"\"><strong><a href=\"https:\/\/bashkiamirdite.gov.al\/wp-content\/uploads\/2024\/07\/Proces-verbal-qershor-2024.pdf\">Proces-Verbal i Mbledhjes s\u00eb K\u00ebshillit ( 24 Qershor 2024)<\/a><\/strong><\/li>\n<li id=\"\"><strong><a href=\"https:\/\/bashkiamirdite.gov.al\/wp-content\/uploads\/2024\/06\/Proces-Verbal-3-Qershor-2024.pdf\">Proces-Verbal i Mbledhjes s\u00eb K\u00ebshillit (Qershor 2024)<\/a><\/strong><\/li>\n<li id=\"\"><strong><a href=\"https:\/\/bashkiamirdite.gov.al\/wp-content\/uploads\/2024\/05\/Proces-Verbal-i-Mbledhjes-se-Keshillit-jashte-radhe-10-maj-2024.pdf\">Proces-Verbal i Mbledhjes s\u00eb K\u00ebshillit i Mbajtur Jasht\u00eb Radhe (10 maj 2024)<\/a><\/strong><\/li>\n<li id=\"\"><strong><a href=\"https:\/\/bashkiamirdite.gov.al\/wp-content\/uploads\/2024\/05\/Procesverbal-Prill-2024.pdf\">Proces-Verbal i Mbledhjes s\u00eb K\u00ebshillit (Prill 2024)<\/a><\/strong><\/li>\n<li id=\"\"><strong><a href=\"https:\/\/bashkiamirdite.gov.al\/wp-content\/uploads\/2024\/05\/Procesverbal-mars-2024.pdf\">Proces-Verbal i Mbledhjes s\u00eb K\u00ebshillit (Mars 2024)<\/a><\/strong><\/li>\n<li id=\"\"><strong><a href=\"https:\/\/bashkiamirdite.gov.al\/wp-content\/uploads\/2024\/05\/Procesverbal-Shkurt-2024.pdf\">Proces-Verbal i Mbledhjes s\u00eb K\u00ebshillit (Shkurt 2024)<\/a><\/strong><\/li>\n<li id=\"\"><strong><a href=\"https:\/\/bashkiamirdite.gov.al\/wp-content\/uploads\/2024\/02\/Proces-Verbal-Janar-2024.pdf\">Proces-Verbal i Mbledhjes s\u00eb K\u00ebshillit (Janar 2024)<\/a><\/strong><\/li>\n<\/ul>\n","protected":false},"excerpt":{"rendered":"<p>Proces-Verbal i Mbledhjes s\u00eb K\u00ebshillit (Dhjetor 2024) Proces-Verbal i Mbledhjes s\u00eb K\u00ebshillit (N\u00ebntor 2024) Proces-Verbal i Mbledhjes s\u00eb K\u00ebshillit (Tetor 2024) Proces-Verbal i Mbledhjes s\u00eb K\u00ebshillit (Shtator 2024) Proces-Verbal i Mbledhjes s\u00eb K\u00ebshillit (Gusht 2024) Proces-Verbal i Mbledhjes s\u00eb K\u00ebshillit (Korrik 2024) Proces-Verbal i Mbledhjes s\u00eb K\u00ebshillit ( 24 Qershor 2024) Proces-Verbal i Mbledhjes s\u00eb [&hellip;]<\/p>\n","protected":false},"author":2,"featured_media":0,"parent":0,"menu_order":0,"comment_status":"closed","ping_status":"closed","template":"","meta":[],"_links":{"self":[{"href":"https:\/\/bashkiamirdite.gov.al\/index.php?rest_route=\/wp\/v2\/pages\/6171"}],"collection":[{"href":"https:\/\/bashkiamirdite.gov.al\/index.php?rest_route=\/wp\/v2\/pages"}],"about":[{"href":"https:\/\/bashkiamirdite.gov.al\/index.php?rest_route=\/wp\/v2\/types\/page"}],"author":[{"embeddable":true,"href":"https:\/\/bashkiamirdite.gov.al\/index.php?rest_route=\/wp\/v2\/users\/2"}],"replies":[{"embeddable":true,"href":"https:\/\/bashkiamirdite.gov.al\/index.php?rest_route=%2Fwp%2Fv2%2Fcomments&post=6171"}],"version-history":[{"count":5,"href":"https:\/\/bashkiamirdite.gov.al\/index.php?rest_route=\/wp\/v2\/pages\/6171\/revisions"}],"predecessor-version":[{"id":6180,"href":"https:\/\/bashkiamirdite.gov.al\/index.php?rest_route=\/wp\/v2\/pages\/6171\/revisions\/6180"}],"wp:attachment":[{"href":"https:\/\/bashkiamirdite.gov.al\/index.php?rest_route=%2Fwp%2Fv2%2Fmedia&parent=6171"}],"curies":[{"name":"wp","href":"https:\/\/api.w.org\/{rel}","templated":true}]}}