{"id":6276,"date":"2025-02-06T11:31:07","date_gmt":"2025-02-06T10:31:07","guid":{"rendered":"http:\/\/bashkiamirdite.gov.al\/?page_id=6276"},"modified":"2025-02-06T11:31:07","modified_gmt":"2025-02-06T10:31:07","slug":"regjistri-i-kerkesave-dhe-pergjigjeve-2024","status":"publish","type":"page","link":"https:\/\/bashkiamirdite.gov.al\/?page_id=6276","title":{"rendered":"Regjistri i K\u00ebrkesave dhe P\u00ebrgjigjeve 2024"},"content":{"rendered":"<ul>\n<li><strong><a href=\"https:\/\/bashkiamirdite.gov.al\/wp-content\/uploads\/2025\/01\/Regjistri-dhjetor-2024.pdf\">Regjistri i K\u00ebrkesave dhe P\u00ebrgjigjeve, Dhjetor 2024<\/a><\/strong><\/li>\n<li><strong><a href=\"https:\/\/bashkiamirdite.gov.al\/wp-content\/uploads\/2024\/12\/Regjistri-i-kerkesave-dhe-pergjigjeve-nentor-2024.pdf\">Regjistri i K\u00ebrkesave dhe P\u00ebrgjigjeve, N\u00ebntor 2024<\/a><\/strong><\/li>\n<li><strong><a href=\"https:\/\/bashkiamirdite.gov.al\/wp-content\/uploads\/2024\/11\/Regjistri-tetor-2024.-1.pdf\">Regjistri i K\u00ebrkesave dhe P\u00ebrgjigjeve, Tetor 2024<\/a><\/strong><\/li>\n<li><strong><a href=\"https:\/\/bashkiamirdite.gov.al\/wp-content\/uploads\/2024\/10\/Regjistri-shtator-2024.pdf\">Regjistri i K\u00ebrkesave dhe P\u00ebrgjigjeve, Shtator 2024<\/a><\/strong><\/li>\n<li><strong><a href=\"https:\/\/bashkiamirdite.gov.al\/wp-content\/uploads\/2024\/09\/Regjistri-gusht-2024.pdf\">Regjistri i K\u00ebrkesave dhe P\u00ebrgjigjeve, Gusht 2024<\/a><\/strong><\/li>\n<li><strong><a href=\"https:\/\/bashkiamirdite.gov.al\/wp-content\/uploads\/2024\/07\/Regjistri-i-kerkesave-korrik-2024.pdf\">Regjistri i K\u00ebrkesave dhe P\u00ebrgjigjeve, Korrik 2024<\/a><\/strong><\/li>\n<li><strong><a href=\"https:\/\/bashkiamirdite.gov.al\/wp-content\/uploads\/2024\/07\/Regjistri-i-kerkesave-Qershor-2024.pdf\">Regjistri i K\u00ebrkesave dhe P\u00ebrgjigjeve, Qershor 2024<\/a><\/strong><\/li>\n<li><strong><a href=\"https:\/\/bashkiamirdite.gov.al\/wp-content\/uploads\/2024\/06\/Regjistri-i-muajit-maj-2024.pdf\">Regjistri i K\u00ebrkesave dhe P\u00ebrgjigjeve, Maj 2024<\/a><\/strong><\/li>\n<li><strong><a href=\"https:\/\/bashkiamirdite.gov.al\/wp-content\/uploads\/2024\/05\/Regjistri-muaji-prill-2024.pdf\">Regjistri i K\u00ebrkesave dhe P\u00ebrgjigjeve, Prill 2024<\/a><\/strong><\/li>\n<li><strong><a href=\"https:\/\/bashkiamirdite.gov.al\/wp-content\/uploads\/2024\/04\/Regjistri-muaji-mars.pdf\">Regjistri i K\u00ebrkesave dhe P\u00ebrgjigjeve, Mars 2024<\/a><\/strong><\/li>\n<li><strong><a href=\"https:\/\/bashkiamirdite.gov.al\/wp-content\/uploads\/2024\/03\/Regjistri-shkurt-2024-1.pdf\">Regjistri i K\u00ebrkesave dhe P\u00ebrgjigjeve, Shkurt 2024<\/a><\/strong><\/li>\n<li><strong><a href=\"https:\/\/bashkiamirdite.gov.al\/wp-content\/uploads\/2024\/01\/Regjistri-janar-2024..pdf\">Regjistri i K\u00ebrkesave dhe P\u00ebrgjigjeve, Janar 2024<\/a><\/strong><\/li>\n<\/ul>\n","protected":false},"excerpt":{"rendered":"<p>Regjistri i K\u00ebrkesave dhe P\u00ebrgjigjeve, Dhjetor 2024 Regjistri i K\u00ebrkesave dhe P\u00ebrgjigjeve, N\u00ebntor 2024 Regjistri i K\u00ebrkesave dhe P\u00ebrgjigjeve, Tetor 2024 Regjistri i K\u00ebrkesave dhe P\u00ebrgjigjeve, Shtator 2024 Regjistri i K\u00ebrkesave dhe P\u00ebrgjigjeve, Gusht 2024 Regjistri i K\u00ebrkesave dhe P\u00ebrgjigjeve, Korrik 2024 Regjistri i K\u00ebrkesave dhe P\u00ebrgjigjeve, Qershor 2024 Regjistri i K\u00ebrkesave dhe P\u00ebrgjigjeve, Maj [&hellip;]<\/p>\n","protected":false},"author":2,"featured_media":0,"parent":0,"menu_order":0,"comment_status":"closed","ping_status":"closed","template":"","meta":[],"_links":{"self":[{"href":"https:\/\/bashkiamirdite.gov.al\/index.php?rest_route=\/wp\/v2\/pages\/6276"}],"collection":[{"href":"https:\/\/bashkiamirdite.gov.al\/index.php?rest_route=\/wp\/v2\/pages"}],"about":[{"href":"https:\/\/bashkiamirdite.gov.al\/index.php?rest_route=\/wp\/v2\/types\/page"}],"author":[{"embeddable":true,"href":"https:\/\/bashkiamirdite.gov.al\/index.php?rest_route=\/wp\/v2\/users\/2"}],"replies":[{"embeddable":true,"href":"https:\/\/bashkiamirdite.gov.al\/index.php?rest_route=%2Fwp%2Fv2%2Fcomments&post=6276"}],"version-history":[{"count":1,"href":"https:\/\/bashkiamirdite.gov.al\/index.php?rest_route=\/wp\/v2\/pages\/6276\/revisions"}],"predecessor-version":[{"id":6279,"href":"https:\/\/bashkiamirdite.gov.al\/index.php?rest_route=\/wp\/v2\/pages\/6276\/revisions\/6279"}],"wp:attachment":[{"href":"https:\/\/bashkiamirdite.gov.al\/index.php?rest_route=%2Fwp%2Fv2%2Fmedia&parent=6276"}],"curies":[{"name":"wp","href":"https:\/\/api.w.org\/{rel}","templated":true}]}}