{"id":6327,"date":"2025-02-14T12:59:19","date_gmt":"2025-02-14T11:59:19","guid":{"rendered":"http:\/\/bashkiamirdite.gov.al\/?page_id=6327"},"modified":"2026-01-08T09:39:08","modified_gmt":"2026-01-08T08:39:08","slug":"vendimet-e-keshillit-bashkiak-mirdite-viti-2025-perditesim","status":"publish","type":"page","link":"https:\/\/bashkiamirdite.gov.al\/?page_id=6327","title":{"rendered":"Vendimet e K\u00ebshillit Bashkiak Mirdit\u00eb, Viti 2025"},"content":{"rendered":"<ul>\n<li><strong><a href=\"https:\/\/bashkiamirdite.gov.al\/?page_id=7794\">Vendime t\u00eb K\u00ebshillit Bashkiak Mirdit\u00eb, Dhjetor 2025<\/a><\/strong><\/li>\n<li><strong><a href=\"https:\/\/bashkiamirdite.gov.al\/?page_id=7748\">Vendime t\u00eb K\u00ebshillit Bashkiak Mirdit\u00eb, N\u00ebntor 2025<\/a><\/strong><\/li>\n<li><strong><a href=\"https:\/\/bashkiamirdite.gov.al\/?page_id=7570\">Vendime t\u00eb K\u00ebshillit Bashkiak Mirdit\u00eb, Tetor 2025<\/a><\/strong><\/li>\n<li><strong><a href=\"https:\/\/bashkiamirdite.gov.al\/?page_id=7425\">Vendime t\u00eb K\u00ebshillit Bashkiak Mirdit\u00eb, Shtator 2025<\/a><\/strong><\/li>\n<li><strong><a href=\"https:\/\/bashkiamirdite.gov.al\/?page_id=7191\">Vendime t\u00eb K\u00ebshillit Bashkiak Mirdit\u00eb, Gusht 2025<\/a><\/strong><\/li>\n<li><strong><a href=\"https:\/\/bashkiamirdite.gov.al\/?page_id=7170\">Vendime t\u00eb K\u00ebshillit Bashkiak Mirdit\u00eb, Korrik 2025<\/a><\/strong><\/li>\n<li><strong><a href=\"https:\/\/bashkiamirdite.gov.al\/?page_id=7139\">Vendime t\u00eb K\u00ebshillit Bashkiak Mirdit\u00eb, Qershor 2025<\/a><\/strong><\/li>\n<li><strong><a href=\"https:\/\/bashkiamirdite.gov.al\/?page_id=7133\">Vendime t\u00eb K\u00ebshillit Bashkiak Mirdit\u00eb, Maj 2025<\/a><\/strong><\/li>\n<li><strong><a href=\"https:\/\/bashkiamirdite.gov.al\/?page_id=6738\">Vendime t\u00eb K\u00ebshillit Bashkiak Mirdit\u00eb, Prill 2025<\/a><\/strong><\/li>\n<li><strong><a href=\"https:\/\/bashkiamirdite.gov.al\/?page_id=6624\">Vendime t\u00eb K\u00ebshillit Bashkiak Mirdit\u00eb, Mars 2025<\/a><\/strong><\/li>\n<li><strong><a href=\"https:\/\/bashkiamirdite.gov.al\/?page_id=6508\">Vendime t\u00eb K\u00ebshillit Bashkiak Mirdit\u00eb, Shkurt 2025<\/a><\/strong><\/li>\n<li><strong><a href=\"https:\/\/bashkiamirdite.gov.al\/?page_id=6333\">Vendime t\u00eb K\u00ebshillit Bashkiak Mirdit\u00eb, Janar 2025<\/a><\/strong><\/li>\n<\/ul>\n","protected":false},"excerpt":{"rendered":"<p>Vendime t\u00eb K\u00ebshillit Bashkiak Mirdit\u00eb, Dhjetor 2025 Vendime t\u00eb K\u00ebshillit Bashkiak Mirdit\u00eb, N\u00ebntor 2025 Vendime t\u00eb K\u00ebshillit Bashkiak Mirdit\u00eb, Tetor 2025 Vendime t\u00eb K\u00ebshillit Bashkiak Mirdit\u00eb, Shtator 2025 Vendime t\u00eb K\u00ebshillit Bashkiak Mirdit\u00eb, Gusht 2025 Vendime t\u00eb K\u00ebshillit Bashkiak Mirdit\u00eb, Korrik 2025 Vendime t\u00eb K\u00ebshillit Bashkiak Mirdit\u00eb, Qershor 2025 Vendime t\u00eb K\u00ebshillit Bashkiak Mirdit\u00eb, Maj [&hellip;]<\/p>\n","protected":false},"author":2,"featured_media":0,"parent":0,"menu_order":0,"comment_status":"closed","ping_status":"closed","template":"","meta":[],"_links":{"self":[{"href":"https:\/\/bashkiamirdite.gov.al\/index.php?rest_route=\/wp\/v2\/pages\/6327"}],"collection":[{"href":"https:\/\/bashkiamirdite.gov.al\/index.php?rest_route=\/wp\/v2\/pages"}],"about":[{"href":"https:\/\/bashkiamirdite.gov.al\/index.php?rest_route=\/wp\/v2\/types\/page"}],"author":[{"embeddable":true,"href":"https:\/\/bashkiamirdite.gov.al\/index.php?rest_route=\/wp\/v2\/users\/2"}],"replies":[{"embeddable":true,"href":"https:\/\/bashkiamirdite.gov.al\/index.php?rest_route=%2Fwp%2Fv2%2Fcomments&post=6327"}],"version-history":[{"count":15,"href":"https:\/\/bashkiamirdite.gov.al\/index.php?rest_route=\/wp\/v2\/pages\/6327\/revisions"}],"predecessor-version":[{"id":7801,"href":"https:\/\/bashkiamirdite.gov.al\/index.php?rest_route=\/wp\/v2\/pages\/6327\/revisions\/7801"}],"wp:attachment":[{"href":"https:\/\/bashkiamirdite.gov.al\/index.php?rest_route=%2Fwp%2Fv2%2Fmedia&parent=6327"}],"curies":[{"name":"wp","href":"https:\/\/api.w.org\/{rel}","templated":true}]}}