{"id":6336,"date":"2025-02-14T13:35:16","date_gmt":"2025-02-14T12:35:16","guid":{"rendered":"http:\/\/bashkiamirdite.gov.al\/?page_id=6336"},"modified":"2026-01-13T11:56:26","modified_gmt":"2026-01-13T10:56:26","slug":"proces-verbalet-e-mbledhjes-se-keshillit-bashkiak-viti-2025","status":"publish","type":"page","link":"https:\/\/bashkiamirdite.gov.al\/?page_id=6336","title":{"rendered":"Proces-Verbalet e Mbledhjes s\u00eb K\u00ebshillit Bashkiak, (Viti 2025)"},"content":{"rendered":"<ul>\n<li><strong><a href=\"https:\/\/bashkiamirdite.gov.al\/wp-content\/uploads\/2026\/01\/Proces-Verbali-29-Dhjetor-2025.pdf\">Proces-Verbal i Mbledhjes s\u00eb K\u00ebshillit (29 Dhjetor 2025)<\/a><\/strong><\/li>\n<li><strong><a href=\"https:\/\/bashkiamirdite.gov.al\/wp-content\/uploads\/2026\/01\/Proces-Verbali-Dhjetor-2025.pdf\">Proces-Verbal i Mbledhjes s\u00eb K\u00ebshillit (Dhjetor 2025)<\/a><\/strong><\/li>\n<li><strong><a href=\"https:\/\/bashkiamirdite.gov.al\/wp-content\/uploads\/2025\/12\/Proces-Verbali-Nentor-2025.pdf\">Proces-Verbal i Mbledhjes s\u00eb K\u00ebshillit (N\u00ebntor 2025)<\/a><\/strong><\/li>\n<li style=\"text-align: left;\"><strong><a href=\"https:\/\/bashkiamirdite.gov.al\/wp-content\/uploads\/2025\/11\/Proces-Verbali-Tetor-2025.pdf\">Proces-Verbal i Mbledhjes s\u00eb K\u00ebshillit (Tetor 2025)<\/a><\/strong><\/li>\n<li><strong><a href=\"https:\/\/bashkiamirdite.gov.al\/wp-content\/uploads\/2025\/11\/Proces-verbali-Shtator-2025-1.pdf\">Proces-Verbal i Mbledhjes s\u00eb K\u00ebshillit (Shtator 2025)<\/a><\/strong><\/li>\n<li><strong><a href=\"https:\/\/bashkiamirdite.gov.al\/wp-content\/uploads\/2025\/09\/proces-verbali.pdf\">Proces-Verbal i Mbledhjes s\u00eb K\u00ebshillit (Gusht 2025)<\/a><\/strong><\/li>\n<li><strong><a href=\"https:\/\/bashkiamirdite.gov.al\/wp-content\/uploads\/2025\/09\/proces-verbali-Korrik.pdf\">Proces-Verbal i Mbledhjes s\u00eb K\u00ebshillit (Korrik 2025)<\/a><\/strong><\/li>\n<li><strong><a href=\"https:\/\/bashkiamirdite.gov.al\/wp-content\/uploads\/2025\/09\/proces-verbali-qershor.pdf\">Proces-Verbal i Mbledhjes s\u00eb K\u00ebshillit (Qershor 2025)<\/a><\/strong><\/li>\n<li><strong><a href=\"https:\/\/bashkiamirdite.gov.al\/wp-content\/uploads\/2025\/09\/proces-verbali-maj.pdf\">Proces-Verbal i Mbledhjes s\u00eb K\u00ebshillit (Maj 2025)<\/a><\/strong><\/li>\n<li><strong><a href=\"https:\/\/bashkiamirdite.gov.al\/wp-content\/uploads\/2025\/05\/Proces-Verbal-Prill-2025.pdf\">Proces-Verbal i Mbledhjes s\u00eb K\u00ebshillit (Prill 2025)<\/a><\/strong><\/li>\n<li><strong><a href=\"https:\/\/bashkiamirdite.gov.al\/wp-content\/uploads\/2025\/04\/Proces-Verbali-Mars-2025.pdf\">Proces-Verbal i Mbledhjes s\u00eb K\u00ebshillit (Mars 2025)<\/a><\/strong><\/li>\n<li><strong><a href=\"https:\/\/bashkiamirdite.gov.al\/wp-content\/uploads\/2025\/03\/Proces-Verbal-Shkurt-2025-1.pdf\">Proces-Verbal i Mbledhjes s\u00eb K\u00ebshillit (Shkurt 2025)<\/a><\/strong><\/li>\n<li><strong><a href=\"https:\/\/bashkiamirdite.gov.al\/wp-content\/uploads\/2025\/02\/Proces-Verbal-Janar-2025.pdf\">Proces-Verbal i Mbledhjes s\u00eb K\u00ebshillit (Janar 2025)<\/a><\/strong><\/li>\n<\/ul>\n","protected":false},"excerpt":{"rendered":"<p>Proces-Verbal i Mbledhjes s\u00eb K\u00ebshillit (29 Dhjetor 2025) Proces-Verbal i Mbledhjes s\u00eb K\u00ebshillit (Dhjetor 2025) Proces-Verbal i Mbledhjes s\u00eb K\u00ebshillit (N\u00ebntor 2025) Proces-Verbal i Mbledhjes s\u00eb K\u00ebshillit (Tetor 2025) Proces-Verbal i Mbledhjes s\u00eb K\u00ebshillit (Shtator 2025) Proces-Verbal i Mbledhjes s\u00eb K\u00ebshillit (Gusht 2025) Proces-Verbal i Mbledhjes s\u00eb K\u00ebshillit (Korrik 2025) Proces-Verbal i Mbledhjes s\u00eb K\u00ebshillit [&hellip;]<\/p>\n","protected":false},"author":2,"featured_media":0,"parent":0,"menu_order":0,"comment_status":"closed","ping_status":"closed","template":"","meta":[],"_links":{"self":[{"href":"https:\/\/bashkiamirdite.gov.al\/index.php?rest_route=\/wp\/v2\/pages\/6336"}],"collection":[{"href":"https:\/\/bashkiamirdite.gov.al\/index.php?rest_route=\/wp\/v2\/pages"}],"about":[{"href":"https:\/\/bashkiamirdite.gov.al\/index.php?rest_route=\/wp\/v2\/types\/page"}],"author":[{"embeddable":true,"href":"https:\/\/bashkiamirdite.gov.al\/index.php?rest_route=\/wp\/v2\/users\/2"}],"replies":[{"embeddable":true,"href":"https:\/\/bashkiamirdite.gov.al\/index.php?rest_route=%2Fwp%2Fv2%2Fcomments&post=6336"}],"version-history":[{"count":14,"href":"https:\/\/bashkiamirdite.gov.al\/index.php?rest_route=\/wp\/v2\/pages\/6336\/revisions"}],"predecessor-version":[{"id":7841,"href":"https:\/\/bashkiamirdite.gov.al\/index.php?rest_route=\/wp\/v2\/pages\/6336\/revisions\/7841"}],"wp:attachment":[{"href":"https:\/\/bashkiamirdite.gov.al\/index.php?rest_route=%2Fwp%2Fv2%2Fmedia&parent=6336"}],"curies":[{"name":"wp","href":"https:\/\/api.w.org\/{rel}","templated":true}]}}