{"id":6395,"date":"2025-02-18T09:44:58","date_gmt":"2025-02-18T08:44:58","guid":{"rendered":"http:\/\/bashkiamirdite.gov.al\/?page_id=6395"},"modified":"2025-02-18T09:52:51","modified_gmt":"2025-02-18T08:52:51","slug":"njoftimet-e-mbledhjeve-te-keshillit-bashkiak-mirdite-viti-2024","status":"publish","type":"page","link":"https:\/\/bashkiamirdite.gov.al\/?page_id=6395","title":{"rendered":"Njoftimet e Mbledhjeve t\u00eb K\u00ebshillit Bashkiak Mirdit\u00eb, viti 2024"},"content":{"rendered":"<ul>\n<li><strong><a href=\"https:\/\/bashkiamirdite.gov.al\/wp-content\/uploads\/2024\/12\/Njoftim-per-Mbledhje-Keshilli-Dhjetor-2024.pdf\">Njoftim p\u00ebr Mbledhjen e K\u00ebshillit Bashkiak, Dhjetor 2024<\/a><\/strong><\/li>\n<li><strong><a href=\"https:\/\/bashkiamirdite.gov.al\/wp-content\/uploads\/2024\/11\/Mbledhje-Keshilli-Nentor-2024.pdf\">Njoftim p\u00ebr Mbledhjen e K\u00ebshillit Bashkiak, N\u00ebntor 2024<\/a><\/strong><\/li>\n<li><strong><a href=\"https:\/\/bashkiamirdite.gov.al\/wp-content\/uploads\/2024\/10\/Tetor-2024.pdf\">Njoftim p\u00ebr Mbledhjen e K\u00ebshillit Bashkiak, Tetor 2024<\/a><\/strong><\/li>\n<li><strong><a href=\"https:\/\/bashkiamirdite.gov.al\/wp-content\/uploads\/2024\/09\/Mbledhje-Keshilli-Shtator-2024.pdf\">Njoftim p\u00ebr Mbledhjen e K\u00ebshillit Bashkiak, Shtator 2024<\/a><\/strong><\/li>\n<li><strong><a href=\"https:\/\/bashkiamirdite.gov.al\/wp-content\/uploads\/2024\/08\/Mbledhje-Keshilli-Gusht-2024.pdf\">Njoftim p\u00ebr Mbledhjen e K\u00ebshillit Bashkiak, Gusht 2024<\/a><\/strong><\/li>\n<li><strong><a href=\"https:\/\/bashkiamirdite.gov.al\/wp-content\/uploads\/2024\/07\/Mbledhje-Keshilli-Bashkiak-Korrik-2024-1.pdf\">Njoftim p\u00ebr Mbledhjen e K\u00ebshillit Bashkiak, Korrik 2024<\/a><\/strong><\/li>\n<li><strong><a href=\"https:\/\/bashkiamirdite.gov.al\/wp-content\/uploads\/2024\/06\/Mbledhje-Qershor-2024.pdf\">Njoftim p\u00ebr Mbledhjen e K\u00ebshillit Bashkiak, Q\u00ebrshor 2024<\/a><\/strong><\/li>\n<li><strong><a href=\"https:\/\/bashkiamirdite.gov.al\/wp-content\/uploads\/2024\/05\/Mbledhje-Keshilli-Maj-2024.pdf\">Njoftim p\u00ebr Mbledhjen e K\u00ebshillit Bashkiak, Maj 2024<\/a><\/strong><\/li>\n<li><strong><a href=\"https:\/\/bashkiamirdite.gov.al\/wp-content\/uploads\/2024\/05\/Mbledhje-10-maj-2024.pdf\">Njoftim p\u00ebr Mbledhjen e K\u00ebshillit Bashkiak, 10 Maj 2024<\/a><\/strong><\/li>\n<li><strong><a href=\"https:\/\/bashkiamirdite.gov.al\/wp-content\/uploads\/2024\/04\/Mbledhje-Keshilli-Prill-2024.pdf\">Njoftim p\u00ebr Mbledhjen e K\u00ebshillit Bashkiak, Prill 2024<\/a><\/strong><\/li>\n<li><strong><a href=\"https:\/\/bashkiamirdite.gov.al\/wp-content\/uploads\/2024\/03\/Mbledhje-Keshilli-Mars-2024.pdf\">Njoftim p\u00ebr Mbledhjen e K\u00ebshillit Bashkiak, Mars 2024<\/a><\/strong><\/li>\n<li><strong><a href=\"https:\/\/bashkiamirdite.gov.al\/wp-content\/uploads\/2024\/02\/Mbledhje-Keshilli-Shkurt-2024.pdf\">Njoftim p\u00ebr Mbledhjen e K\u00ebshillit Bashkiak, Shkurt 2024<\/a><\/strong><\/li>\n<li><strong><a href=\"https:\/\/bashkiamirdite.gov.al\/wp-content\/uploads\/2024\/01\/Mbledhje-keshilli-janar-2024.pdf\">Njoftim p\u00ebr Mbledhjen e K\u00ebshillit Bashkiak, Janar 2024<\/a><\/strong><\/li>\n<\/ul>\n","protected":false},"excerpt":{"rendered":"<p>Njoftim p\u00ebr Mbledhjen e K\u00ebshillit Bashkiak, Dhjetor 2024 Njoftim p\u00ebr Mbledhjen e K\u00ebshillit Bashkiak, N\u00ebntor 2024 Njoftim p\u00ebr Mbledhjen e K\u00ebshillit Bashkiak, Tetor 2024 Njoftim p\u00ebr Mbledhjen e K\u00ebshillit Bashkiak, Shtator 2024 Njoftim p\u00ebr Mbledhjen e K\u00ebshillit Bashkiak, Gusht 2024 Njoftim p\u00ebr Mbledhjen e K\u00ebshillit Bashkiak, Korrik 2024 Njoftim p\u00ebr Mbledhjen e K\u00ebshillit Bashkiak, Q\u00ebrshor [&hellip;]<\/p>\n","protected":false},"author":2,"featured_media":0,"parent":0,"menu_order":0,"comment_status":"closed","ping_status":"closed","template":"","meta":[],"_links":{"self":[{"href":"https:\/\/bashkiamirdite.gov.al\/index.php?rest_route=\/wp\/v2\/pages\/6395"}],"collection":[{"href":"https:\/\/bashkiamirdite.gov.al\/index.php?rest_route=\/wp\/v2\/pages"}],"about":[{"href":"https:\/\/bashkiamirdite.gov.al\/index.php?rest_route=\/wp\/v2\/types\/page"}],"author":[{"embeddable":true,"href":"https:\/\/bashkiamirdite.gov.al\/index.php?rest_route=\/wp\/v2\/users\/2"}],"replies":[{"embeddable":true,"href":"https:\/\/bashkiamirdite.gov.al\/index.php?rest_route=%2Fwp%2Fv2%2Fcomments&post=6395"}],"version-history":[{"count":3,"href":"https:\/\/bashkiamirdite.gov.al\/index.php?rest_route=\/wp\/v2\/pages\/6395\/revisions"}],"predecessor-version":[{"id":6399,"href":"https:\/\/bashkiamirdite.gov.al\/index.php?rest_route=\/wp\/v2\/pages\/6395\/revisions\/6399"}],"wp:attachment":[{"href":"https:\/\/bashkiamirdite.gov.al\/index.php?rest_route=%2Fwp%2Fv2%2Fmedia&parent=6395"}],"curies":[{"name":"wp","href":"https:\/\/api.w.org\/{rel}","templated":true}]}}