{"id":6401,"date":"2025-02-18T10:05:07","date_gmt":"2025-02-18T09:05:07","guid":{"rendered":"http:\/\/bashkiamirdite.gov.al\/?page_id=6401"},"modified":"2025-12-04T11:47:46","modified_gmt":"2025-12-04T10:47:46","slug":"njoftimet-e-mbledhjeve-te-keshillit-bashkiak-mirdite-viti-2025","status":"publish","type":"page","link":"https:\/\/bashkiamirdite.gov.al\/?page_id=6401","title":{"rendered":"Njoftimet e Mbledhjeve t\u00eb K\u00ebshillit Bashkiak Mirdit\u00eb, viti 2025"},"content":{"rendered":"<ul>\n<li><strong><a href=\"https:\/\/bashkiamirdite.gov.al\/wp-content\/uploads\/2025\/12\/Mbledhje-Keshilli-Dhjetor-2025.pdf\">Njoftim p\u00ebr Mbledhjen e K\u00ebshillit Bashkiak, Dhjetor 2025<\/a><\/strong><\/li>\n<li><strong><a href=\"https:\/\/bashkiamirdite.gov.al\/wp-content\/uploads\/2025\/11\/Mbledhje-Keshilli-Nentor-2025.pdf\">Njoftim p\u00ebr Mbledhjen e K\u00ebshillit Bashkiak, N\u00ebntor 2025<\/a><\/strong><\/li>\n<li><strong><a href=\"https:\/\/bashkiamirdite.gov.al\/wp-content\/uploads\/2025\/10\/Mbledhje-Keshilli-Tetor.pdf\">Njoftim p\u00ebr Mbledhjen e K\u00ebshillit Bashkiak, Tetor 2025<\/a><\/strong><\/li>\n<li><strong><a href=\"https:\/\/bashkiamirdite.gov.al\/wp-content\/uploads\/2025\/09\/Scan_20250926_120954.pdf\">Njoftim p\u00ebr Mbledhjen e K\u00ebshillit Bashkiak, Shtator 2025<\/a><\/strong><\/li>\n<li><strong><a href=\"https:\/\/bashkiamirdite.gov.al\/wp-content\/uploads\/2025\/08\/Mbledhje-Keshilli-Gusht-2025.pdf\">Njoftim p\u00ebr Mbledhjen e K\u00ebshillit Bashkiak, Gusht 2025<\/a><\/strong><\/li>\n<li><strong><a href=\"https:\/\/bashkiamirdite.gov.al\/wp-content\/uploads\/2025\/07\/Rendi-i-Dites-Korrik-2025.pdf\">Njoftim p\u00ebr Mbledhjen e K\u00ebshillit Bashkiak, Korrik 2025<\/a><\/strong><\/li>\n<li><strong><a href=\"https:\/\/bashkiamirdite.gov.al\/wp-content\/uploads\/2025\/07\/Rendi-i-dites-16-Korrik-2025.pdf\">Njoftim p\u00ebr Mbledhjen e K\u00ebshillit Bashkiak, 16 Korrik 2025<\/a><\/strong><\/li>\n<li><strong><a href=\"https:\/\/bashkiamirdite.gov.al\/wp-content\/uploads\/2025\/06\/Mbledhje-Keshilli-Qershor-2025.pdf\">Njoftim p\u00ebr Mbledhjen e K\u00ebshillit Bashkiak, Qershor 2025<\/a><\/strong><\/li>\n<li><strong><a href=\"https:\/\/bashkiamirdite.gov.al\/wp-content\/uploads\/2025\/05\/Mbledhje-Keshilli-Maj-2025.pdf\">Njoftim p\u00ebr Mbledhjen e K\u00ebshillit Bashkiak, Maj 2025<\/a><\/strong><\/li>\n<li><strong><a href=\"https:\/\/bashkiamirdite.gov.al\/wp-content\/uploads\/2025\/04\/Mbledhje-Keshilli-Prill-2025-1.pdf\">Njoftim p\u00ebr Mbledhjen e K\u00ebshillit Bashkiak, Prill 2025<\/a><\/strong><\/li>\n<li><strong><a href=\"https:\/\/bashkiamirdite.gov.al\/wp-content\/uploads\/2025\/03\/Mbledhje-Keshilli-Mars-2025-.pdf\">Njoftim p\u00ebr Mbledhjen e K\u00ebshillit Bashkiak, Mars 2025<\/a><\/strong><\/li>\n<li><strong><a href=\"https:\/\/bashkiamirdite.gov.al\/wp-content\/uploads\/2025\/02\/Mbledhje-Keshilli-Shkurt-2025.pdf\">Njoftim p\u00ebr Mbledhjen e K\u00ebshillit Bashkiak, Shkurt 2025<\/a><\/strong><\/li>\n<li><strong><a href=\"https:\/\/bashkiamirdite.gov.al\/wp-content\/uploads\/2025\/01\/Mbledhje-Keshilli-Janar-2025.pdf\">Njoftim p\u00ebr Mbledhjen e K\u00ebshillit Bashkiak, Janar 2025<\/a><\/strong><\/li>\n<\/ul>\n","protected":false},"excerpt":{"rendered":"<p>Njoftim p\u00ebr Mbledhjen e K\u00ebshillit Bashkiak, Dhjetor 2025 Njoftim p\u00ebr Mbledhjen e K\u00ebshillit Bashkiak, N\u00ebntor 2025 Njoftim p\u00ebr Mbledhjen e K\u00ebshillit Bashkiak, Tetor 2025 Njoftim p\u00ebr Mbledhjen e K\u00ebshillit Bashkiak, Shtator 2025 Njoftim p\u00ebr Mbledhjen e K\u00ebshillit Bashkiak, Gusht 2025 Njoftim p\u00ebr Mbledhjen e K\u00ebshillit Bashkiak, Korrik 2025 Njoftim p\u00ebr Mbledhjen e K\u00ebshillit Bashkiak, 16 [&hellip;]<\/p>\n","protected":false},"author":2,"featured_media":0,"parent":0,"menu_order":0,"comment_status":"closed","ping_status":"closed","template":"","meta":[],"_links":{"self":[{"href":"https:\/\/bashkiamirdite.gov.al\/index.php?rest_route=\/wp\/v2\/pages\/6401"}],"collection":[{"href":"https:\/\/bashkiamirdite.gov.al\/index.php?rest_route=\/wp\/v2\/pages"}],"about":[{"href":"https:\/\/bashkiamirdite.gov.al\/index.php?rest_route=\/wp\/v2\/types\/page"}],"author":[{"embeddable":true,"href":"https:\/\/bashkiamirdite.gov.al\/index.php?rest_route=\/wp\/v2\/users\/2"}],"replies":[{"embeddable":true,"href":"https:\/\/bashkiamirdite.gov.al\/index.php?rest_route=%2Fwp%2Fv2%2Fcomments&post=6401"}],"version-history":[{"count":15,"href":"https:\/\/bashkiamirdite.gov.al\/index.php?rest_route=\/wp\/v2\/pages\/6401\/revisions"}],"predecessor-version":[{"id":7664,"href":"https:\/\/bashkiamirdite.gov.al\/index.php?rest_route=\/wp\/v2\/pages\/6401\/revisions\/7664"}],"wp:attachment":[{"href":"https:\/\/bashkiamirdite.gov.al\/index.php?rest_route=%2Fwp%2Fv2%2Fmedia&parent=6401"}],"curies":[{"name":"wp","href":"https:\/\/api.w.org\/{rel}","templated":true}]}}