{"id":6508,"date":"2025-03-11T10:11:03","date_gmt":"2025-03-11T09:11:03","guid":{"rendered":"http:\/\/bashkiamirdite.gov.al\/?page_id=6508"},"modified":"2025-03-11T14:41:45","modified_gmt":"2025-03-11T13:41:45","slug":"vendime-te-keshillit-bashkiak-mirdite-shkurt-2025","status":"publish","type":"page","link":"https:\/\/bashkiamirdite.gov.al\/?page_id=6508","title":{"rendered":"Vendime t\u00eb K\u00ebshillit Bashkiak Mirdit\u00eb, Shkurt 2025"},"content":{"rendered":"<ul>\n<li><strong><a href=\"https:\/\/bashkiamirdite.gov.al\/wp-content\/uploads\/2025\/03\/Vendimi-Nr.-21-1.pdf\">Vendimi Nr. 21 Dat\u00eb 24.02.2025 <\/a><\/strong><a href=\"https:\/\/bashkiamirdite.gov.al\/wp-content\/uploads\/2025\/03\/Vendimi-Nr.-21-1.pdf\">(P\u00ebr Miratimin e Kontrat\u00ebs s\u00eb Dhurimit Nd\u00ebrmjet; Shoq\u00ebris\u00eb Kon\u00e7esionare Shperdhaza Energji SHPK, P\u00ebrfaq\u00ebsuar nga Administratori Fatjon Hoxha dhe Bashkis\u00eb Mirdit\u00eb, P\u00ebrfaq\u00ebsuar nga Kryetari Albert M\u00eblyshi)<\/a><\/li>\n<li><strong><a href=\"https:\/\/bashkiamirdite.gov.al\/wp-content\/uploads\/2025\/03\/Vendimi-Nr.-20.pdf\">Vendimi Nr. 20 Dat\u00eb 24.02.2025 <\/a><\/strong><a href=\"https:\/\/bashkiamirdite.gov.al\/wp-content\/uploads\/2025\/03\/Vendimi-Nr.-20.pdf\">(P\u00ebr Miratimin e Fondeve t\u00eb Trash\u00ebguara nga Buxheti i Vitit 2024 p\u00ebr Buxhetin e Vitit 2025, Bashkia Mirdit\u00eb)<\/a><\/li>\n<li><strong><a href=\"https:\/\/bashkiamirdite.gov.al\/wp-content\/uploads\/2025\/03\/Vendimi-Nr.-19.pdf\">Vendimi Nr. 19 Dat\u00eb 24.02.2025<\/a><\/strong><a href=\"https:\/\/bashkiamirdite.gov.al\/wp-content\/uploads\/2025\/03\/Vendimi-Nr.-19.pdf\"> (P\u00ebr Miratimin e Raportit t\u00eb Vler\u00ebsimit dhe Parashikimeve Afatmes\u00ebm, t\u00eb t\u00eb Ardhurave 2026-2028, Bashkia Mirdit\u00eb)<\/a><\/li>\n<li><strong><a href=\"https:\/\/bashkiamirdite.gov.al\/wp-content\/uploads\/2025\/03\/Vendimi-Nr.-18.pdf\">Vendimi Nr. 18 Dat\u00eb 24.02.2025 <\/a><\/strong><a href=\"https:\/\/bashkiamirdite.gov.al\/wp-content\/uploads\/2025\/03\/Vendimi-Nr.-18.pdf\">(P\u00ebr Miratimin e Anekseve t\u00eb Monitorimit, t\u00eb Buxhetit t\u00eb Vitit 2024, Bashkia Mirdit\u00eb)<\/a><\/li>\n<li><strong><a href=\"https:\/\/bashkiamirdite.gov.al\/wp-content\/uploads\/2025\/03\/Vendimi-Nr.-17.pdf\">Vendimi Nr. 17 Dat\u00eb 24.02.2025 <\/a><\/strong><a href=\"https:\/\/bashkiamirdite.gov.al\/wp-content\/uploads\/2025\/03\/Vendimi-Nr.-17.pdf\">(P\u00ebr Miratimin e Tabelave, t\u00eb Situat\u00ebs Financiare t\u00eb Bashkis\u00eb, Deri me Dat\u00eb 31.12.2024&#8243;, Bashkia Mirdit\u00eb)<\/a><\/li>\n<li><strong><a href=\"https:\/\/bashkiamirdite.gov.al\/wp-content\/uploads\/2025\/03\/Vendimi-Nr.-16.pdf\">Vendimi Nr. 16 Dat\u00eb 24.02.2025 <\/a><\/strong><a href=\"https:\/\/bashkiamirdite.gov.al\/wp-content\/uploads\/2025\/03\/Vendimi-Nr.-16.pdf\">(P\u00ebr Miratimin, E P\u00ebrfitimit T\u00eb Ndihm\u00ebs Ekonomike, P\u00ebr Bllok \u2013 Ndihm\u00ebn, Me Fondin e Bashkis\u00eb P\u00ebr Periudh\u00ebn 01-31 Janar 2025, Bashkia Mirdit\u00eb\u201d)<\/a><\/li>\n<li><strong><a href=\"https:\/\/bashkiamirdite.gov.al\/wp-content\/uploads\/2025\/03\/Vendimi-Nr.-15.pdf\">Vendimi Nr. 15 Dat\u00eb 24.02.2025 <\/a><\/strong><a href=\"https:\/\/bashkiamirdite.gov.al\/wp-content\/uploads\/2025\/03\/Vendimi-Nr.-15.pdf\">(P\u00ebr Miratimin, E P\u00ebrfitimit T\u00eb Ndihm\u00ebs Ekonomike, Nga Fondi i Kushtezuar, P\u00ebr Bllok \u2013 Ndihm\u00ebn Deri N\u00eb 6 %, P\u00ebr Periudh\u00ebn 01-31 Janar 2025\u2033, Bashkia Mirdit\u00eb).<\/a><\/li>\n<\/ul>\n","protected":false},"excerpt":{"rendered":"<p>Vendimi Nr. 21 Dat\u00eb 24.02.2025 (P\u00ebr Miratimin e Kontrat\u00ebs s\u00eb Dhurimit Nd\u00ebrmjet; Shoq\u00ebris\u00eb Kon\u00e7esionare Shperdhaza Energji SHPK, P\u00ebrfaq\u00ebsuar nga Administratori Fatjon Hoxha dhe Bashkis\u00eb Mirdit\u00eb, P\u00ebrfaq\u00ebsuar nga Kryetari Albert M\u00eblyshi) Vendimi Nr. 20 Dat\u00eb 24.02.2025 (P\u00ebr Miratimin e Fondeve t\u00eb Trash\u00ebguara nga Buxheti i Vitit 2024 p\u00ebr Buxhetin e Vitit 2025, Bashkia Mirdit\u00eb) Vendimi Nr. [&hellip;]<\/p>\n","protected":false},"author":2,"featured_media":0,"parent":0,"menu_order":0,"comment_status":"closed","ping_status":"closed","template":"","meta":[],"_links":{"self":[{"href":"https:\/\/bashkiamirdite.gov.al\/index.php?rest_route=\/wp\/v2\/pages\/6508"}],"collection":[{"href":"https:\/\/bashkiamirdite.gov.al\/index.php?rest_route=\/wp\/v2\/pages"}],"about":[{"href":"https:\/\/bashkiamirdite.gov.al\/index.php?rest_route=\/wp\/v2\/types\/page"}],"author":[{"embeddable":true,"href":"https:\/\/bashkiamirdite.gov.al\/index.php?rest_route=\/wp\/v2\/users\/2"}],"replies":[{"embeddable":true,"href":"https:\/\/bashkiamirdite.gov.al\/index.php?rest_route=%2Fwp%2Fv2%2Fcomments&post=6508"}],"version-history":[{"count":4,"href":"https:\/\/bashkiamirdite.gov.al\/index.php?rest_route=\/wp\/v2\/pages\/6508\/revisions"}],"predecessor-version":[{"id":6526,"href":"https:\/\/bashkiamirdite.gov.al\/index.php?rest_route=\/wp\/v2\/pages\/6508\/revisions\/6526"}],"wp:attachment":[{"href":"https:\/\/bashkiamirdite.gov.al\/index.php?rest_route=%2Fwp%2Fv2%2Fmedia&parent=6508"}],"curies":[{"name":"wp","href":"https:\/\/api.w.org\/{rel}","templated":true}]}}