{"id":7037,"date":"2025-08-08T16:10:23","date_gmt":"2025-08-08T14:10:23","guid":{"rendered":"http:\/\/bashkiamirdite.gov.al\/?page_id=7037"},"modified":"2025-08-08T16:10:23","modified_gmt":"2025-08-08T14:10:23","slug":"shpallje-per-vend-te-lire-pune-per-sekretar-i-pergjithshem-bashkia-mirdite","status":"publish","type":"page","link":"https:\/\/bashkiamirdite.gov.al\/?page_id=7037","title":{"rendered":"Shpallje p\u00ebr Vend t\u00eb Lir\u00eb Pune p\u00ebr \u201d Sekretar i P\u00ebrgjithsh\u00ebm\u201d, Bashkia Mirdit\u00eb"},"content":{"rendered":"<ul>\n<li><strong><a href=\"https:\/\/bashkiamirdite.gov.al\/wp-content\/uploads\/2025\/08\/Shpallje-Fituesi.pdf\">Shpallje Fituesi &#8220;Sekretar i P\u00ebrgjithsh\u00ebm&#8221;<\/a><\/strong><\/li>\n<li><strong><a href=\"https:\/\/bashkiamirdite.gov.al\/wp-content\/uploads\/2025\/07\/shpallje-sekretar-i-pergjithshem.pdf\">Shpallje p\u00ebr Vend t\u00eb Lir\u00eb Pune p\u00ebr \u201d Sekretar i P\u00ebrgjithsh\u00ebm\u201d<\/a><\/strong><\/li>\n<\/ul>\n","protected":false},"excerpt":{"rendered":"<p>Shpallje Fituesi &#8220;Sekretar i P\u00ebrgjithsh\u00ebm&#8221; Shpallje p\u00ebr Vend t\u00eb Lir\u00eb Pune p\u00ebr \u201d Sekretar i P\u00ebrgjithsh\u00ebm\u201d<\/p>\n","protected":false},"author":2,"featured_media":0,"parent":0,"menu_order":0,"comment_status":"closed","ping_status":"closed","template":"","meta":[],"_links":{"self":[{"href":"https:\/\/bashkiamirdite.gov.al\/index.php?rest_route=\/wp\/v2\/pages\/7037"}],"collection":[{"href":"https:\/\/bashkiamirdite.gov.al\/index.php?rest_route=\/wp\/v2\/pages"}],"about":[{"href":"https:\/\/bashkiamirdite.gov.al\/index.php?rest_route=\/wp\/v2\/types\/page"}],"author":[{"embeddable":true,"href":"https:\/\/bashkiamirdite.gov.al\/index.php?rest_route=\/wp\/v2\/users\/2"}],"replies":[{"embeddable":true,"href":"https:\/\/bashkiamirdite.gov.al\/index.php?rest_route=%2Fwp%2Fv2%2Fcomments&post=7037"}],"version-history":[{"count":1,"href":"https:\/\/bashkiamirdite.gov.al\/index.php?rest_route=\/wp\/v2\/pages\/7037\/revisions"}],"predecessor-version":[{"id":7039,"href":"https:\/\/bashkiamirdite.gov.al\/index.php?rest_route=\/wp\/v2\/pages\/7037\/revisions\/7039"}],"wp:attachment":[{"href":"https:\/\/bashkiamirdite.gov.al\/index.php?rest_route=%2Fwp%2Fv2%2Fmedia&parent=7037"}],"curies":[{"name":"wp","href":"https:\/\/api.w.org\/{rel}","templated":true}]}}