{"id":7079,"date":"2025-08-26T08:40:42","date_gmt":"2025-08-26T06:40:42","guid":{"rendered":"https:\/\/bashkiamirdite.gov.al\/?page_id=7079"},"modified":"2025-09-23T14:10:38","modified_gmt":"2025-09-23T12:10:38","slug":"shpallje-per-vend-te-lire-pune-per-drejtor-ne-drejtorine-e-planifikimit-dhe-zhvillimit-te-territorit-bashkia-mirdite","status":"publish","type":"page","link":"https:\/\/bashkiamirdite.gov.al\/?page_id=7079","title":{"rendered":"Shpallje p\u00ebr Vend t\u00eb Lir\u00eb Pune p\u00ebr &#8221; Drejtor n\u00eb Drejtorin\u00eb e Planifikimit dhe Zhvillimit t\u00eb Territorit&#8221;, Bashkia Mirdit\u00eb"},"content":{"rendered":"<ul>\n<li><strong><a href=\"https:\/\/bashkiamirdite.gov.al\/wp-content\/uploads\/2025\/09\/VLERSIM-PARAPRAK...pdf\">Njoftim p\u00ebr Mbyllje Procedure-Vler\u00ebsim Paraprak p\u00ebr &#8220;Drejtor n\u00eb Drejtorin\u00eb e Planifikimit dhe Zhvillimit t\u00eb Territorit&#8221;, Bashkia Mirdit\u00eb<\/a><\/strong><\/li>\n<li><strong><a href=\"https:\/\/bashkiamirdite.gov.al\/wp-content\/uploads\/2025\/09\/NJOFTIM-MBYLLJE-LEVIZJE-PARALELE-DPZHT-1.pdf\">Njoftim p\u00ebr Mbylljen e Procedur\u00ebs s\u00eb L\u00ebvizjes Paralele p\u00ebr &#8220;Drejtor n\u00eb Drejtorin\u00eb e Planifikimit dhe Zhvillimit t\u00eb Territorit&#8221;, Bashkia Mirdit\u00eb<\/a><\/strong><\/li>\n<li><strong><a href=\"https:\/\/bashkiamirdite.gov.al\/wp-content\/uploads\/2025\/08\/Shpallja-vend-i-lire-pune-Drejtor-.pdf\">Shpallje p\u00ebr Vend t\u00eb Lir\u00eb Pune p\u00ebr &#8221; Drejtor n\u00eb Drejtorin\u00eb e Planifikimit dhe Zhvillimit t\u00eb Territorit&#8221;, Bashkia Mirdit\u00eb<\/a><\/strong><\/li>\n<\/ul>\n","protected":false},"excerpt":{"rendered":"<p>Njoftim p\u00ebr Mbyllje Procedure-Vler\u00ebsim Paraprak p\u00ebr &#8220;Drejtor n\u00eb Drejtorin\u00eb e Planifikimit dhe Zhvillimit t\u00eb Territorit&#8221;, Bashkia Mirdit\u00eb Njoftim p\u00ebr Mbylljen e Procedur\u00ebs s\u00eb L\u00ebvizjes Paralele p\u00ebr &#8220;Drejtor n\u00eb Drejtorin\u00eb e Planifikimit dhe Zhvillimit t\u00eb Territorit&#8221;, Bashkia Mirdit\u00eb Shpallje p\u00ebr Vend t\u00eb Lir\u00eb Pune p\u00ebr &#8221; Drejtor n\u00eb Drejtorin\u00eb e Planifikimit dhe Zhvillimit t\u00eb Territorit&#8221;, Bashkia [&hellip;]<\/p>\n","protected":false},"author":2,"featured_media":0,"parent":0,"menu_order":0,"comment_status":"closed","ping_status":"closed","template":"","meta":[],"_links":{"self":[{"href":"https:\/\/bashkiamirdite.gov.al\/index.php?rest_route=\/wp\/v2\/pages\/7079"}],"collection":[{"href":"https:\/\/bashkiamirdite.gov.al\/index.php?rest_route=\/wp\/v2\/pages"}],"about":[{"href":"https:\/\/bashkiamirdite.gov.al\/index.php?rest_route=\/wp\/v2\/types\/page"}],"author":[{"embeddable":true,"href":"https:\/\/bashkiamirdite.gov.al\/index.php?rest_route=\/wp\/v2\/users\/2"}],"replies":[{"embeddable":true,"href":"https:\/\/bashkiamirdite.gov.al\/index.php?rest_route=%2Fwp%2Fv2%2Fcomments&post=7079"}],"version-history":[{"count":5,"href":"https:\/\/bashkiamirdite.gov.al\/index.php?rest_route=\/wp\/v2\/pages\/7079\/revisions"}],"predecessor-version":[{"id":7291,"href":"https:\/\/bashkiamirdite.gov.al\/index.php?rest_route=\/wp\/v2\/pages\/7079\/revisions\/7291"}],"wp:attachment":[{"href":"https:\/\/bashkiamirdite.gov.al\/index.php?rest_route=%2Fwp%2Fv2%2Fmedia&parent=7079"}],"curies":[{"name":"wp","href":"https:\/\/api.w.org\/{rel}","templated":true}]}}