{"id":7082,"date":"2025-08-26T08:48:20","date_gmt":"2025-08-26T06:48:20","guid":{"rendered":"https:\/\/bashkiamirdite.gov.al\/?page_id=7082"},"modified":"2025-09-12T10:29:06","modified_gmt":"2025-09-12T08:29:06","slug":"shpallje-per-vend-te-lire-pune-per-drejtor-ne-drejtorine-e-zhvillimit-ekonomik-dhe-tatim-taksave-bashkia-mirdite","status":"publish","type":"page","link":"https:\/\/bashkiamirdite.gov.al\/?page_id=7082","title":{"rendered":"Shpallje p\u00ebr Vend t\u00eb Lir\u00eb Pune p\u00ebr &#8221; Drejtor n\u00eb Drejtorin\u00eb e  Zhvillimit Ekonomik dhe Tatim Taksave &#8220;, Bashkia Mirdit\u00eb"},"content":{"rendered":"<ul>\n<li><strong><a href=\"https:\/\/bashkiamirdite.gov.al\/wp-content\/uploads\/2025\/09\/NJOFTIM-MBYLLJE-LEVIZJE-PARALELE-DREJTORIA-ZH.EKONOMIKTATIM-TAKSA.pdf\">Njoftim p\u00ebr Mbylljen e Procedur\u00ebs s\u00eb L\u00ebvizjes Paralele p\u00ebr &#8220;Drejtor n\u00eb Drejtorin\u00eb e Zhvillimit Ekonomik dhe Tatim Taksave &#8220;, Bashkia Mirdit\u00eb<\/a><\/strong><\/li>\n<li><strong><a href=\"https:\/\/bashkiamirdite.gov.al\/wp-content\/uploads\/2025\/08\/SHPALLJE-DREJTORIA-E-FINANCES-TATIM-TAKSA.pdf\">Shpallje p\u00ebr Vend t\u00eb Lir\u00eb Pune p\u00ebr &#8221; Drejtor n\u00eb Drejtorin\u00eb e Zhvillimit Ekonomik dhe Tatim Taksave &#8220;, Bashkia Mirdit\u00eb<\/a><\/strong><\/li>\n<\/ul>\n","protected":false},"excerpt":{"rendered":"<p>Njoftim p\u00ebr Mbylljen e Procedur\u00ebs s\u00eb L\u00ebvizjes Paralele p\u00ebr &#8220;Drejtor n\u00eb Drejtorin\u00eb e Zhvillimit Ekonomik dhe Tatim Taksave &#8220;, Bashkia Mirdit\u00eb Shpallje p\u00ebr Vend t\u00eb Lir\u00eb Pune p\u00ebr &#8221; Drejtor n\u00eb Drejtorin\u00eb e Zhvillimit Ekonomik dhe Tatim Taksave &#8220;, Bashkia Mirdit\u00eb<\/p>\n","protected":false},"author":2,"featured_media":0,"parent":0,"menu_order":0,"comment_status":"closed","ping_status":"closed","template":"","meta":[],"_links":{"self":[{"href":"https:\/\/bashkiamirdite.gov.al\/index.php?rest_route=\/wp\/v2\/pages\/7082"}],"collection":[{"href":"https:\/\/bashkiamirdite.gov.al\/index.php?rest_route=\/wp\/v2\/pages"}],"about":[{"href":"https:\/\/bashkiamirdite.gov.al\/index.php?rest_route=\/wp\/v2\/types\/page"}],"author":[{"embeddable":true,"href":"https:\/\/bashkiamirdite.gov.al\/index.php?rest_route=\/wp\/v2\/users\/2"}],"replies":[{"embeddable":true,"href":"https:\/\/bashkiamirdite.gov.al\/index.php?rest_route=%2Fwp%2Fv2%2Fcomments&post=7082"}],"version-history":[{"count":4,"href":"https:\/\/bashkiamirdite.gov.al\/index.php?rest_route=\/wp\/v2\/pages\/7082\/revisions"}],"predecessor-version":[{"id":7211,"href":"https:\/\/bashkiamirdite.gov.al\/index.php?rest_route=\/wp\/v2\/pages\/7082\/revisions\/7211"}],"wp:attachment":[{"href":"https:\/\/bashkiamirdite.gov.al\/index.php?rest_route=%2Fwp%2Fv2%2Fmedia&parent=7082"}],"curies":[{"name":"wp","href":"https:\/\/api.w.org\/{rel}","templated":true}]}}