{"id":7087,"date":"2025-08-27T10:55:52","date_gmt":"2025-08-27T08:55:52","guid":{"rendered":"https:\/\/bashkiamirdite.gov.al\/?page_id=7087"},"modified":"2025-09-12T10:30:46","modified_gmt":"2025-09-12T08:30:46","slug":"shpallje-per-vend-te-lire-pune-per-drejtor-ne-drejtorine-e-burimeve-njerezore-juridike-dhe-marredhenieve-me-qytetaret-bashkia-mirdite","status":"publish","type":"page","link":"https:\/\/bashkiamirdite.gov.al\/?page_id=7087","title":{"rendered":"Shpallje p\u00ebr Vend t\u00eb Lir\u00eb Pune p\u00ebr \u201d Drejtor n\u00eb Drejtorin\u00eb e Burimeve Njer\u00ebzore Juridike dhe Marr\u00ebdh\u00ebnieve me Qytetar\u00ebt\u201c, Bashkia Mirdit\u00eb"},"content":{"rendered":"<ul>\n<li><strong><a href=\"https:\/\/bashkiamirdite.gov.al\/wp-content\/uploads\/2025\/09\/NJOFTIM-MBYLLJE-LEVIZJE-PARALELE-DREJTORIA-B.NJEREZORE-JURIDIK.pdf\">Njoftim p\u00ebr Mbylljen e Procedur\u00ebs s\u00eb L\u00ebvizjes Paralele p\u00ebr\u201d Drejtor n\u00eb Drejtorin\u00eb e Burimeve Njer\u00ebzore Juridike dhe Marr\u00ebdh\u00ebnieve me Qytetar\u00ebt\u201c, Bashkia Mirdit\u00eb<\/a><\/strong><\/li>\n<li><strong><a href=\"https:\/\/bashkiamirdite.gov.al\/wp-content\/uploads\/2025\/08\/1.Shpallje-Dejtor-Bashkia-Mirdite.pdf\">Shpallje p\u00ebr Vend t\u00eb Lir\u00eb Pune p\u00ebr \u201d Drejtor n\u00eb Drejtorin\u00eb e Burimeve Njer\u00ebzore Juridike dhe Marr\u00ebdh\u00ebnieve me Qytetar\u00ebt\u201c, Bashkia Mirdit\u00eb<\/a><\/strong><\/li>\n<\/ul>\n","protected":false},"excerpt":{"rendered":"<p>Njoftim p\u00ebr Mbylljen e Procedur\u00ebs s\u00eb L\u00ebvizjes Paralele p\u00ebr\u201d Drejtor n\u00eb Drejtorin\u00eb e Burimeve Njer\u00ebzore Juridike dhe Marr\u00ebdh\u00ebnieve me Qytetar\u00ebt\u201c, Bashkia Mirdit\u00eb Shpallje p\u00ebr Vend t\u00eb Lir\u00eb Pune p\u00ebr \u201d Drejtor n\u00eb Drejtorin\u00eb e Burimeve Njer\u00ebzore Juridike dhe Marr\u00ebdh\u00ebnieve me Qytetar\u00ebt\u201c, Bashkia Mirdit\u00eb<\/p>\n","protected":false},"author":2,"featured_media":0,"parent":0,"menu_order":0,"comment_status":"closed","ping_status":"closed","template":"","meta":[],"_links":{"self":[{"href":"https:\/\/bashkiamirdite.gov.al\/index.php?rest_route=\/wp\/v2\/pages\/7087"}],"collection":[{"href":"https:\/\/bashkiamirdite.gov.al\/index.php?rest_route=\/wp\/v2\/pages"}],"about":[{"href":"https:\/\/bashkiamirdite.gov.al\/index.php?rest_route=\/wp\/v2\/types\/page"}],"author":[{"embeddable":true,"href":"https:\/\/bashkiamirdite.gov.al\/index.php?rest_route=\/wp\/v2\/users\/2"}],"replies":[{"embeddable":true,"href":"https:\/\/bashkiamirdite.gov.al\/index.php?rest_route=%2Fwp%2Fv2%2Fcomments&post=7087"}],"version-history":[{"count":3,"href":"https:\/\/bashkiamirdite.gov.al\/index.php?rest_route=\/wp\/v2\/pages\/7087\/revisions"}],"predecessor-version":[{"id":7214,"href":"https:\/\/bashkiamirdite.gov.al\/index.php?rest_route=\/wp\/v2\/pages\/7087\/revisions\/7214"}],"wp:attachment":[{"href":"https:\/\/bashkiamirdite.gov.al\/index.php?rest_route=%2Fwp%2Fv2%2Fmedia&parent=7087"}],"curies":[{"name":"wp","href":"https:\/\/api.w.org\/{rel}","templated":true}]}}