{"id":7091,"date":"2025-08-29T15:06:09","date_gmt":"2025-08-29T13:06:09","guid":{"rendered":"https:\/\/bashkiamirdite.gov.al\/?page_id=7091"},"modified":"2025-09-12T10:37:48","modified_gmt":"2025-09-12T08:37:48","slug":"shpallje-per-vend-te-lire-pune-per-drejtor-ne-drejtorine-e-burimeve-njerezore-juridike-dhe-marredhenieve-me-qytetaret-bashkia-mirdite-2","status":"publish","type":"page","link":"https:\/\/bashkiamirdite.gov.al\/?page_id=7091","title":{"rendered":"Shpallje p\u00ebr Vend t\u00eb Lir\u00eb Pune p\u00ebr \u201d P\u00ebrgjegj\u00ebs Sektori i Arkiv-Protokollit\u201c, Bashkia Mirdit\u00eb\ufeff"},"content":{"rendered":"<ul>\n<li><strong><a href=\"https:\/\/bashkiamirdite.gov.al\/wp-content\/uploads\/2025\/09\/Njoftim-i-mbylljes-se-levizjes-paralele-Pergjegjes-Sektori-i-Arkiv-Protokollit.pdf\">Njoftim i Mbylljes s\u00eb Procedur\u00ebs s\u00eb L\u00ebvizjes Paralele p\u00ebr &#8220;P\u00ebrgjegj\u00ebs Sektori i Arkiv-Protokollit&#8221;, Bashkia Mirdit\u00eb<\/a><\/strong><\/li>\n<li><strong><a href=\"https:\/\/bashkiamirdite.gov.al\/wp-content\/uploads\/2025\/08\/01.-Shpallja-Arkiv-Protokoll.pdf\">Shpallje p\u00ebr Vend t\u00eb Lir\u00eb Pune p\u00ebr &#8220;P\u00ebrgjegj\u00ebs Sektori i Arkiv-Protokollit&#8221;, Bashkia Mirdit\u00eb<\/a><\/strong><\/li>\n<\/ul>\n","protected":false},"excerpt":{"rendered":"<p>Njoftim i Mbylljes s\u00eb Procedur\u00ebs s\u00eb L\u00ebvizjes Paralele p\u00ebr &#8220;P\u00ebrgjegj\u00ebs Sektori i Arkiv-Protokollit&#8221;, Bashkia Mirdit\u00eb Shpallje p\u00ebr Vend t\u00eb Lir\u00eb Pune p\u00ebr &#8220;P\u00ebrgjegj\u00ebs Sektori i Arkiv-Protokollit&#8221;, Bashkia Mirdit\u00eb<\/p>\n","protected":false},"author":2,"featured_media":0,"parent":0,"menu_order":0,"comment_status":"closed","ping_status":"closed","template":"","meta":[],"_links":{"self":[{"href":"https:\/\/bashkiamirdite.gov.al\/index.php?rest_route=\/wp\/v2\/pages\/7091"}],"collection":[{"href":"https:\/\/bashkiamirdite.gov.al\/index.php?rest_route=\/wp\/v2\/pages"}],"about":[{"href":"https:\/\/bashkiamirdite.gov.al\/index.php?rest_route=\/wp\/v2\/types\/page"}],"author":[{"embeddable":true,"href":"https:\/\/bashkiamirdite.gov.al\/index.php?rest_route=\/wp\/v2\/users\/2"}],"replies":[{"embeddable":true,"href":"https:\/\/bashkiamirdite.gov.al\/index.php?rest_route=%2Fwp%2Fv2%2Fcomments&post=7091"}],"version-history":[{"count":4,"href":"https:\/\/bashkiamirdite.gov.al\/index.php?rest_route=\/wp\/v2\/pages\/7091\/revisions"}],"predecessor-version":[{"id":7216,"href":"https:\/\/bashkiamirdite.gov.al\/index.php?rest_route=\/wp\/v2\/pages\/7091\/revisions\/7216"}],"wp:attachment":[{"href":"https:\/\/bashkiamirdite.gov.al\/index.php?rest_route=%2Fwp%2Fv2%2Fmedia&parent=7091"}],"curies":[{"name":"wp","href":"https:\/\/api.w.org\/{rel}","templated":true}]}}