{"id":7100,"date":"2025-08-29T15:19:35","date_gmt":"2025-08-29T13:19:35","guid":{"rendered":"https:\/\/bashkiamirdite.gov.al\/?page_id=7100"},"modified":"2025-09-12T10:42:44","modified_gmt":"2025-09-12T08:42:44","slug":"shpallje-per-vend-te-lire-pune-per-zhvillimi-i-territorit-dhe-aplikimeve-te-lejeve-bashkia-mirdite","status":"publish","type":"page","link":"https:\/\/bashkiamirdite.gov.al\/?page_id=7100","title":{"rendered":"Shpallje p\u00ebr Vend t\u00eb Lir\u00eb Pune p\u00ebr \u201dP\u00ebrgjegj\u00ebs s\u00eb Zhvillimit t\u00eb Territorit dhe Aplikimit t\u00eb Lejeve\u201c, Bashkia Mirdit\u00eb"},"content":{"rendered":"<ul>\n<li><strong><a href=\"https:\/\/bashkiamirdite.gov.al\/wp-content\/uploads\/2025\/09\/Njoftim-i-mbylljes-se-levizjes-paralele-Pergjegjes-Sektori-i-Zhvillimit-te-Territorit-dhe-Aplikimeve-te-Lejeve.pdf\">Njoftim i Mbylljes s\u00eb Procedur\u00ebs s\u00eb L\u00ebvizjes Paralele p\u00ebr &#8220;P\u00ebrgjegj\u00ebs Sektori i Zhvillimit t\u00eb Territorit dhe Aplikimeve t\u00eb Lejeve&#8221;, Bashkia Mirdit\u00eb<\/a><\/strong><\/li>\n<li><strong><a href=\"https:\/\/bashkiamirdite.gov.al\/wp-content\/uploads\/2025\/08\/01.-Shpallja-Zhvillimi-i-Teritorit-dhe-Aplikimeve-te-Lejeve.pdf\">Shpallje p\u00ebr Vend t\u00eb Lir\u00eb Pune p\u00ebr \u201dP\u00ebrgjegj\u00ebs s\u00eb Zhvillimit t\u00eb Territorit dhe Aplikimit t\u00eb Lejeve\u201c, Bashkia Mirdit\u00eb<\/a><\/strong><\/li>\n<\/ul>\n","protected":false},"excerpt":{"rendered":"<p>Njoftim i Mbylljes s\u00eb Procedur\u00ebs s\u00eb L\u00ebvizjes Paralele p\u00ebr &#8220;P\u00ebrgjegj\u00ebs Sektori i Zhvillimit t\u00eb Territorit dhe Aplikimeve t\u00eb Lejeve&#8221;, Bashkia Mirdit\u00eb Shpallje p\u00ebr Vend t\u00eb Lir\u00eb Pune p\u00ebr \u201dP\u00ebrgjegj\u00ebs s\u00eb Zhvillimit t\u00eb Territorit dhe Aplikimit t\u00eb Lejeve\u201c, Bashkia Mirdit\u00eb<\/p>\n","protected":false},"author":2,"featured_media":0,"parent":0,"menu_order":0,"comment_status":"closed","ping_status":"closed","template":"","meta":[],"_links":{"self":[{"href":"https:\/\/bashkiamirdite.gov.al\/index.php?rest_route=\/wp\/v2\/pages\/7100"}],"collection":[{"href":"https:\/\/bashkiamirdite.gov.al\/index.php?rest_route=\/wp\/v2\/pages"}],"about":[{"href":"https:\/\/bashkiamirdite.gov.al\/index.php?rest_route=\/wp\/v2\/types\/page"}],"author":[{"embeddable":true,"href":"https:\/\/bashkiamirdite.gov.al\/index.php?rest_route=\/wp\/v2\/users\/2"}],"replies":[{"embeddable":true,"href":"https:\/\/bashkiamirdite.gov.al\/index.php?rest_route=%2Fwp%2Fv2%2Fcomments&post=7100"}],"version-history":[{"count":3,"href":"https:\/\/bashkiamirdite.gov.al\/index.php?rest_route=\/wp\/v2\/pages\/7100\/revisions"}],"predecessor-version":[{"id":7221,"href":"https:\/\/bashkiamirdite.gov.al\/index.php?rest_route=\/wp\/v2\/pages\/7100\/revisions\/7221"}],"wp:attachment":[{"href":"https:\/\/bashkiamirdite.gov.al\/index.php?rest_route=%2Fwp%2Fv2%2Fmedia&parent=7100"}],"curies":[{"name":"wp","href":"https:\/\/api.w.org\/{rel}","templated":true}]}}