{"id":7119,"date":"2025-08-29T15:44:17","date_gmt":"2025-08-29T13:44:17","guid":{"rendered":"https:\/\/bashkiamirdite.gov.al\/?page_id=7119"},"modified":"2025-08-29T15:44:17","modified_gmt":"2025-08-29T13:44:17","slug":"shpallje-per-vend-te-lire-pune-per-specialist-bashkia-mirdite","status":"publish","type":"page","link":"https:\/\/bashkiamirdite.gov.al\/?page_id=7119","title":{"rendered":"Shpallje p\u00ebr Vend t\u00eb Lir\u00eb Pune p\u00ebr \u201dSpecialist\u201c, Bashkia Mirdit\u00eb"},"content":{"rendered":"<ul>\n<li><strong><a href=\"https:\/\/bashkiamirdite.gov.al\/wp-content\/uploads\/2025\/08\/01.-Shpallja-Specialist....pdf\">Shpallje p\u00ebr Vend t\u00eb Lir\u00eb Pune p\u00ebr \u201dSpecialist\u201c, Bashkia Mirdit\u00eb<\/a><\/strong><\/li>\n<\/ul>\n","protected":false},"excerpt":{"rendered":"<p>Shpallje p\u00ebr Vend t\u00eb Lir\u00eb Pune p\u00ebr \u201dSpecialist\u201c, Bashkia Mirdit\u00eb<\/p>\n","protected":false},"author":2,"featured_media":0,"parent":0,"menu_order":0,"comment_status":"closed","ping_status":"closed","template":"","meta":[],"_links":{"self":[{"href":"https:\/\/bashkiamirdite.gov.al\/index.php?rest_route=\/wp\/v2\/pages\/7119"}],"collection":[{"href":"https:\/\/bashkiamirdite.gov.al\/index.php?rest_route=\/wp\/v2\/pages"}],"about":[{"href":"https:\/\/bashkiamirdite.gov.al\/index.php?rest_route=\/wp\/v2\/types\/page"}],"author":[{"embeddable":true,"href":"https:\/\/bashkiamirdite.gov.al\/index.php?rest_route=\/wp\/v2\/users\/2"}],"replies":[{"embeddable":true,"href":"https:\/\/bashkiamirdite.gov.al\/index.php?rest_route=%2Fwp%2Fv2%2Fcomments&post=7119"}],"version-history":[{"count":1,"href":"https:\/\/bashkiamirdite.gov.al\/index.php?rest_route=\/wp\/v2\/pages\/7119\/revisions"}],"predecessor-version":[{"id":7122,"href":"https:\/\/bashkiamirdite.gov.al\/index.php?rest_route=\/wp\/v2\/pages\/7119\/revisions\/7122"}],"wp:attachment":[{"href":"https:\/\/bashkiamirdite.gov.al\/index.php?rest_route=%2Fwp%2Fv2%2Fmedia&parent=7119"}],"curies":[{"name":"wp","href":"https:\/\/api.w.org\/{rel}","templated":true}]}}