{"id":7246,"date":"2025-09-16T13:57:29","date_gmt":"2025-09-16T11:57:29","guid":{"rendered":"https:\/\/bashkiamirdite.gov.al\/?page_id=7246"},"modified":"2026-02-02T11:04:11","modified_gmt":"2026-02-02T10:04:11","slug":"plane-rregullore-bashkia-mirdite","status":"publish","type":"page","link":"https:\/\/bashkiamirdite.gov.al\/?page_id=7246","title":{"rendered":"Plane Vendore dhe Rregullore, Bashkia Mirdit\u00eb"},"content":{"rendered":"<ul>\n<li><strong><a href=\"https:\/\/bashkiamirdite.gov.al\/wp-content\/uploads\/2026\/02\/BASHKIA-MIRDITE-FINAL-DIGITAL.pdf\">Plani Vendor i Veprimit p\u00ebr Eficienc\u00ebn e Energjis\u00eb, Bashkia Mirdit\u00eb <\/a><\/strong><\/li>\n<li><strong><a href=\"https:\/\/bashkiamirdite.gov.al\/wp-content\/uploads\/2025\/09\/PLANI-SOCIAL-BASHKIA-MIRDITE.pdf\">Plani Social Vendor, Bashkia Mirdit\u00eb<\/a><\/strong><\/li>\n<li><strong><a href=\"https:\/\/bashkiamirdite.gov.al\/wp-content\/uploads\/2025\/09\/Plani-Lokal-i-Menaxhimit-te-Integruar-te-Mbetjeve-te-Ngurta.pdf\">Plani Vendor i Menaxhimit t\u00eb Integruar t\u00eb Mbetjeve t\u00eb Ngurta, Bashkia Mirdit\u00eb<\/a><\/strong><\/li>\n<li id=\"\"><strong><a href=\"https:\/\/bashkiamirdite.gov.al\/wp-content\/uploads\/2025\/09\/Plani-Menaxhimit-EP_Ulez.pdf\">Plani Vendor i Mbar\u00ebshtrimit t\u00eb Pyjeve dhe Kullotave, Bashkia Mirdit\u00eb<\/a><\/strong><\/li>\n<\/ul>\n","protected":false},"excerpt":{"rendered":"<p>Plani Vendor i Veprimit p\u00ebr Eficienc\u00ebn e Energjis\u00eb, Bashkia Mirdit\u00eb Plani Social Vendor, Bashkia Mirdit\u00eb Plani Vendor i Menaxhimit t\u00eb Integruar t\u00eb Mbetjeve t\u00eb Ngurta, Bashkia Mirdit\u00eb Plani Vendor i Mbar\u00ebshtrimit t\u00eb Pyjeve dhe Kullotave, Bashkia Mirdit\u00eb<\/p>\n","protected":false},"author":2,"featured_media":0,"parent":0,"menu_order":0,"comment_status":"closed","ping_status":"closed","template":"","meta":[],"_links":{"self":[{"href":"https:\/\/bashkiamirdite.gov.al\/index.php?rest_route=\/wp\/v2\/pages\/7246"}],"collection":[{"href":"https:\/\/bashkiamirdite.gov.al\/index.php?rest_route=\/wp\/v2\/pages"}],"about":[{"href":"https:\/\/bashkiamirdite.gov.al\/index.php?rest_route=\/wp\/v2\/types\/page"}],"author":[{"embeddable":true,"href":"https:\/\/bashkiamirdite.gov.al\/index.php?rest_route=\/wp\/v2\/users\/2"}],"replies":[{"embeddable":true,"href":"https:\/\/bashkiamirdite.gov.al\/index.php?rest_route=%2Fwp%2Fv2%2Fcomments&post=7246"}],"version-history":[{"count":4,"href":"https:\/\/bashkiamirdite.gov.al\/index.php?rest_route=\/wp\/v2\/pages\/7246\/revisions"}],"predecessor-version":[{"id":7912,"href":"https:\/\/bashkiamirdite.gov.al\/index.php?rest_route=\/wp\/v2\/pages\/7246\/revisions\/7912"}],"wp:attachment":[{"href":"https:\/\/bashkiamirdite.gov.al\/index.php?rest_route=%2Fwp%2Fv2%2Fmedia&parent=7246"}],"curies":[{"name":"wp","href":"https:\/\/api.w.org\/{rel}","templated":true}]}}