{"id":7500,"date":"2025-11-03T13:15:07","date_gmt":"2025-11-03T12:15:07","guid":{"rendered":"https:\/\/bashkiamirdite.gov.al\/?page_id=7500"},"modified":"2025-11-06T10:48:17","modified_gmt":"2025-11-06T09:48:17","slug":"shpallje-per-vend-te-lire-pune-per-monitorues-mbikeqyres-i-pompave-vaditese-bashkia-mirdite","status":"publish","type":"page","link":"https:\/\/bashkiamirdite.gov.al\/?page_id=7500","title":{"rendered":"Shpallje p\u00ebr Vend t\u00eb Lir\u00eb Pune p\u00ebr \u201dMonitorues\/Mbik\u00ebqyr\u00ebs i pompave vadit\u00ebse\u201c, Bashkia Mirdit\u00eb"},"content":{"rendered":"<ul>\n<li><strong><a href=\"https:\/\/bashkiamirdite.gov.al\/wp-content\/uploads\/2025\/11\/Njoftim-vend-i-lire-pune.pdf\">Shpallje p\u00ebr Vend t\u00eb Lir\u00eb Pune p\u00ebr \u201dMonitorues\/Mbik\u00ebqyr\u00ebs i pompave vadit\u00ebse\u201c, Bashkia Mirdit\u00eb<\/a><\/strong><\/li>\n<\/ul>\n","protected":false},"excerpt":{"rendered":"<p>Shpallje p\u00ebr Vend t\u00eb Lir\u00eb Pune p\u00ebr \u201dMonitorues\/Mbik\u00ebqyr\u00ebs i pompave vadit\u00ebse\u201c, Bashkia Mirdit\u00eb<\/p>\n","protected":false},"author":2,"featured_media":0,"parent":0,"menu_order":0,"comment_status":"closed","ping_status":"closed","template":"","meta":[],"_links":{"self":[{"href":"https:\/\/bashkiamirdite.gov.al\/index.php?rest_route=\/wp\/v2\/pages\/7500"}],"collection":[{"href":"https:\/\/bashkiamirdite.gov.al\/index.php?rest_route=\/wp\/v2\/pages"}],"about":[{"href":"https:\/\/bashkiamirdite.gov.al\/index.php?rest_route=\/wp\/v2\/types\/page"}],"author":[{"embeddable":true,"href":"https:\/\/bashkiamirdite.gov.al\/index.php?rest_route=\/wp\/v2\/users\/2"}],"replies":[{"embeddable":true,"href":"https:\/\/bashkiamirdite.gov.al\/index.php?rest_route=%2Fwp%2Fv2%2Fcomments&post=7500"}],"version-history":[{"count":1,"href":"https:\/\/bashkiamirdite.gov.al\/index.php?rest_route=\/wp\/v2\/pages\/7500\/revisions"}],"predecessor-version":[{"id":7502,"href":"https:\/\/bashkiamirdite.gov.al\/index.php?rest_route=\/wp\/v2\/pages\/7500\/revisions\/7502"}],"wp:attachment":[{"href":"https:\/\/bashkiamirdite.gov.al\/index.php?rest_route=%2Fwp%2Fv2%2Fmedia&parent=7500"}],"curies":[{"name":"wp","href":"https:\/\/api.w.org\/{rel}","templated":true}]}}