{"id":7748,"date":"2025-12-18T11:41:26","date_gmt":"2025-12-18T10:41:26","guid":{"rendered":"https:\/\/bashkiamirdite.gov.al\/?page_id=7748"},"modified":"2025-12-18T11:41:26","modified_gmt":"2025-12-18T10:41:26","slug":"vendime-te-keshillit-bashkiak-mirdite-nentor-2025","status":"publish","type":"page","link":"https:\/\/bashkiamirdite.gov.al\/?page_id=7748","title":{"rendered":"Vendime t\u00eb K\u00ebshillit Bashkiak Mirdit\u00eb, N\u00ebntor 2025"},"content":{"rendered":"<ul>\n<li><strong><a href=\"https:\/\/bashkiamirdite.gov.al\/wp-content\/uploads\/2025\/12\/Vendimi-Nr.-94-Date-26.11.2025.pdf\">Vendimi Nr. 94 Dat\u00eb 26.11.2025 <\/a><\/strong><a href=\"https:\/\/bashkiamirdite.gov.al\/wp-content\/uploads\/2025\/12\/Vendimi-Nr.-94-Date-26.11.2025.pdf\">(P\u00ebr &#8220;Miratimin E Paket\u00ebs Fiskale Vendore, P\u00ebr Vitin 2026&#8221; Bashkia Mirdit\u00eb)<\/a><\/li>\n<li><strong><a href=\"https:\/\/bashkiamirdite.gov.al\/wp-content\/uploads\/2025\/12\/Vendimi-Nr.-93-Date-26.11.2025.pdf\">Vendimi Nr. 93 Dat\u00eb 26.11.2025 <\/a><\/strong><a href=\"https:\/\/bashkiamirdite.gov.al\/wp-content\/uploads\/2025\/12\/Vendimi-Nr.-93-Date-26.11.2025.pdf\">(P\u00ebr &#8220;Miratimin E Planit T\u00eb Aktiviteteve, Buxhetit Dhe Konsultimeve T\u00eb K\u00ebshillit Bashkiak Mirdit\u00eb\u201d, P\u00ebr Vitin 2026.)<\/a><\/li>\n<li><strong><a href=\"https:\/\/bashkiamirdite.gov.al\/wp-content\/uploads\/2025\/12\/Vendimi-Nr.-92-Date-26.11.2025.pdf\">Vendimi Nr. 92 Dat\u00eb 26.11.2025 <\/a><\/strong><a href=\"https:\/\/bashkiamirdite.gov.al\/wp-content\/uploads\/2025\/12\/Vendimi-Nr.-92-Date-26.11.2025.pdf\">(P\u00ebr Miratimin, e P\u00ebrfitimit t\u00eb Ndihm\u00ebs Ekonomike, P\u00ebr Bllok \u2013 Ndihm\u00ebn, Me Fondin e Bashkis\u00eb, p\u00ebr Periudh\u00ebn 01-31 Tetor 2025\u2033. Bashkia Mirdit\u00eb)<\/a><\/li>\n<li><a href=\"https:\/\/bashkiamirdite.gov.al\/wp-content\/uploads\/2025\/12\/Vendimi-Nr.-91-Date-26.11.2025.pdf\"><strong>Vendimi Nr. 91 Dat\u00eb 26.11.2025<\/strong> (P\u00ebr Miratimin e P\u00ebrfitimit t\u00eb Ndihm\u00ebs Ekonomike nga Fondi i Kusht\u00ebzuar, P\u00ebr Bllok \u2013 Ndihm\u00ebn Deri n\u00eb 6%, p\u00ebr Periudh\u00ebn 01-31 Tetor 2025\u2033, Bashkia Mirdit\u00eb)<\/a><\/li>\n<\/ul>\n","protected":false},"excerpt":{"rendered":"<p>Vendimi Nr. 94 Dat\u00eb 26.11.2025 (P\u00ebr &#8220;Miratimin E Paket\u00ebs Fiskale Vendore, P\u00ebr Vitin 2026&#8221; Bashkia Mirdit\u00eb) Vendimi Nr. 93 Dat\u00eb 26.11.2025 (P\u00ebr &#8220;Miratimin E Planit T\u00eb Aktiviteteve, Buxhetit Dhe Konsultimeve T\u00eb K\u00ebshillit Bashkiak Mirdit\u00eb\u201d, P\u00ebr Vitin 2026.) Vendimi Nr. 92 Dat\u00eb 26.11.2025 (P\u00ebr Miratimin, e P\u00ebrfitimit t\u00eb Ndihm\u00ebs Ekonomike, P\u00ebr Bllok \u2013 Ndihm\u00ebn, Me Fondin [&hellip;]<\/p>\n","protected":false},"author":2,"featured_media":0,"parent":0,"menu_order":0,"comment_status":"closed","ping_status":"closed","template":"","meta":[],"_links":{"self":[{"href":"https:\/\/bashkiamirdite.gov.al\/index.php?rest_route=\/wp\/v2\/pages\/7748"}],"collection":[{"href":"https:\/\/bashkiamirdite.gov.al\/index.php?rest_route=\/wp\/v2\/pages"}],"about":[{"href":"https:\/\/bashkiamirdite.gov.al\/index.php?rest_route=\/wp\/v2\/types\/page"}],"author":[{"embeddable":true,"href":"https:\/\/bashkiamirdite.gov.al\/index.php?rest_route=\/wp\/v2\/users\/2"}],"replies":[{"embeddable":true,"href":"https:\/\/bashkiamirdite.gov.al\/index.php?rest_route=%2Fwp%2Fv2%2Fcomments&post=7748"}],"version-history":[{"count":1,"href":"https:\/\/bashkiamirdite.gov.al\/index.php?rest_route=\/wp\/v2\/pages\/7748\/revisions"}],"predecessor-version":[{"id":7753,"href":"https:\/\/bashkiamirdite.gov.al\/index.php?rest_route=\/wp\/v2\/pages\/7748\/revisions\/7753"}],"wp:attachment":[{"href":"https:\/\/bashkiamirdite.gov.al\/index.php?rest_route=%2Fwp%2Fv2%2Fmedia&parent=7748"}],"curies":[{"name":"wp","href":"https:\/\/api.w.org\/{rel}","templated":true}]}}