{"id":7813,"date":"2026-01-13T10:26:37","date_gmt":"2026-01-13T09:26:37","guid":{"rendered":"https:\/\/bashkiamirdite.gov.al\/?page_id=7813"},"modified":"2026-01-13T10:27:19","modified_gmt":"2026-01-13T09:27:19","slug":"njoftime-per-vende-te-lira-pune-viti-2025","status":"publish","type":"page","link":"https:\/\/bashkiamirdite.gov.al\/?page_id=7813","title":{"rendered":"Njoftime p\u00ebr Vende t\u00eb Lira Pune, Viti 2025"},"content":{"rendered":"<ul>\n<li><strong><a href=\"https:\/\/bashkiamirdite.gov.al\/?page_id=7500\">Shpallje p\u00ebr Vend t\u00eb Lir\u00eb Pune p\u00ebr \u201dMonitorues\/Mbik\u00ebqyr\u00ebs i pompave vadit\u00ebse\u201c, Bashkia Mirdit\u00eb<\/a><\/strong><\/li>\n<li><strong><a href=\"https:\/\/bashkiamirdite.gov.al\/?page_id=7119\">Shpallje p\u00ebr Vend t\u00eb Lir\u00eb Pune p\u00ebr \u201dSpecialist\u201c, Bashkia Mirdit\u00eb<\/a><\/strong><\/li>\n<li><strong><a href=\"https:\/\/bashkiamirdite.gov.al\/?page_id=7116\">Shpallje p\u00ebr Vend t\u00eb Lir\u00eb Pune p\u00ebr \u201dSpecialist BE dhe Specialist per Projekte\u201c, Bashkia Mirdit\u00eb<\/a><\/strong><\/li>\n<li><strong><a href=\"https:\/\/bashkiamirdite.gov.al\/?page_id=7112\">Shpallje p\u00ebr Vend t\u00eb Lir\u00eb Pune p\u00ebr \u201dSpecialist Arkitekt\/Inxhinier\u201c, Bashkia Mirdit\u00eb<\/a><\/strong><\/li>\n<li><strong><a href=\"https:\/\/bashkiamirdite.gov.al\/?page_id=7104\">Shpallje p\u00ebr Vend t\u00eb Lir\u00eb Pune p\u00ebr \u201dSpecialist \u201d- pran\u00eb Auditit t\u00eb Brendsh\u00ebm\u201c, Bashkia Mirdit\u00eb<\/a><\/strong><\/li>\n<li><strong><a href=\"https:\/\/bashkiamirdite.gov.al\/?page_id=7100\">Shpallje p\u00ebr Vend t\u00eb Lir\u00eb Pune p\u00ebr \u201dP\u00ebrgjegj\u00ebs s\u00eb Zhvillimit t\u00eb Territorit dhe Aplikimit t\u00eb Lejeve\u201c, Bashkia Mirdit\u00eb<\/a><\/strong><\/li>\n<li><strong><a href=\"https:\/\/bashkiamirdite.gov.al\/?page_id=7096\">Shpallje p\u00ebr Vend t\u00eb Lir\u00eb Pune p\u00ebr \u201dP\u00ebrgjegj\u00ebs Sektori-Juridik dhe Prokurime\u201c, Bashkia Mirdit\u00eb<\/a><\/strong><\/li>\n<li><strong><a href=\"https:\/\/bashkiamirdite.gov.al\/?page_id=7091\">Shpallje p\u00ebr Vend t\u00eb Lir\u00eb Pune p\u00ebr \u201d P\u00ebrgjegj\u00ebs Sektori i Arkiv-Protokollit\u201c, Bashkia Mirdit\u00eb<\/a><\/strong><\/li>\n<li><strong><a href=\"https:\/\/bashkiamirdite.gov.al\/?page_id=7087\">Shpallje p\u00ebr Vend t\u00eb Lir\u00eb Pune p\u00ebr \u201d Drejtor n\u00eb Drejtorin\u00eb e Burimeve Njer\u00ebzore Juridike dhe Marr\u00ebdh\u00ebnieve me Qytetar\u00ebt\u201c, Bashkia Mirdit\u00eb<\/a><\/strong><\/li>\n<li><strong><a href=\"https:\/\/bashkiamirdite.gov.al\/?page_id=7082\">Shpallje p\u00ebr Vend t\u00eb Lir\u00eb Pune p\u00ebr \u201d Drejtor n\u00eb Drejtorin\u00eb e Zhvillimit Ekonomik dhe Tatim Taksave \u201c, Bashkia Mirdit\u00eb<\/a><\/strong><\/li>\n<li><strong><a href=\"https:\/\/bashkiamirdite.gov.al\/wp-content\/uploads\/2025\/07\/Vend-i-lire-pune-Punonjes-sezonal.pdf\">Shpallje p\u00ebr Vend t\u00eb Lir\u00eb Pune p\u00ebr \u201d Punonj\u00ebs sezonal\u201d, Bashkia Mirdit\u00eb<\/a><\/strong><\/li>\n<li><strong><a href=\"https:\/\/bashkiamirdite.gov.al\/?page_id=7079\">Shpallje p\u00ebr Vend t\u00eb Lir\u00eb Pune p\u00ebr \u201d Drejtor n\u00eb Drejtorin\u00eb e Planifikimit dhe Zhvillimit t\u00eb Territorit\u201d, Bashkia Mirdit\u00eb<\/a><\/strong><\/li>\n<li><strong><a href=\"https:\/\/bashkiamirdite.gov.al\/?page_id=7037\">Shpallje p\u00ebr Vend t\u00eb Lir\u00eb Pune p\u00ebr \u201d Sekretar i P\u00ebrgjithsh\u00ebm\u201d, Bashkia Mirdit\u00eb<\/a><\/strong><\/li>\n<\/ul>\n","protected":false},"excerpt":{"rendered":"<p>Shpallje p\u00ebr Vend t\u00eb Lir\u00eb Pune p\u00ebr \u201dMonitorues\/Mbik\u00ebqyr\u00ebs i pompave vadit\u00ebse\u201c, Bashkia Mirdit\u00eb Shpallje p\u00ebr Vend t\u00eb Lir\u00eb Pune p\u00ebr \u201dSpecialist\u201c, Bashkia Mirdit\u00eb Shpallje p\u00ebr Vend t\u00eb Lir\u00eb Pune p\u00ebr \u201dSpecialist BE dhe Specialist per Projekte\u201c, Bashkia Mirdit\u00eb Shpallje p\u00ebr Vend t\u00eb Lir\u00eb Pune p\u00ebr \u201dSpecialist Arkitekt\/Inxhinier\u201c, Bashkia Mirdit\u00eb Shpallje p\u00ebr Vend t\u00eb Lir\u00eb Pune [&hellip;]<\/p>\n","protected":false},"author":2,"featured_media":0,"parent":0,"menu_order":0,"comment_status":"closed","ping_status":"closed","template":"","meta":[],"_links":{"self":[{"href":"https:\/\/bashkiamirdite.gov.al\/index.php?rest_route=\/wp\/v2\/pages\/7813"}],"collection":[{"href":"https:\/\/bashkiamirdite.gov.al\/index.php?rest_route=\/wp\/v2\/pages"}],"about":[{"href":"https:\/\/bashkiamirdite.gov.al\/index.php?rest_route=\/wp\/v2\/types\/page"}],"author":[{"embeddable":true,"href":"https:\/\/bashkiamirdite.gov.al\/index.php?rest_route=\/wp\/v2\/users\/2"}],"replies":[{"embeddable":true,"href":"https:\/\/bashkiamirdite.gov.al\/index.php?rest_route=%2Fwp%2Fv2%2Fcomments&post=7813"}],"version-history":[{"count":1,"href":"https:\/\/bashkiamirdite.gov.al\/index.php?rest_route=\/wp\/v2\/pages\/7813\/revisions"}],"predecessor-version":[{"id":7814,"href":"https:\/\/bashkiamirdite.gov.al\/index.php?rest_route=\/wp\/v2\/pages\/7813\/revisions\/7814"}],"wp:attachment":[{"href":"https:\/\/bashkiamirdite.gov.al\/index.php?rest_route=%2Fwp%2Fv2%2Fmedia&parent=7813"}],"curies":[{"name":"wp","href":"https:\/\/api.w.org\/{rel}","templated":true}]}}