{"id":7817,"date":"2026-01-13T10:32:28","date_gmt":"2026-01-13T09:32:28","guid":{"rendered":"https:\/\/bashkiamirdite.gov.al\/?page_id=7817"},"modified":"2026-01-14T08:49:39","modified_gmt":"2026-01-14T07:49:39","slug":"njoftime-per-vende-te-lira-pune-viti-2026-perditesim","status":"publish","type":"page","link":"https:\/\/bashkiamirdite.gov.al\/?page_id=7817","title":{"rendered":"Njoftime p\u00ebr Vende t\u00eb Lira Pune, Viti 2026 (P\u00ebrdit\u00ebsim)"},"content":{"rendered":"<ul>\n<li><strong><a href=\"https:\/\/bashkiamirdite.gov.al\/wp-content\/uploads\/2026\/01\/Teknik-Pyjesh-\u2013Agjencia-e-Bujqesise-Ujitjes-dhe-Administrimit-te-Pyjeve-Bashkia-Mirdite-.pdf\">Shpallje p\u00ebr Vend t\u00eb Lir\u00eb Pune n\u00eb Pozicionin si \u201cTeknik Pyjesh\u201d \u2013Agjencia e Bujq\u00ebsis\u00eb, Ujitjes dhe Administrimit t\u00eb Pyjeve, Bashkia Mirdit\u00eb&#8221;<\/a><\/strong><\/li>\n<li><strong><a href=\"https:\/\/bashkiamirdite.gov.al\/wp-content\/uploads\/2026\/01\/Shpallje-Vend-i-Lire-Pune-MZSH.pdf\">SHPALLJE VENDE T\u00cb LIRA PUNE SEKTORI MZSH (SH\u00cbRBIMI I MBROJTJES NGA ZJARRI DHE SHP\u00cbTIMI BASHKIA MIRDIT\u00cb)<\/a><\/strong><\/li>\n<\/ul>\n","protected":false},"excerpt":{"rendered":"<p>Shpallje p\u00ebr Vend t\u00eb Lir\u00eb Pune n\u00eb Pozicionin si \u201cTeknik Pyjesh\u201d \u2013Agjencia e Bujq\u00ebsis\u00eb, Ujitjes dhe Administrimit t\u00eb Pyjeve, Bashkia Mirdit\u00eb&#8221; SHPALLJE VENDE T\u00cb LIRA PUNE SEKTORI MZSH (SH\u00cbRBIMI I MBROJTJES NGA ZJARRI DHE SHP\u00cbTIMI BASHKIA MIRDIT\u00cb)<\/p>\n","protected":false},"author":2,"featured_media":0,"parent":0,"menu_order":0,"comment_status":"closed","ping_status":"closed","template":"","meta":[],"_links":{"self":[{"href":"https:\/\/bashkiamirdite.gov.al\/index.php?rest_route=\/wp\/v2\/pages\/7817"}],"collection":[{"href":"https:\/\/bashkiamirdite.gov.al\/index.php?rest_route=\/wp\/v2\/pages"}],"about":[{"href":"https:\/\/bashkiamirdite.gov.al\/index.php?rest_route=\/wp\/v2\/types\/page"}],"author":[{"embeddable":true,"href":"https:\/\/bashkiamirdite.gov.al\/index.php?rest_route=\/wp\/v2\/users\/2"}],"replies":[{"embeddable":true,"href":"https:\/\/bashkiamirdite.gov.al\/index.php?rest_route=%2Fwp%2Fv2%2Fcomments&post=7817"}],"version-history":[{"count":2,"href":"https:\/\/bashkiamirdite.gov.al\/index.php?rest_route=\/wp\/v2\/pages\/7817\/revisions"}],"predecessor-version":[{"id":7854,"href":"https:\/\/bashkiamirdite.gov.al\/index.php?rest_route=\/wp\/v2\/pages\/7817\/revisions\/7854"}],"wp:attachment":[{"href":"https:\/\/bashkiamirdite.gov.al\/index.php?rest_route=%2Fwp%2Fv2%2Fmedia&parent=7817"}],"curies":[{"name":"wp","href":"https:\/\/api.w.org\/{rel}","templated":true}]}}