{"id":7904,"date":"2026-02-02T10:07:17","date_gmt":"2026-02-02T09:07:17","guid":{"rendered":"https:\/\/bashkiamirdite.gov.al\/?page_id=7904"},"modified":"2026-04-17T21:32:17","modified_gmt":"2026-04-17T19:32:17","slug":"raporte-te-komisioneve-te-keshillit-bashkiak-mirdite-viti-2026-perditesim","status":"publish","type":"page","link":"https:\/\/bashkiamirdite.gov.al\/?page_id=7904","title":{"rendered":"Raporte T\u00eb Komisioneve T\u00eb K\u00ebshillit Bashkiak Mirdit\u00eb, Viti 2026"},"content":{"rendered":"<ul>\n<li><strong><a href=\"https:\/\/bashkiamirdite.gov.al\/wp-content\/uploads\/2026\/04\/Raport-Kom.Finances-18-Mars-2026.pdf\">Raport, Komisioni i Ekonomis\u00eb dhe Financ\u00ebs \u2013 Mars 2026<\/a><\/strong><\/li>\n<li><strong><a href=\"https:\/\/bashkiamirdite.gov.al\/wp-content\/uploads\/2026\/02\/Raport-Kom.-Ekon.-Finance-Janar-2026.pdf\">Raport, Komisioni i Ekonomis\u00eb dhe Financ\u00ebs \u2013 Janar 2026<\/a><\/strong><\/li>\n<\/ul>\n","protected":false},"excerpt":{"rendered":"<p>Raport, Komisioni i Ekonomis\u00eb dhe Financ\u00ebs \u2013 Mars 2026 Raport, Komisioni i Ekonomis\u00eb dhe Financ\u00ebs \u2013 Janar 2026<\/p>\n","protected":false},"author":2,"featured_media":0,"parent":0,"menu_order":0,"comment_status":"closed","ping_status":"closed","template":"","meta":[],"_links":{"self":[{"href":"https:\/\/bashkiamirdite.gov.al\/index.php?rest_route=\/wp\/v2\/pages\/7904"}],"collection":[{"href":"https:\/\/bashkiamirdite.gov.al\/index.php?rest_route=\/wp\/v2\/pages"}],"about":[{"href":"https:\/\/bashkiamirdite.gov.al\/index.php?rest_route=\/wp\/v2\/types\/page"}],"author":[{"embeddable":true,"href":"https:\/\/bashkiamirdite.gov.al\/index.php?rest_route=\/wp\/v2\/users\/2"}],"replies":[{"embeddable":true,"href":"https:\/\/bashkiamirdite.gov.al\/index.php?rest_route=%2Fwp%2Fv2%2Fcomments&post=7904"}],"version-history":[{"count":4,"href":"https:\/\/bashkiamirdite.gov.al\/index.php?rest_route=\/wp\/v2\/pages\/7904\/revisions"}],"predecessor-version":[{"id":8091,"href":"https:\/\/bashkiamirdite.gov.al\/index.php?rest_route=\/wp\/v2\/pages\/7904\/revisions\/8091"}],"wp:attachment":[{"href":"https:\/\/bashkiamirdite.gov.al\/index.php?rest_route=%2Fwp%2Fv2%2Fmedia&parent=7904"}],"curies":[{"name":"wp","href":"https:\/\/api.w.org\/{rel}","templated":true}]}}